{"id":707,"date":"2024-01-29T11:52:29","date_gmt":"2024-01-29T11:52:29","guid":{"rendered":"https:\/\/www.kalvottajat.fi\/suntek\/?page_id=707"},"modified":"2024-02-02T11:06:19","modified_gmt":"2024-02-02T11:06:19","slug":"nakosuojakalvot","status":"publish","type":"page","link":"https:\/\/www.kalvottajat.fi\/suntek\/kiinteistokalvot\/nakosuojakalvot\/","title":{"rendered":"N\u00e4k\u00f6suojakalvot"},"content":{"rendered":"\t\t<div data-elementor-type=\"wp-page\" data-elementor-id=\"707\" class=\"elementor elementor-707\" data-elementor-post-type=\"page\">\n\t\t\t\t<div class=\"elementor-element elementor-element-27fe4b0 e-flex e-con-boxed e-con e-parent\" data-id=\"27fe4b0\" data-element_type=\"container\" data-settings=\"{&quot;background_background&quot;:&quot;classic&quot;}\">\n\t\t\t\t\t<div class=\"e-con-inner\">\n\t\t<div class=\"elementor-element elementor-element-67556b5 e-con-full e-flex e-con e-child\" data-id=\"67556b5\" data-element_type=\"container\" data-settings=\"{&quot;background_background&quot;:&quot;classic&quot;}\">\n\t\t\t\t<div class=\"elementor-element elementor-element-43b6f08 elementor-widget elementor-widget-heading\" data-id=\"43b6f08\" data-element_type=\"widget\" data-widget_type=\"heading.default\">\n\t\t\t\t<div class=\"elementor-widget-container\">\n\t\t\t\t\t<h1 class=\"elementor-heading-title elementor-size-default\">N\u00e4k\u00f6suojakalvot<\/h1>\t\t\t\t<\/div>\n\t\t\t\t<\/div>\n\t\t\t\t<\/div>\n\t\t<div class=\"elementor-element elementor-element-0503e90 e-con-full e-flex e-con e-child\" data-id=\"0503e90\" data-element_type=\"container\">\n\t\t\t\t<\/div>\n\t\t\t\t\t<\/div>\n\t\t\t\t<\/div>\n\t\t<div class=\"elementor-element elementor-element-0bcd334 e-flex e-con-boxed e-con e-parent\" data-id=\"0bcd334\" data-element_type=\"container\">\n\t\t\t\t\t<div class=\"e-con-inner\">\n\t\t<div class=\"elementor-element elementor-element-3ad426d e-con-full e-flex e-con e-child\" data-id=\"3ad426d\" data-element_type=\"container\">\n\t\t\t\t<div class=\"elementor-element elementor-element-cc76635 elementor-widget elementor-widget-text-editor\" data-id=\"cc76635\" data-element_type=\"widget\" data-widget_type=\"text-editor.default\">\n\t\t\t\t<div class=\"elementor-widget-container\">\n\t\t\t\t\t\t\t\t\t<h5><strong>Maitolasikalvo ja huurrekalvo \u2013 sama tuote, eri nimi<\/strong><\/h5><p style=\"font-weight: 400;\">SunTek:n huurrekalvo tai toisin sanottuna maitolasikalvo on ainutlaatuinen lis\u00e4 asuin- ja liikekiinteist\u00f6jen ikkunoihin, tarjoten tyylik\u00e4st\u00e4 ja k\u00e4yt\u00e4nn\u00f6llist\u00e4 ulkoasua. Huurrekalvo on suunniteltu t\u00e4ysin yksityisyytt\u00e4 tarjoavaksi valkoiseksi mattapinnaksi, joka luo tilaan pehme\u00e4n ja hienostuneen ilmeen.<\/p><h5><strong>Tyylik\u00e4st\u00e4 n\u00e4k\u00f6suojaa<\/strong><\/h5><p style=\"font-weight: 400;\">SunTek maitolasikalvon avulla voit nauttia t\u00e4ydellisest\u00e4 yksityisyydest\u00e4 tiloissasi samalla s\u00e4ilytt\u00e4en luonnonvalon l\u00e4p\u00e4isyn. Kalvo tarjoaa esteettisen ratkaisun, joka pehment\u00e4\u00e4 valoa ja luo miellytt\u00e4v\u00e4n ymp\u00e4rist\u00f6n kotiisi tai toimistoosi. Se on ihanteellinen valinta niille, jotka haluavat s\u00e4ilytt\u00e4\u00e4 tilan avoimuuden ja valoisuuden, mutta samalla nauttia yksityisyydest\u00e4.<\/p><p style=\"font-weight: 400;\">SunTek:n valkoinen matta kalvo ei ainoastaan tarjoa esteettist\u00e4 etua, vaan se my\u00f6s v\u00e4hent\u00e4\u00e4 auringon l\u00e4mp\u00f6s\u00e4teily\u00e4 ja heijastusta, mik\u00e4 voi auttaa parantamaan tilojen energiatehokkuutta. Huurrekalvo on helppo asentaa sileille lasipinnoille ja se tarjoaa kest\u00e4vyytt\u00e4 sek\u00e4 valmistajan rajoitetun takuun, mik\u00e4 tekee siit\u00e4 houkuttelevan ratkaisun niille, jotka arvostavat sek\u00e4 toiminnallisuutta ett\u00e4 tyylikkyytt\u00e4 ikkunoidensa suojauksessa.<\/p>\t\t\t\t\t\t\t\t<\/div>\n\t\t\t\t<\/div>\n\t\t\t\t<\/div>\n\t\t\t\t\t<\/div>\n\t\t\t\t<\/div>\n\t\t<div class=\"elementor-element elementor-element-15f31e5 e-flex e-con-boxed e-con e-parent\" data-id=\"15f31e5\" data-element_type=\"container\">\n\t\t\t\t\t<div class=\"e-con-inner\">\n\t\t<div class=\"elementor-element elementor-element-64a23b1 e-con-full e-flex e-con e-child\" data-id=\"64a23b1\" data-element_type=\"container\">\n\t\t\t\t<div class=\"elementor-element elementor-element-6020580 elementor-widget elementor-widget-image\" data-id=\"6020580\" data-element_type=\"widget\" data-widget_type=\"image.default\">\n\t\t\t\t<div class=\"elementor-widget-container\">\n\t\t\t\t\t\t\t\t\t\t\t\t\t\t\t<img fetchpriority=\"high\" decoding=\"async\" width=\"800\" height=\"600\" src=\"https:\/\/www.kalvottajat.fi\/suntek\/wp-content\/uploads\/2024\/01\/One-Pro-Suntek-maitolasikalvo.jpg\" class=\"attachment-large size-large wp-image-756\" alt=\"One-Pro Suntek maitolasikalvo\" srcset=\"https:\/\/www.kalvottajat.fi\/suntek\/wp-content\/uploads\/2024\/01\/One-Pro-Suntek-maitolasikalvo.jpg 800w, https:\/\/www.kalvottajat.fi\/suntek\/wp-content\/uploads\/2024\/01\/One-Pro-Suntek-maitolasikalvo-300x225.jpg 300w, https:\/\/www.kalvottajat.fi\/suntek\/wp-content\/uploads\/2024\/01\/One-Pro-Suntek-maitolasikalvo-768x576.jpg 768w\" sizes=\"(max-width: 800px) 100vw, 800px\" \/>\t\t\t\t\t\t\t\t\t\t\t\t\t\t\t<\/div>\n\t\t\t\t<\/div>\n\t\t\t\t<\/div>\n\t\t<div class=\"elementor-element elementor-element-5b61403 e-con-full e-flex e-con e-child\" data-id=\"5b61403\" data-element_type=\"container\">\n\t\t\t\t<div class=\"elementor-element elementor-element-704d8c1 elementor-widget elementor-widget-image\" data-id=\"704d8c1\" data-element_type=\"widget\" data-widget_type=\"image.default\">\n\t\t\t\t<div class=\"elementor-widget-container\">\n\t\t\t\t\t\t\t\t\t\t\t\t\t\t\t<img decoding=\"async\" width=\"800\" height=\"600\" src=\"https:\/\/www.kalvottajat.fi\/suntek\/wp-content\/uploads\/2024\/01\/One-Pro-suntek-huurrekalvo.jpg\" class=\"attachment-large size-large wp-image-994\" alt=\"One-Pro suntek huurrekalvo\" srcset=\"https:\/\/www.kalvottajat.fi\/suntek\/wp-content\/uploads\/2024\/01\/One-Pro-suntek-huurrekalvo.jpg 800w, https:\/\/www.kalvottajat.fi\/suntek\/wp-content\/uploads\/2024\/01\/One-Pro-suntek-huurrekalvo-300x225.jpg 300w, https:\/\/www.kalvottajat.fi\/suntek\/wp-content\/uploads\/2024\/01\/One-Pro-suntek-huurrekalvo-768x576.jpg 768w\" sizes=\"(max-width: 800px) 100vw, 800px\" \/>\t\t\t\t\t\t\t\t\t\t\t\t\t\t\t<\/div>\n\t\t\t\t<\/div>\n\t\t\t\t<\/div>\n\t\t<div class=\"elementor-element elementor-element-70756ae e-con-full e-flex e-con e-child\" data-id=\"70756ae\" data-element_type=\"container\">\n\t\t\t\t<div class=\"elementor-element elementor-element-7227cf4 elementor-widget elementor-widget-image\" data-id=\"7227cf4\" data-element_type=\"widget\" data-widget_type=\"image.default\">\n\t\t\t\t<div class=\"elementor-widget-container\">\n\t\t\t\t\t\t\t\t\t\t\t\t\t\t\t<img decoding=\"async\" width=\"800\" height=\"600\" src=\"https:\/\/www.kalvottajat.fi\/suntek\/wp-content\/uploads\/2024\/01\/One-Pro-Suntek-maitolasikalvo-asennettuna.jpg\" class=\"attachment-large size-large wp-image-995\" alt=\"One-Pro Suntek maitolasikalvo asennettuna\" srcset=\"https:\/\/www.kalvottajat.fi\/suntek\/wp-content\/uploads\/2024\/01\/One-Pro-Suntek-maitolasikalvo-asennettuna.jpg 800w, https:\/\/www.kalvottajat.fi\/suntek\/wp-content\/uploads\/2024\/01\/One-Pro-Suntek-maitolasikalvo-asennettuna-300x225.jpg 300w, https:\/\/www.kalvottajat.fi\/suntek\/wp-content\/uploads\/2024\/01\/One-Pro-Suntek-maitolasikalvo-asennettuna-768x576.jpg 768w\" sizes=\"(max-width: 800px) 100vw, 800px\" \/>\t\t\t\t\t\t\t\t\t\t\t\t\t\t\t<\/div>\n\t\t\t\t<\/div>\n\t\t\t\t<\/div>\n\t\t\t\t\t<\/div>\n\t\t\t\t<\/div>\n\t\t<div class=\"elementor-element elementor-element-29dc3fd e-flex e-con-boxed e-con e-parent\" data-id=\"29dc3fd\" data-element_type=\"container\" data-settings=\"{&quot;background_background&quot;:&quot;classic&quot;}\">\n\t\t\t\t\t<div class=\"e-con-inner\">\n\t\t<div class=\"elementor-element elementor-element-224be5d e-con-full e-flex e-con e-child\" data-id=\"224be5d\" data-element_type=\"container\">\n\t\t\t\t<div class=\"elementor-element elementor-element-e50e953 elementor-widget elementor-widget-heading\" data-id=\"e50e953\" data-element_type=\"widget\" data-widget_type=\"heading.default\">\n\t\t\t\t<div class=\"elementor-widget-container\">\n\t\t\t\t\t<h3 class=\"elementor-heading-title elementor-size-default\">Vertaile kalvoja<\/h3>\t\t\t\t<\/div>\n\t\t\t\t<\/div>\n\t\t\t\t<div class=\"elementor-element elementor-element-cb30d9d elementor-widget elementor-widget-image\" data-id=\"cb30d9d\" data-element_type=\"widget\" data-widget_type=\"image.default\">\n\t\t\t\t<div class=\"elementor-widget-container\">\n\t\t\t\t\t\t\t\t\t\t\t\t\t\t\t<img loading=\"lazy\" decoding=\"async\" width=\"800\" height=\"169\" src=\"https:\/\/www.kalvottajat.fi\/suntek\/wp-content\/uploads\/2023\/05\/SunTek-Logo.png\" class=\"attachment-large size-large wp-image-59\" alt=\"SunTek Logo One-Pro\" srcset=\"https:\/\/www.kalvottajat.fi\/suntek\/wp-content\/uploads\/2023\/05\/SunTek-Logo.png 800w, https:\/\/www.kalvottajat.fi\/suntek\/wp-content\/uploads\/2023\/05\/SunTek-Logo-300x63.png 300w, https:\/\/www.kalvottajat.fi\/suntek\/wp-content\/uploads\/2023\/05\/SunTek-Logo-768x162.png 768w\" sizes=\"(max-width: 800px) 100vw, 800px\" \/>\t\t\t\t\t\t\t\t\t\t\t\t\t\t\t<\/div>\n\t\t\t\t<\/div>\n\t\t\t\t<div class=\"elementor-element elementor-element-77fe1f6 elementor-align-center elementor-invisible elementor-widget elementor-widget-button\" data-id=\"77fe1f6\" data-element_type=\"widget\" data-settings=\"{&quot;_animation&quot;:&quot;bounceIn&quot;}\" data-widget_type=\"button.default\">\n\t\t\t\t<div class=\"elementor-widget-container\">\n\t\t\t\t\t\t\t\t\t<div class=\"elementor-button-wrapper\">\n\t\t\t\t\t<a class=\"elementor-button elementor-button-link elementor-size-sm elementor-animation-grow\" href=\"https:\/\/www.kalvottajat.fi\/suntek\/wp-content\/uploads\/2024\/01\/Suntek-kiinteistokalvot-vertailu.pdf\">\n\t\t\t\t\t\t<span class=\"elementor-button-content-wrapper\">\n\t\t\t\t\t\t<span class=\"elementor-button-icon\">\n\t\t\t\t<i aria-hidden=\"true\" class=\"far fa-arrow-alt-circle-down\"><\/i>\t\t\t<\/span>\n\t\t\t\t\t\t\t\t\t<span class=\"elementor-button-text\">Lataa esite<\/span>\n\t\t\t\t\t<\/span>\n\t\t\t\t\t<\/a>\n\t\t\t\t<\/div>\n\t\t\t\t\t\t\t\t<\/div>\n\t\t\t\t<\/div>\n\t\t\t\t<\/div>\n\t\t<div class=\"elementor-element elementor-element-2cd55e7 e-con-full e-flex e-con e-child\" data-id=\"2cd55e7\" data-element_type=\"container\">\n\t\t\t\t<div class=\"elementor-element elementor-element-eca5643 elementor-widget elementor-widget-image\" data-id=\"eca5643\" data-element_type=\"widget\" data-widget_type=\"image.default\">\n\t\t\t\t<div class=\"elementor-widget-container\">\n\t\t\t\t\t\t\t\t\t\t\t\t\t\t\t<img loading=\"lazy\" decoding=\"async\" width=\"284\" height=\"376\" src=\"https:\/\/www.kalvottajat.fi\/suntek\/wp-content\/uploads\/2024\/01\/skin-cancer-foundation-recommended-logo-e1706192626417.jpg\" class=\"attachment-large size-large wp-image-489\" alt=\"skin-cancer-foundation-recommended-logo\" srcset=\"https:\/\/www.kalvottajat.fi\/suntek\/wp-content\/uploads\/2024\/01\/skin-cancer-foundation-recommended-logo-e1706192626417.jpg 284w, https:\/\/www.kalvottajat.fi\/suntek\/wp-content\/uploads\/2024\/01\/skin-cancer-foundation-recommended-logo-e1706192626417-227x300.jpg 227w\" sizes=\"(max-width: 284px) 100vw, 284px\" \/>\t\t\t\t\t\t\t\t\t\t\t\t\t\t\t<\/div>\n\t\t\t\t<\/div>\n\t\t\t\t<div class=\"elementor-element elementor-element-ce4b07b elementor-widget elementor-widget-text-editor\" data-id=\"ce4b07b\" data-element_type=\"widget\" data-widget_type=\"text-editor.default\">\n\t\t\t\t<div class=\"elementor-widget-container\">\n\t\t\t\t\t\t\t\t\t<p style=\"font-weight: 400; text-align: center;\">The Skin Cancer Foundationin Suositus<\/p><p style=\"font-weight: 400; text-align: center;\">Tuotteemme, joilla on yli 99 % UV-suoja (300-380 nm), ovat saaneet The Skin Cancer Foundationin Suosituksen.<\/p>\t\t\t\t\t\t\t\t<\/div>\n\t\t\t\t<\/div>\n\t\t\t\t<\/div>\n\t\t\t\t\t<\/div>\n\t\t\t\t<\/div>\n\t\t\t\t<\/div>\n\t\t","protected":false},"excerpt":{"rendered":"<p>N\u00e4k\u00f6suojakalvot Maitolasikalvo ja huurrekalvo \u2013 sama tuote, eri nimi SunTek:n huurrekalvo tai toisin sanottuna maitolasikalvo on ainutlaatuinen lis\u00e4 asuin- ja liikekiinteist\u00f6jen ikkunoihin, tarjoten tyylik\u00e4st\u00e4 ja k\u00e4yt\u00e4nn\u00f6llist\u00e4 ulkoasua. Huurrekalvo on suunniteltu t\u00e4ysin yksityisyytt\u00e4 tarjoavaksi valkoiseksi mattapinnaksi, joka luo tilaan pehme\u00e4n ja hienostuneen ilmeen. Tyylik\u00e4st\u00e4 n\u00e4k\u00f6suojaa SunTek maitolasikalvon avulla voit nauttia t\u00e4ydellisest\u00e4 yksityisyydest\u00e4 tiloissasi samalla s\u00e4ilytt\u00e4en luonnonvalon [&hellip;]<\/p>\n","protected":false},"author":1,"featured_media":0,"parent":44,"menu_order":0,"comment_status":"closed","ping_status":"closed","template":"elementor_header_footer","meta":{"footnotes":""},"_links":{"self":[{"href":"https:\/\/www.kalvottajat.fi\/suntek\/wp-json\/wp\/v2\/pages\/707"}],"collection":[{"href":"https:\/\/www.kalvottajat.fi\/suntek\/wp-json\/wp\/v2\/pages"}],"about":[{"href":"https:\/\/www.kalvottajat.fi\/suntek\/wp-json\/wp\/v2\/types\/page"}],"author":[{"embeddable":true,"href":"https:\/\/www.kalvottajat.fi\/suntek\/wp-json\/wp\/v2\/users\/1"}],"replies":[{"embeddable":true,"href":"https:\/\/www.kalvottajat.fi\/suntek\/wp-json\/wp\/v2\/comments?post=707"}],"version-history":[{"count":13,"href":"https:\/\/www.kalvottajat.fi\/suntek\/wp-json\/wp\/v2\/pages\/707\/revisions"}],"predecessor-version":[{"id":1346,"href":"https:\/\/www.kalvottajat.fi\/suntek\/wp-json\/wp\/v2\/pages\/707\/revisions\/1346"}],"up":[{"embeddable":true,"href":"https:\/\/www.kalvottajat.fi\/suntek\/wp-json\/wp\/v2\/pages\/44"}],"wp:attachment":[{"href":"https:\/\/www.kalvottajat.fi\/suntek\/wp-json\/wp\/v2\/media?parent=707"}],"curies":[{"name":"wp","href":"https:\/\/api.w.org\/{rel}","templated":true}]}}