{"id":702,"date":"2024-01-29T11:45:22","date_gmt":"2024-01-29T11:45:22","guid":{"rendered":"https:\/\/www.kalvottajat.fi\/suntek\/?page_id=702"},"modified":"2024-02-02T11:05:27","modified_gmt":"2024-02-02T11:05:27","slug":"murtosuojakalvot-kiinteistoihin","status":"publish","type":"page","link":"https:\/\/www.kalvottajat.fi\/suntek\/kiinteistokalvot\/murtosuojakalvot-kiinteistoihin\/","title":{"rendered":"Murtosuojakalvot kiinteist\u00f6ihin"},"content":{"rendered":"\t\t<div data-elementor-type=\"wp-page\" data-elementor-id=\"702\" class=\"elementor elementor-702\" data-elementor-post-type=\"page\">\n\t\t\t\t<div class=\"elementor-element elementor-element-86fe306 e-flex e-con-boxed e-con e-parent\" data-id=\"86fe306\" data-element_type=\"container\" data-settings=\"{&quot;background_background&quot;:&quot;classic&quot;}\">\n\t\t\t\t\t<div class=\"e-con-inner\">\n\t\t<div class=\"elementor-element elementor-element-316bccf e-con-full e-flex e-con e-child\" data-id=\"316bccf\" data-element_type=\"container\" data-settings=\"{&quot;background_background&quot;:&quot;classic&quot;}\">\n\t\t\t\t<div class=\"elementor-element elementor-element-ca72ec3 elementor-widget elementor-widget-heading\" data-id=\"ca72ec3\" data-element_type=\"widget\" data-widget_type=\"heading.default\">\n\t\t\t\t<div class=\"elementor-widget-container\">\n\t\t\t\t\t<h1 class=\"elementor-heading-title elementor-size-default\">Murtosuojakalvot kiinteist\u00f6ihin<\/h1>\t\t\t\t<\/div>\n\t\t\t\t<\/div>\n\t\t\t\t<\/div>\n\t\t<div class=\"elementor-element elementor-element-dcae46f e-con-full e-flex e-con e-child\" data-id=\"dcae46f\" data-element_type=\"container\">\n\t\t\t\t<\/div>\n\t\t\t\t\t<\/div>\n\t\t\t\t<\/div>\n\t\t<div class=\"elementor-element elementor-element-73c7735 e-flex e-con-boxed e-con e-parent\" data-id=\"73c7735\" data-element_type=\"container\">\n\t\t\t\t\t<div class=\"e-con-inner\">\n\t\t<div class=\"elementor-element elementor-element-28b53c0 e-con-full e-flex e-con e-child\" data-id=\"28b53c0\" data-element_type=\"container\">\n\t\t\t\t<div class=\"elementor-element elementor-element-be538df elementor-widget elementor-widget-text-editor\" data-id=\"be538df\" data-element_type=\"widget\" data-widget_type=\"text-editor.default\">\n\t\t\t\t<div class=\"elementor-widget-container\">\n\t\t\t\t\t\t\t\t\t<h5 style=\"font-weight: 400;\"><strong>Suojaa kiinteist\u00f6si SunTek murtosuojakalvoilla<\/strong><\/h5><p style=\"font-weight: 400;\">Murtosuojakalvo on tavallista kalvoa paksumpi kalvo, joka asennetaan lasin sis\u00e4pinnalle. Sen tarkoituksena on lis\u00e4t\u00e4 lasin kest\u00e4vyytt\u00e4 ja vaikeuttaa lasin rikkoutumista esimerkiksi murtautumisyrityksiss\u00e4. Murtosuojakalvo koostuu useista kerroksista, jotka yhdess\u00e4 muodostavat vahvan ja kest\u00e4v\u00e4n suojan lasille.<\/p><h5 style=\"font-weight: 400;\"><strong>SunTek murtosuojakalvoja on saatavilla 3 eri sarjassa<\/strong><\/h5><ol><li><strong>Kirkkaat murtosuojakalvot: <br \/><\/strong>Kirkkaat murtosuojakalvot ovat huomaamattomia turvallisuusratkaisuja, jotka suojaavat kiinteist\u00f6\u00e4si. Ne tarjoavat optisesti kirkkaan n\u00e4kym\u00e4n ikkunoista samalla est\u00e4en haitallisia UV-s\u00e4teit\u00e4 ja sis\u00e4tilojen haalistumista auringonvalosta. N\u00e4iden kalvojen ohut, l\u00e4hes n\u00e4kym\u00e4t\u00f6n rakenne tarjoaa turvaa monilta vaaroilta, kuten murroilta ja vahingoilta. Saatavilla eri paksuisina, joista voit valita tarpeisiisi sopivan suojan tason. Valitse kirkas murtosuojakalvo ja yhdist\u00e4 n\u00e4kym\u00e4tt\u00f6myys turvallisuuteen.<\/li><li><strong>Peilaavat murtosuojakalvot:<br \/><\/strong>Hopeoitu alumiinirakenne tekee t\u00e4st\u00e4 ikkunakalvosarjasta heijastavan molemmilta puolilta, luoden peilim\u00e4isen kuvan. T\u00e4m\u00e4 sarja tarjoaa murtosuojakalvon tuomien ominaisuuksien lis\u00e4ksi parhaimman suojan auringon aiheuttamalle kuumuudelle pit\u00e4en sis\u00e4tilat viileimpin\u00e4. T\u00e4t\u00e4 sarjaa on my\u00f6s saatavilla eri paksuisena oman halutun suojatason saavuttamiseksi.<\/li><li><strong>Anti-Graffiti sarja:<br \/><\/strong>Anti-Graffiti -sarjan kalvot ovat naarmunkest\u00e4vi\u00e4, auttaen v\u00e4hent\u00e4m\u00e4\u00e4n kalliiden puhdistusten tai lasinvaihtojen tarvetta. N\u00e4iss\u00e4 kalvoissa on ainutlaatuinen liima, joka mahdollistaa kalvon helpon irrottamisen lasista tarvittaessa. Ikkunan vaurioituessa on siis helpompaa ja halvempaa vaihtaa vain uusi kalvo tilalle, kuin vaihtaa kokonaan uusi lasi.<\/li><\/ol>\t\t\t\t\t\t\t\t<\/div>\n\t\t\t\t<\/div>\n\t\t\t\t<\/div>\n\t\t\t\t\t<\/div>\n\t\t\t\t<\/div>\n\t\t<div class=\"elementor-element elementor-element-fc82a1e e-flex e-con-boxed e-con e-parent\" data-id=\"fc82a1e\" data-element_type=\"container\" data-settings=\"{&quot;background_background&quot;:&quot;classic&quot;}\">\n\t\t\t\t\t<div class=\"e-con-inner\">\n\t\t<div class=\"elementor-element elementor-element-8cc5ba0 e-con-full e-flex e-con e-child\" data-id=\"8cc5ba0\" data-element_type=\"container\">\n\t\t\t\t<div class=\"elementor-element elementor-element-7e06e5c elementor-widget elementor-widget-heading\" data-id=\"7e06e5c\" data-element_type=\"widget\" data-widget_type=\"heading.default\">\n\t\t\t\t<div class=\"elementor-widget-container\">\n\t\t\t\t\t<h3 class=\"elementor-heading-title elementor-size-default\">Vertaile kalvoja<\/h3>\t\t\t\t<\/div>\n\t\t\t\t<\/div>\n\t\t\t\t<div class=\"elementor-element elementor-element-f072416 elementor-widget elementor-widget-image\" data-id=\"f072416\" data-element_type=\"widget\" data-widget_type=\"image.default\">\n\t\t\t\t<div class=\"elementor-widget-container\">\n\t\t\t\t\t\t\t\t\t\t\t\t\t\t\t<img fetchpriority=\"high\" decoding=\"async\" width=\"800\" height=\"169\" src=\"https:\/\/www.kalvottajat.fi\/suntek\/wp-content\/uploads\/2023\/05\/SunTek-Logo.png\" class=\"attachment-large size-large wp-image-59\" alt=\"SunTek Logo One-Pro\" srcset=\"https:\/\/www.kalvottajat.fi\/suntek\/wp-content\/uploads\/2023\/05\/SunTek-Logo.png 800w, https:\/\/www.kalvottajat.fi\/suntek\/wp-content\/uploads\/2023\/05\/SunTek-Logo-300x63.png 300w, https:\/\/www.kalvottajat.fi\/suntek\/wp-content\/uploads\/2023\/05\/SunTek-Logo-768x162.png 768w\" sizes=\"(max-width: 800px) 100vw, 800px\" \/>\t\t\t\t\t\t\t\t\t\t\t\t\t\t\t<\/div>\n\t\t\t\t<\/div>\n\t\t\t\t<div class=\"elementor-element elementor-element-e6369df elementor-align-center elementor-invisible elementor-widget elementor-widget-button\" data-id=\"e6369df\" data-element_type=\"widget\" data-settings=\"{&quot;_animation&quot;:&quot;bounceIn&quot;}\" data-widget_type=\"button.default\">\n\t\t\t\t<div class=\"elementor-widget-container\">\n\t\t\t\t\t\t\t\t\t<div class=\"elementor-button-wrapper\">\n\t\t\t\t\t<a class=\"elementor-button elementor-button-link elementor-size-sm elementor-animation-grow\" href=\"https:\/\/www.kalvottajat.fi\/suntek\/wp-content\/uploads\/2024\/01\/Suntek-murtosuojakalvot-vertailu.pdf\">\n\t\t\t\t\t\t<span class=\"elementor-button-content-wrapper\">\n\t\t\t\t\t\t<span class=\"elementor-button-icon\">\n\t\t\t\t<i aria-hidden=\"true\" class=\"far fa-arrow-alt-circle-down\"><\/i>\t\t\t<\/span>\n\t\t\t\t\t\t\t\t\t<span class=\"elementor-button-text\">Lataa esite<\/span>\n\t\t\t\t\t<\/span>\n\t\t\t\t\t<\/a>\n\t\t\t\t<\/div>\n\t\t\t\t\t\t\t\t<\/div>\n\t\t\t\t<\/div>\n\t\t\t\t<\/div>\n\t\t<div class=\"elementor-element elementor-element-7e9044f e-con-full e-flex e-con e-child\" data-id=\"7e9044f\" data-element_type=\"container\">\n\t\t\t\t<div class=\"elementor-element elementor-element-4a6a6ab elementor-widget elementor-widget-image\" data-id=\"4a6a6ab\" data-element_type=\"widget\" data-widget_type=\"image.default\">\n\t\t\t\t<div class=\"elementor-widget-container\">\n\t\t\t\t\t\t\t\t\t\t\t\t\t\t\t<img decoding=\"async\" width=\"284\" height=\"376\" src=\"https:\/\/www.kalvottajat.fi\/suntek\/wp-content\/uploads\/2024\/01\/skin-cancer-foundation-recommended-logo-e1706192626417.jpg\" class=\"attachment-large size-large wp-image-489\" alt=\"skin-cancer-foundation-recommended-logo\" srcset=\"https:\/\/www.kalvottajat.fi\/suntek\/wp-content\/uploads\/2024\/01\/skin-cancer-foundation-recommended-logo-e1706192626417.jpg 284w, https:\/\/www.kalvottajat.fi\/suntek\/wp-content\/uploads\/2024\/01\/skin-cancer-foundation-recommended-logo-e1706192626417-227x300.jpg 227w\" sizes=\"(max-width: 284px) 100vw, 284px\" \/>\t\t\t\t\t\t\t\t\t\t\t\t\t\t\t<\/div>\n\t\t\t\t<\/div>\n\t\t\t\t<div class=\"elementor-element elementor-element-f5f6dc3 elementor-widget elementor-widget-text-editor\" data-id=\"f5f6dc3\" data-element_type=\"widget\" data-widget_type=\"text-editor.default\">\n\t\t\t\t<div class=\"elementor-widget-container\">\n\t\t\t\t\t\t\t\t\t<p style=\"font-weight: 400;\">The Skin Cancer Foundationin Suositus<\/p><p style=\"font-weight: 400;\">Tuotteemme, joilla on yli 99 % UV-suoja (300-380 nm), ovat saaneet The Skin Cancer Foundationin Suosituksen.<\/p>\t\t\t\t\t\t\t\t<\/div>\n\t\t\t\t<\/div>\n\t\t\t\t<\/div>\n\t\t\t\t\t<\/div>\n\t\t\t\t<\/div>\n\t\t\t\t<\/div>\n\t\t","protected":false},"excerpt":{"rendered":"<p>Murtosuojakalvot kiinteist\u00f6ihin Suojaa kiinteist\u00f6si SunTek murtosuojakalvoilla Murtosuojakalvo on tavallista kalvoa paksumpi kalvo, joka asennetaan lasin sis\u00e4pinnalle. Sen tarkoituksena on lis\u00e4t\u00e4 lasin kest\u00e4vyytt\u00e4 ja vaikeuttaa lasin rikkoutumista esimerkiksi murtautumisyrityksiss\u00e4. Murtosuojakalvo koostuu useista kerroksista, jotka yhdess\u00e4 muodostavat vahvan ja kest\u00e4v\u00e4n suojan lasille. SunTek murtosuojakalvoja on saatavilla 3 eri sarjassa Kirkkaat murtosuojakalvot: Kirkkaat murtosuojakalvot ovat huomaamattomia turvallisuusratkaisuja, jotka [&hellip;]<\/p>\n","protected":false},"author":1,"featured_media":0,"parent":44,"menu_order":0,"comment_status":"closed","ping_status":"closed","template":"elementor_header_footer","meta":{"footnotes":""},"_links":{"self":[{"href":"https:\/\/www.kalvottajat.fi\/suntek\/wp-json\/wp\/v2\/pages\/702"}],"collection":[{"href":"https:\/\/www.kalvottajat.fi\/suntek\/wp-json\/wp\/v2\/pages"}],"about":[{"href":"https:\/\/www.kalvottajat.fi\/suntek\/wp-json\/wp\/v2\/types\/page"}],"author":[{"embeddable":true,"href":"https:\/\/www.kalvottajat.fi\/suntek\/wp-json\/wp\/v2\/users\/1"}],"replies":[{"embeddable":true,"href":"https:\/\/www.kalvottajat.fi\/suntek\/wp-json\/wp\/v2\/comments?post=702"}],"version-history":[{"count":10,"href":"https:\/\/www.kalvottajat.fi\/suntek\/wp-json\/wp\/v2\/pages\/702\/revisions"}],"predecessor-version":[{"id":1343,"href":"https:\/\/www.kalvottajat.fi\/suntek\/wp-json\/wp\/v2\/pages\/702\/revisions\/1343"}],"up":[{"embeddable":true,"href":"https:\/\/www.kalvottajat.fi\/suntek\/wp-json\/wp\/v2\/pages\/44"}],"wp:attachment":[{"href":"https:\/\/www.kalvottajat.fi\/suntek\/wp-json\/wp\/v2\/media?parent=702"}],"curies":[{"name":"wp","href":"https:\/\/api.w.org\/{rel}","templated":true}]}}