{"id":610,"date":"2024-01-26T14:23:49","date_gmt":"2024-01-26T14:23:49","guid":{"rendered":"https:\/\/www.kalvottajat.fi\/suntek\/?page_id=610"},"modified":"2024-02-02T11:01:45","modified_gmt":"2024-02-02T11:01:45","slug":"tummennuskalvot-veneisiin","status":"publish","type":"page","link":"https:\/\/www.kalvottajat.fi\/suntek\/kalvot-veneisiin\/tummennuskalvot-veneisiin\/","title":{"rendered":"Tummennuskalvot veneisiin"},"content":{"rendered":"\t\t<div data-elementor-type=\"wp-page\" data-elementor-id=\"610\" class=\"elementor elementor-610\" data-elementor-post-type=\"page\">\n\t\t\t\t<div class=\"elementor-element elementor-element-46af570 e-flex e-con-boxed e-con e-parent\" data-id=\"46af570\" data-element_type=\"container\" data-settings=\"{&quot;background_background&quot;:&quot;classic&quot;}\">\n\t\t\t\t\t<div class=\"e-con-inner\">\n\t\t<div class=\"elementor-element elementor-element-f904e61 e-con-full e-flex e-con e-child\" data-id=\"f904e61\" data-element_type=\"container\" data-settings=\"{&quot;background_background&quot;:&quot;classic&quot;}\">\n\t\t\t\t<div class=\"elementor-element elementor-element-aa81af4 elementor-widget elementor-widget-heading\" data-id=\"aa81af4\" data-element_type=\"widget\" data-widget_type=\"heading.default\">\n\t\t\t\t<div class=\"elementor-widget-container\">\n\t\t\t\t\t<h1 class=\"elementor-heading-title elementor-size-default\">Tummennuskalvot\n<\/h1>\t\t\t\t<\/div>\n\t\t\t\t<\/div>\n\t\t\t\t<\/div>\n\t\t<div class=\"elementor-element elementor-element-b410b65 e-con-full e-flex e-con e-child\" data-id=\"b410b65\" data-element_type=\"container\">\n\t\t\t\t<\/div>\n\t\t\t\t\t<\/div>\n\t\t\t\t<\/div>\n\t\t<div class=\"elementor-element elementor-element-7302704 e-flex e-con-boxed e-con e-parent\" data-id=\"7302704\" data-element_type=\"container\">\n\t\t\t\t\t<div class=\"e-con-inner\">\n\t\t<div class=\"elementor-element elementor-element-173dd38 e-con-full e-flex e-con e-child\" data-id=\"173dd38\" data-element_type=\"container\">\n\t\t\t\t<div class=\"elementor-element elementor-element-9557921 elementor-widget elementor-widget-text-editor\" data-id=\"9557921\" data-element_type=\"widget\" data-widget_type=\"text-editor.default\">\n\t\t\t\t<div class=\"elementor-widget-container\">\n\t\t\t\t\t\t\t\t\t<p><span style=\"font-size: 17px; text-align: var(--text-align);\">SunTek on tunnettu pitk\u00e4kestoisesta laadustaan ja helppok\u00e4ytt\u00f6isyydest\u00e4\u00e4n asennuksessa. Kalvot eiv\u00e4t ainoastaan suojaa veneen sis\u00e4tiloja kuumuudelta ja UV-s\u00e4teilt\u00e4, vaan ne my\u00f6s lis\u00e4\u00e4v\u00e4t yksityisyytt\u00e4si ja antavat veneellesi yksil\u00f6llisen ja tyylikk\u00e4\u00e4n ulkon\u00e4\u00f6n.<\/span><\/p><p style=\"font-weight: 400;\">Innovatiivisen teknologiansa ansiosta SunTek tummennuskalvot tarjoavat erinomaisen suojan auringon l\u00e4mm\u00f6lt\u00e4 ja haitallisilta UV-s\u00e4teilt\u00e4 ilman, ett\u00e4 n\u00e4kyvyys heikkenee.<\/p><p style=\"font-weight: 400;\">Valmistajan rajoitetulla takuulla varustettu kattava kalvovalikoima sis\u00e4lt\u00e4\u00e4 eri tummuuss\u00e4vy\u00e4 5% &#8211; 70% v\u00e4lill\u00e4, josta l\u00f6ytyy varmasti juuri sinulle sopiva kalvo. \u00a0<\/p><p style=\"font-weight: 400;\">SunTek- kalvojen parhaimpiin piirteisiin kuuluu:<\/p><ul><li><strong>Korkea suorituskyky<\/strong>: SunTek kalvot tarjoavat erinomaisen suojan auringon l\u00e4mp\u00f6\u00e4 ja UV-s\u00e4teit\u00e4 vastaan.\u00a0<\/li><li><strong>Innovatiivinen teknologia<\/strong>: SunTek k\u00e4ytt\u00e4\u00e4 edistyksellisi\u00e4 teknologioita, kuten keramiikkaa ja nanopartikkeleita, tarjotakseen korkealaatuisia kalvoja samalla s\u00e4ilytt\u00e4en selke\u00e4n n\u00e4kyvyyden.<\/li><li><strong>Turvallisuus<\/strong>: Kalvot voivat auttaa pit\u00e4m\u00e4\u00e4n sirpaleet koossa onnettomuustilanteissa, mik\u00e4 lis\u00e4\u00e4 lasin kest\u00e4vyytt\u00e4 ja v\u00e4hent\u00e4\u00e4 sirpaleiden lent\u00e4misen riski\u00e4. T\u00e4m\u00e4 voi my\u00f6s suojata matkustajia lasinsiruilta.<\/li><li><strong>Pitk\u00e4kestoinen laatu<\/strong>: SunTek:in kalvot ovat tunnettuja pitk\u00e4kestoisesta laadustaan, tehden niist\u00e4 luotettavan valinnan veneesi suojaamiseksi.<\/li><li><strong>Takuu<\/strong>: SunTek kalvot tulevat valmistajan antaman takuun kanssa, mik\u00e4 antaa sinulle turvaa ja varmuutta tuotteen laadusta.<\/li><\/ul><p>\u00a0<\/p><h5 style=\"font-weight: 400;\"><strong>Mik\u00e4 olisi paras tummennuskalvo sinun veneellesi?<\/strong><\/h5>\t\t\t\t\t\t\t\t<\/div>\n\t\t\t\t<\/div>\n\t\t\t\t<\/div>\n\t\t\t\t\t<\/div>\n\t\t\t\t<\/div>\n\t\t<div class=\"elementor-element elementor-element-23745b7 e-flex e-con-boxed e-con e-parent\" data-id=\"23745b7\" data-element_type=\"container\">\n\t\t\t\t\t<div class=\"e-con-inner\">\n\t\t<div class=\"elementor-element elementor-element-118c7de e-con-full e-flex e-con e-child\" data-id=\"118c7de\" data-element_type=\"container\" data-settings=\"{&quot;background_background&quot;:&quot;classic&quot;}\">\n\t\t\t\t<\/div>\n\t\t<div class=\"elementor-element elementor-element-32d40a0 e-con-full e-flex e-con e-child\" data-id=\"32d40a0\" data-element_type=\"container\" data-settings=\"{&quot;background_background&quot;:&quot;classic&quot;}\">\n\t\t\t\t<div class=\"elementor-element elementor-element-1886784 elementor-widget elementor-widget-heading\" data-id=\"1886784\" data-element_type=\"widget\" data-widget_type=\"heading.default\">\n\t\t\t\t<div class=\"elementor-widget-container\">\n\t\t\t\t\t<h2 class=\"elementor-heading-title elementor-size-default\">Evolve-sarja<\/h2>\t\t\t\t<\/div>\n\t\t\t\t<\/div>\n\t\t\t\t<div class=\"elementor-element elementor-element-6ae3f34 elementor-widget elementor-widget-text-editor\" data-id=\"6ae3f34\" data-element_type=\"widget\" data-widget_type=\"text-editor.default\">\n\t\t\t\t<div class=\"elementor-widget-container\">\n\t\t\t\t\t\t\t\t\t<p style=\"font-weight: 400;\">SunTek Evolve-tummennuskalvot tuovat seuraavan tason suorituskyky\u00e4 ja tyylikkyytt\u00e4 veneesi lasien suojaukseen. Valitse Evolve, kun haluat parasta mahdollista suorituskyky\u00e4 ja tyylik\u00e4st\u00e4 ilmett\u00e4 veneellesi. Niiden ainutlaatuinen HeatResist-teknologia k\u00e4ytt\u00e4\u00e4 keraamisia nanopartikkeleita, jotka torjuvat jopa 94 % infrapunal\u00e4mm\u00f6st\u00e4, auttaen pit\u00e4m\u00e4\u00e4n veneen sis\u00e4tilat miellytt\u00e4v\u00e4n viilein\u00e4.<\/p><ul><li>Patentoitu keraaminen HeatResist nanopartikkelirakenne<b><br \/><\/b><\/li><li>Jopa 94 % IR-Suoja tarjoaa parhaan l\u00e4mm\u00f6ntorjunnan erinomaisella h\u00e4ik\u00e4isynv\u00e4hennyksell\u00e4<\/li><li>Yli 99 % UV-Suoja suojaa sis\u00e4tilojen haalistumisen ja auttaa s\u00e4ilytt\u00e4m\u00e4\u00e4n ne uuden n\u00e4k\u00f6isen\u00e4<\/li><li>V\u00e4hent\u00e4\u00e4 tarvetta ilmastoinnille.<\/li><li>Evolve sarjaa tukee valmistajan elinik\u00e4inen rajoitettu takuu v\u00e4rimuutoksia, kuorintaa, halkeilua, liimapinnan vikaantumista ja irtoamista vastaan<\/li><\/ul>\t\t\t\t\t\t\t\t<\/div>\n\t\t\t\t<\/div>\n\t\t\t\t<\/div>\n\t\t\t\t\t<\/div>\n\t\t\t\t<\/div>\n\t\t<div class=\"elementor-element elementor-element-c2437fe e-flex e-con-boxed e-con e-parent\" data-id=\"c2437fe\" data-element_type=\"container\">\n\t\t\t\t\t<div class=\"e-con-inner\">\n\t\t<div class=\"elementor-element elementor-element-3356976 e-con-full e-flex e-con e-child\" data-id=\"3356976\" data-element_type=\"container\">\n\t\t\t\t<div class=\"elementor-element elementor-element-495943b elementor-widget elementor-widget-heading\" data-id=\"495943b\" data-element_type=\"widget\" data-widget_type=\"heading.default\">\n\t\t\t\t<div class=\"elementor-widget-container\">\n\t\t\t\t\t<h2 class=\"elementor-heading-title elementor-size-default\">Carbon-sarja<\/h2>\t\t\t\t<\/div>\n\t\t\t\t<\/div>\n\t\t\t\t<div class=\"elementor-element elementor-element-8b77c44 elementor-widget elementor-widget-text-editor\" data-id=\"8b77c44\" data-element_type=\"widget\" data-widget_type=\"text-editor.default\">\n\t\t\t\t<div class=\"elementor-widget-container\">\n\t\t\t\t\t\t\t\t\t<p style=\"font-weight: 400;\">SunTek Carbon sarjan tummennuskalvot ovat SunTek:in suositun ja myydyin sarja vaativiinkin tummennuksiin. Carbon tummennuskalvot ovat valmistettu edistyksellisell\u00e4 hiilipohjaisella teknologialla, tarjoten hienostuneen, ei-heijastavan ulkon\u00e4\u00f6n samalla mahdollistaen haluamasi asteen aurinkosuojan.<\/p><ul><li>Innovatiivinen hiiliteknologia<\/li><li>Tehokas suoja<\/li><li>Vaikuttava ei-heijastuva ulkon\u00e4k\u00f6<\/li><li>Signaaliyst\u00e4v\u00e4llinen -&gt; mahdollistaa selke\u00e4n yhteydenpidon<\/li><li>Elinik\u00e4inen rajoitettu takuu<\/li><\/ul>\t\t\t\t\t\t\t\t<\/div>\n\t\t\t\t<\/div>\n\t\t\t\t<\/div>\n\t\t<div class=\"elementor-element elementor-element-5e5d25e e-con-full e-flex e-con e-child\" data-id=\"5e5d25e\" data-element_type=\"container\" data-settings=\"{&quot;background_background&quot;:&quot;classic&quot;}\">\n\t\t\t\t<\/div>\n\t\t\t\t\t<\/div>\n\t\t\t\t<\/div>\n\t\t<div class=\"elementor-element elementor-element-bd6362f e-flex e-con-boxed e-con e-parent\" data-id=\"bd6362f\" data-element_type=\"container\">\n\t\t\t\t\t<div class=\"e-con-inner\">\n\t\t<div class=\"elementor-element elementor-element-9e8e080 e-con-full e-flex e-con e-child\" data-id=\"9e8e080\" data-element_type=\"container\" data-settings=\"{&quot;background_background&quot;:&quot;classic&quot;}\">\n\t\t\t\t<\/div>\n\t\t<div class=\"elementor-element elementor-element-af7e41e e-con-full e-flex e-con e-child\" data-id=\"af7e41e\" data-element_type=\"container\" data-settings=\"{&quot;background_background&quot;:&quot;classic&quot;}\">\n\t\t\t\t<div class=\"elementor-element elementor-element-3afd0d5 elementor-widget elementor-widget-heading\" data-id=\"3afd0d5\" data-element_type=\"widget\" data-widget_type=\"heading.default\">\n\t\t\t\t<div class=\"elementor-widget-container\">\n\t\t\t\t\t<h2 class=\"elementor-heading-title elementor-size-default\">HP-sarja<\/h2>\t\t\t\t<\/div>\n\t\t\t\t<\/div>\n\t\t\t\t<div class=\"elementor-element elementor-element-0fc36d1 elementor-widget elementor-widget-text-editor\" data-id=\"0fc36d1\" data-element_type=\"widget\" data-widget_type=\"text-editor.default\">\n\t\t\t\t<div class=\"elementor-widget-container\">\n\t\t\t\t\t\t\t\t\t<p style=\"font-weight: 400;\">SunTek High Performance -tummennuskalvot ovat ehdottomasti nimens\u00e4 arvoiset. N\u00e4iss\u00e4 kalvoissa yhdistyy metalloidun teknologian luotettavuus ja v\u00e4rj\u00e4ttyjen kalvojen tyylikkyys. Valittavana on hieman heijastavia s\u00e4vyj\u00e4, kuten hiili, pronssi ja sininen, jotka eiv\u00e4t vain n\u00e4yt\u00e4 upeilta, vaan tarjoavat my\u00f6s loistavan suorituskyvyn.<\/p><ul><li>Todistettu teknologia v\u00e4rj\u00e4tyn ja metalloidun kalvon hybridirakenteelle<\/li><li>Erinomainen l\u00e4mp\u00f6 ja UV-suoja sek\u00e4 loistava h\u00e4ik\u00e4isyn v\u00e4hennys<\/li><li>Valitse oma tyylisi -&gt; saatavilla s\u00e4vyiss\u00e4 hiili, pronssi ja sininen<\/li><li>Kirkas ja selke\u00e4 n\u00e4kyvyys tielle<\/li><li>Elinik\u00e4inen rajoitettu takuu<\/li><\/ul>\t\t\t\t\t\t\t\t<\/div>\n\t\t\t\t<\/div>\n\t\t\t\t<\/div>\n\t\t\t\t\t<\/div>\n\t\t\t\t<\/div>\n\t\t<div class=\"elementor-element elementor-element-1712400 e-flex e-con-boxed e-con e-parent\" data-id=\"1712400\" data-element_type=\"container\" data-settings=\"{&quot;background_background&quot;:&quot;classic&quot;}\">\n\t\t\t\t\t<div class=\"e-con-inner\">\n\t\t<div class=\"elementor-element elementor-element-10aedfa e-con-full e-flex e-con e-child\" data-id=\"10aedfa\" data-element_type=\"container\">\n\t\t\t\t<div class=\"elementor-element elementor-element-351570d elementor-widget elementor-widget-heading\" data-id=\"351570d\" data-element_type=\"widget\" data-widget_type=\"heading.default\">\n\t\t\t\t<div class=\"elementor-widget-container\">\n\t\t\t\t\t<h3 class=\"elementor-heading-title elementor-size-default\">Vertaile kalvoja<\/h3>\t\t\t\t<\/div>\n\t\t\t\t<\/div>\n\t\t\t\t<div class=\"elementor-element elementor-element-460e38b elementor-widget elementor-widget-image\" data-id=\"460e38b\" data-element_type=\"widget\" data-widget_type=\"image.default\">\n\t\t\t\t<div class=\"elementor-widget-container\">\n\t\t\t\t\t\t\t\t\t\t\t\t\t\t\t<img fetchpriority=\"high\" decoding=\"async\" width=\"800\" height=\"169\" src=\"https:\/\/www.kalvottajat.fi\/suntek\/wp-content\/uploads\/2023\/05\/SunTek-Logo.png\" class=\"attachment-large size-large wp-image-59\" alt=\"SunTek Logo One-Pro\" srcset=\"https:\/\/www.kalvottajat.fi\/suntek\/wp-content\/uploads\/2023\/05\/SunTek-Logo.png 800w, https:\/\/www.kalvottajat.fi\/suntek\/wp-content\/uploads\/2023\/05\/SunTek-Logo-300x63.png 300w, https:\/\/www.kalvottajat.fi\/suntek\/wp-content\/uploads\/2023\/05\/SunTek-Logo-768x162.png 768w\" sizes=\"(max-width: 800px) 100vw, 800px\" \/>\t\t\t\t\t\t\t\t\t\t\t\t\t\t\t<\/div>\n\t\t\t\t<\/div>\n\t\t\t\t<div class=\"elementor-element elementor-element-830beed elementor-align-center elementor-invisible elementor-widget elementor-widget-button\" data-id=\"830beed\" data-element_type=\"widget\" data-settings=\"{&quot;_animation&quot;:&quot;bounceIn&quot;}\" data-widget_type=\"button.default\">\n\t\t\t\t<div class=\"elementor-widget-container\">\n\t\t\t\t\t\t\t\t\t<div class=\"elementor-button-wrapper\">\n\t\t\t\t\t<a class=\"elementor-button elementor-button-link elementor-size-sm elementor-animation-grow\" href=\"https:\/\/www.kalvottajat.fi\/suntek\/wp-content\/uploads\/2024\/01\/Suntek-Spec-sheet.pdf\">\n\t\t\t\t\t\t<span class=\"elementor-button-content-wrapper\">\n\t\t\t\t\t\t<span class=\"elementor-button-icon\">\n\t\t\t\t<i aria-hidden=\"true\" class=\"far fa-arrow-alt-circle-down\"><\/i>\t\t\t<\/span>\n\t\t\t\t\t\t\t\t\t<span class=\"elementor-button-text\">Lataa esite<\/span>\n\t\t\t\t\t<\/span>\n\t\t\t\t\t<\/a>\n\t\t\t\t<\/div>\n\t\t\t\t\t\t\t\t<\/div>\n\t\t\t\t<\/div>\n\t\t\t\t<\/div>\n\t\t<div class=\"elementor-element elementor-element-6b6bfd5 e-con-full e-flex e-con e-child\" data-id=\"6b6bfd5\" data-element_type=\"container\">\n\t\t\t\t<div class=\"elementor-element elementor-element-fbbaff1 elementor-widget elementor-widget-image\" data-id=\"fbbaff1\" data-element_type=\"widget\" data-widget_type=\"image.default\">\n\t\t\t\t<div class=\"elementor-widget-container\">\n\t\t\t\t\t\t\t\t\t\t\t\t\t\t\t<img decoding=\"async\" width=\"284\" height=\"376\" src=\"https:\/\/www.kalvottajat.fi\/suntek\/wp-content\/uploads\/2024\/01\/skin-cancer-foundation-recommended-logo-e1706192626417.jpg\" class=\"attachment-large size-large wp-image-489\" alt=\"skin-cancer-foundation-recommended-logo\" srcset=\"https:\/\/www.kalvottajat.fi\/suntek\/wp-content\/uploads\/2024\/01\/skin-cancer-foundation-recommended-logo-e1706192626417.jpg 284w, https:\/\/www.kalvottajat.fi\/suntek\/wp-content\/uploads\/2024\/01\/skin-cancer-foundation-recommended-logo-e1706192626417-227x300.jpg 227w\" sizes=\"(max-width: 284px) 100vw, 284px\" \/>\t\t\t\t\t\t\t\t\t\t\t\t\t\t\t<\/div>\n\t\t\t\t<\/div>\n\t\t\t\t<div class=\"elementor-element elementor-element-ef97fa1 elementor-widget elementor-widget-text-editor\" data-id=\"ef97fa1\" data-element_type=\"widget\" data-widget_type=\"text-editor.default\">\n\t\t\t\t<div class=\"elementor-widget-container\">\n\t\t\t\t\t\t\t\t\t<p style=\"font-weight: 400;\">The Skin Cancer Foundationin Suositus<\/p><p style=\"font-weight: 400;\">Tuotteemme, joilla on yli 99 % UV-suoja (300-380 nm), ovat saaneet The Skin Cancer Foundationin Suosituksen.<\/p>\t\t\t\t\t\t\t\t<\/div>\n\t\t\t\t<\/div>\n\t\t\t\t<\/div>\n\t\t\t\t\t<\/div>\n\t\t\t\t<\/div>\n\t\t\t\t<\/div>\n\t\t","protected":false},"excerpt":{"rendered":"<p>Tummennuskalvot SunTek on tunnettu pitk\u00e4kestoisesta laadustaan ja helppok\u00e4ytt\u00f6isyydest\u00e4\u00e4n asennuksessa. Kalvot eiv\u00e4t ainoastaan suojaa veneen sis\u00e4tiloja kuumuudelta ja UV-s\u00e4teilt\u00e4, vaan ne my\u00f6s lis\u00e4\u00e4v\u00e4t yksityisyytt\u00e4si ja antavat veneellesi yksil\u00f6llisen ja tyylikk\u00e4\u00e4n ulkon\u00e4\u00f6n. Innovatiivisen teknologiansa ansiosta SunTek tummennuskalvot tarjoavat erinomaisen suojan auringon l\u00e4mm\u00f6lt\u00e4 ja haitallisilta UV-s\u00e4teilt\u00e4 ilman, ett\u00e4 n\u00e4kyvyys heikkenee. Valmistajan rajoitetulla takuulla varustettu kattava kalvovalikoima sis\u00e4lt\u00e4\u00e4 eri [&hellip;]<\/p>\n","protected":false},"author":1,"featured_media":0,"parent":150,"menu_order":0,"comment_status":"closed","ping_status":"closed","template":"elementor_header_footer","meta":{"footnotes":""},"_links":{"self":[{"href":"https:\/\/www.kalvottajat.fi\/suntek\/wp-json\/wp\/v2\/pages\/610"}],"collection":[{"href":"https:\/\/www.kalvottajat.fi\/suntek\/wp-json\/wp\/v2\/pages"}],"about":[{"href":"https:\/\/www.kalvottajat.fi\/suntek\/wp-json\/wp\/v2\/types\/page"}],"author":[{"embeddable":true,"href":"https:\/\/www.kalvottajat.fi\/suntek\/wp-json\/wp\/v2\/users\/1"}],"replies":[{"embeddable":true,"href":"https:\/\/www.kalvottajat.fi\/suntek\/wp-json\/wp\/v2\/comments?post=610"}],"version-history":[{"count":19,"href":"https:\/\/www.kalvottajat.fi\/suntek\/wp-json\/wp\/v2\/pages\/610\/revisions"}],"predecessor-version":[{"id":1325,"href":"https:\/\/www.kalvottajat.fi\/suntek\/wp-json\/wp\/v2\/pages\/610\/revisions\/1325"}],"up":[{"embeddable":true,"href":"https:\/\/www.kalvottajat.fi\/suntek\/wp-json\/wp\/v2\/pages\/150"}],"wp:attachment":[{"href":"https:\/\/www.kalvottajat.fi\/suntek\/wp-json\/wp\/v2\/media?parent=610"}],"curies":[{"name":"wp","href":"https:\/\/api.w.org\/{rel}","templated":true}]}}