{"id":44,"date":"2024-01-17T11:25:58","date_gmt":"2024-01-17T11:25:58","guid":{"rendered":"https:\/\/www.kalvottajat.fi\/suntek\/?page_id=44"},"modified":"2024-02-02T10:18:54","modified_gmt":"2024-02-02T10:18:54","slug":"kiinteistokalvot","status":"publish","type":"page","link":"https:\/\/www.kalvottajat.fi\/suntek\/kiinteistokalvot\/","title":{"rendered":"Kiinteist\u00f6kalvot"},"content":{"rendered":"\t\t<div data-elementor-type=\"wp-page\" data-elementor-id=\"44\" class=\"elementor elementor-44\" data-elementor-post-type=\"page\">\n\t\t\t\t<div class=\"elementor-element elementor-element-33f8165 e-flex e-con-boxed e-con e-parent\" data-id=\"33f8165\" data-element_type=\"container\" data-settings=\"{&quot;background_background&quot;:&quot;classic&quot;}\">\n\t\t\t\t\t<div class=\"e-con-inner\">\n\t\t<div class=\"elementor-element elementor-element-d404d7e e-con-full e-flex e-con e-child\" data-id=\"d404d7e\" data-element_type=\"container\" data-settings=\"{&quot;background_background&quot;:&quot;classic&quot;}\">\n\t\t\t\t<div class=\"elementor-element elementor-element-0ee0b29 elementor-widget elementor-widget-heading\" data-id=\"0ee0b29\" data-element_type=\"widget\" data-widget_type=\"heading.default\">\n\t\t\t\t<div class=\"elementor-widget-container\">\n\t\t\t\t\t<h1 class=\"elementor-heading-title elementor-size-default\">N\u00e4k\u00f6suojaa, energiatehokkuutta ja mukavuutta Suntek Kiinteist\u00f6kalvoilla <\/h1>\t\t\t\t<\/div>\n\t\t\t\t<\/div>\n\t\t\t\t<\/div>\n\t\t<div class=\"elementor-element elementor-element-c7fbe22 e-con-full e-flex e-con e-child\" data-id=\"c7fbe22\" data-element_type=\"container\">\n\t\t\t\t<\/div>\n\t\t\t\t\t<\/div>\n\t\t\t\t<\/div>\n\t\t<div class=\"elementor-element elementor-element-d477866 e-flex e-con-boxed e-con e-parent\" data-id=\"d477866\" data-element_type=\"container\">\n\t\t\t\t\t<div class=\"e-con-inner\">\n\t\t<div class=\"elementor-element elementor-element-f187e86 e-con-full e-flex e-con e-child\" data-id=\"f187e86\" data-element_type=\"container\">\n\t\t\t\t<div class=\"elementor-element elementor-element-301263e elementor-widget elementor-widget-image\" data-id=\"301263e\" data-element_type=\"widget\" data-widget_type=\"image.default\">\n\t\t\t\t<div class=\"elementor-widget-container\">\n\t\t\t\t\t\t\t\t\t\t\t\t\t\t\t<img fetchpriority=\"high\" decoding=\"async\" width=\"800\" height=\"169\" src=\"https:\/\/www.kalvottajat.fi\/suntek\/wp-content\/uploads\/2023\/05\/SunTek-Logo.png\" class=\"attachment-large size-large wp-image-59\" alt=\"SunTek Logo One-Pro\" srcset=\"https:\/\/www.kalvottajat.fi\/suntek\/wp-content\/uploads\/2023\/05\/SunTek-Logo.png 800w, https:\/\/www.kalvottajat.fi\/suntek\/wp-content\/uploads\/2023\/05\/SunTek-Logo-300x63.png 300w, https:\/\/www.kalvottajat.fi\/suntek\/wp-content\/uploads\/2023\/05\/SunTek-Logo-768x162.png 768w\" sizes=\"(max-width: 800px) 100vw, 800px\" \/>\t\t\t\t\t\t\t\t\t\t\t\t\t\t\t<\/div>\n\t\t\t\t<\/div>\n\t\t\t\t<div class=\"elementor-element elementor-element-dca91e7 elementor-widget elementor-widget-text-editor\" data-id=\"dca91e7\" data-element_type=\"widget\" data-widget_type=\"text-editor.default\">\n\t\t\t\t<div class=\"elementor-widget-container\">\n\t\t\t\t\t\t\t\t\t<p>Eastman Performance Films on valmistanut alan johtavia SunTek ajoneuvo- ja kiinteist\u00f6kalvoja jo yli 65 vuoden ajan. Eastman ty\u00f6llist\u00e4\u00e4 14500 ihmist\u00e4 ymp\u00e4ri maailman ja palvelee asiakkaitaan yli 100 eri maassa, mik\u00e4 tekee yrityksest\u00e4 yhden maailman suurimmista kalvovalmistajista. Lue tarkempi <a href=\"https:\/\/www.kalvottajat.fi\/suntek\/yritysesittely\/\">yritysesittely<\/a>.<\/p><p>Oy One-Pro Ab on SunTek:in virallinen maahantuoja Suomessa, ja tarjoaa markkinoille koko SunTek:in kalvovalikoiman niin auto- kuin kiinteist\u00f6puolellekin. Varastoimme tuotteet Suomessa, jotta voimme taata nopeimman mahdollisen palvelun kaikille SunTek j\u00e4lleenmyyjille ymp\u00e4ri Suomen.<\/p>\t\t\t\t\t\t\t\t<\/div>\n\t\t\t\t<\/div>\n\t\t\t\t<\/div>\n\t\t<div class=\"elementor-element elementor-element-6668f44 e-con-full e-flex e-con e-child\" data-id=\"6668f44\" data-element_type=\"container\">\n\t\t\t\t<div class=\"elementor-element elementor-element-d40edf7 elementor-widget elementor-widget-text-editor\" data-id=\"d40edf7\" data-element_type=\"widget\" data-widget_type=\"text-editor.default\">\n\t\t\t\t<div class=\"elementor-widget-container\">\n\t\t\t\t\t\t\t\t\t<p style=\"font-weight: 400;\">SunTek kiinteist\u00f6kalvot tarjoavat useita hy\u00f6tyj\u00e4 kotisi suojaksi. T\u00e4ss\u00e4 muutamia syit\u00e4, miksi harkita niiden asentamista:<\/p><ol><li><strong>Aurinkosuoja<\/strong>: Kiinteist\u00f6kalvot auttavat v\u00e4hent\u00e4m\u00e4\u00e4n auringon l\u00e4mm\u00f6n ja haitallisten UV-s\u00e4teiden p\u00e4\u00e4sy\u00e4 sis\u00e4tiloihin. T\u00e4m\u00e4 voi merkitt\u00e4v\u00e4sti parantaa asumismukavuutta ja suojata huonekalujasi sek\u00e4 muita sisustuselementtej\u00e4 haalistumiselta.<\/li><li><strong>Energiatehokkuus<\/strong>: V\u00e4hent\u00e4m\u00e4ll\u00e4 auringon l\u00e4mm\u00f6n vaikutusta kiinteist\u00f6kalvot voivat auttaa alentamaan sis\u00e4tilojen l\u00e4mp\u00f6tilaa, mik\u00e4 voi puolestaan v\u00e4hent\u00e4\u00e4 j\u00e4\u00e4hdytyskustannuksia erityisesti kuumina p\u00e4ivin\u00e4.<\/li><li><strong>Yksityisyys ja esteettisyys<\/strong>: Kalvot tarjoavat mahdollisuuden osittaiseen tai t\u00e4ydelliseen n\u00e4kymien peitt\u00e4miseen lis\u00e4\u00e4m\u00e4ll\u00e4 yksityisyytt\u00e4 sis\u00e4tiloihin. Samalla ne voivat antaa ikkunoille tyylikk\u00e4\u00e4n ulkoasun.<\/li><li><strong>Turvallisuus<\/strong>: Murtosuojakalvot voivat auttaa vahvistamaan ikkunoita ja v\u00e4hent\u00e4m\u00e4\u00e4n sirpaleiden vaaraa rikkoutuessaan. T\u00e4m\u00e4 voi suojata perhett\u00e4si ja omaisuuttasi onnettomuuksilta tai murroilta.<\/li><li><strong>Sijoituksen suojaaminen<\/strong>: Kalvojen asentaminen voi lis\u00e4t\u00e4 kiinteist\u00f6si arvoa ja parantaa sen ulkon\u00e4k\u00f6\u00e4, mik\u00e4 on etu myynti- tai vuokraustilanteissa.<\/li><\/ol>\t\t\t\t\t\t\t\t<\/div>\n\t\t\t\t<\/div>\n\t\t\t\t<\/div>\n\t\t\t\t\t<\/div>\n\t\t\t\t<\/div>\n\t\t<div class=\"elementor-element elementor-element-c03974a e-flex e-con-boxed e-con e-parent\" data-id=\"c03974a\" data-element_type=\"container\">\n\t\t\t\t\t<div class=\"e-con-inner\">\n\t\t<div class=\"elementor-element elementor-element-ea3ee25 e-con-full e-flex e-con e-child\" data-id=\"ea3ee25\" data-element_type=\"container\">\n\t\t\t\t<div class=\"elementor-element elementor-element-80f9346 elementor-cta--layout-image-above elementor-cta--skin-classic elementor-animated-content elementor-widget elementor-widget-call-to-action\" data-id=\"80f9346\" data-element_type=\"widget\" data-widget_type=\"call-to-action.default\">\n\t\t\t\t<div class=\"elementor-widget-container\">\n\t\t\t\t\t\t\t<a class=\"elementor-cta\" href=\"https:\/\/www.kalvottajat.fi\/suntek\/kiinteistokalvot\/auringonsuojakalvot\/\">\n\t\t\t\t\t<div class=\"elementor-cta__bg-wrapper\">\n\t\t\t\t<div class=\"elementor-cta__bg elementor-bg\" style=\"background-image: url(https:\/\/www.kalvottajat.fi\/suntek\/wp-content\/uploads\/2024\/01\/One-Pro-Suntek-yritysesittely.jpg);\" role=\"img\" aria-label=\"One-Pro Suntek\"><\/div>\n\t\t\t\t<div class=\"elementor-cta__bg-overlay\"><\/div>\n\t\t\t<\/div>\n\t\t\t\t\t\t\t<div class=\"elementor-cta__content\">\n\t\t\t\t\n\t\t\t\t\t\t\t\t\t<h2 class=\"elementor-cta__title elementor-cta__content-item elementor-content-item\">\n\t\t\t\t\t\tAuringonsuojakalvot\t\t\t\t\t<\/h2>\n\t\t\t\t\n\t\t\t\t\n\t\t\t\t\t\t\t<\/div>\n\t\t\t\t\t\t<\/a>\n\t\t\t\t\t\t<\/div>\n\t\t\t\t<\/div>\n\t\t\t\t<\/div>\n\t\t<div class=\"elementor-element elementor-element-92cb2d7 e-con-full e-flex e-con e-child\" data-id=\"92cb2d7\" data-element_type=\"container\">\n\t\t\t\t<div class=\"elementor-element elementor-element-d84f349 elementor-cta--layout-image-above elementor-cta--skin-classic elementor-animated-content elementor-widget elementor-widget-call-to-action\" data-id=\"d84f349\" data-element_type=\"widget\" data-widget_type=\"call-to-action.default\">\n\t\t\t\t<div class=\"elementor-widget-container\">\n\t\t\t\t\t\t\t<a class=\"elementor-cta\" href=\"https:\/\/www.kalvottajat.fi\/suntek\/kiinteistokalvot\/murtosuojakalvot-kiinteistoihin\/\">\n\t\t\t\t\t<div class=\"elementor-cta__bg-wrapper\">\n\t\t\t\t<div class=\"elementor-cta__bg elementor-bg\" style=\"background-image: url(https:\/\/www.kalvottajat.fi\/suntek\/wp-content\/uploads\/2024\/01\/One-Pro-SUNTEK-turvalasi-iskun-jalkeen-1024x753.jpg);\" role=\"img\" aria-label=\"One-Pro SUNTEK turvalasi iskun j\u00e4lkeen\"><\/div>\n\t\t\t\t<div class=\"elementor-cta__bg-overlay\"><\/div>\n\t\t\t<\/div>\n\t\t\t\t\t\t\t<div class=\"elementor-cta__content\">\n\t\t\t\t\n\t\t\t\t\t\t\t\t\t<h2 class=\"elementor-cta__title elementor-cta__content-item elementor-content-item\">\n\t\t\t\t\t\tMurtosuojakalvot kiinteist\u00f6ihin\t\t\t\t\t<\/h2>\n\t\t\t\t\n\t\t\t\t\n\t\t\t\t\t\t\t<\/div>\n\t\t\t\t\t\t<\/a>\n\t\t\t\t\t\t<\/div>\n\t\t\t\t<\/div>\n\t\t\t\t<\/div>\n\t\t<div class=\"elementor-element elementor-element-05cefe4 e-con-full e-flex e-con e-child\" data-id=\"05cefe4\" data-element_type=\"container\">\n\t\t\t\t<div class=\"elementor-element elementor-element-0373aa3 elementor-cta--layout-image-above elementor-cta--skin-classic elementor-animated-content elementor-widget elementor-widget-call-to-action\" data-id=\"0373aa3\" data-element_type=\"widget\" data-widget_type=\"call-to-action.default\">\n\t\t\t\t<div class=\"elementor-widget-container\">\n\t\t\t\t\t\t\t<a class=\"elementor-cta\" href=\"https:\/\/www.kalvottajat.fi\/suntek\/kiinteistokalvot\/nakosuojakalvot\/\">\n\t\t\t\t\t<div class=\"elementor-cta__bg-wrapper\">\n\t\t\t\t<div class=\"elementor-cta__bg elementor-bg\" style=\"background-image: url(https:\/\/www.kalvottajat.fi\/suntek\/wp-content\/uploads\/2024\/01\/One-Pro-Suntek-maitolasikalvo-1024x703.jpeg);\" role=\"img\" aria-label=\"One-Pro Suntek maitolasikalvo\"><\/div>\n\t\t\t\t<div class=\"elementor-cta__bg-overlay\"><\/div>\n\t\t\t<\/div>\n\t\t\t\t\t\t\t<div class=\"elementor-cta__content\">\n\t\t\t\t\n\t\t\t\t\t\t\t\t\t<h2 class=\"elementor-cta__title elementor-cta__content-item elementor-content-item\">\n\t\t\t\t\t\tN\u00e4k\u00f6suojakalvot\t\t\t\t\t<\/h2>\n\t\t\t\t\n\t\t\t\t\n\t\t\t\t\t\t\t<\/div>\n\t\t\t\t\t\t<\/a>\n\t\t\t\t\t\t<\/div>\n\t\t\t\t<\/div>\n\t\t\t\t<\/div>\n\t\t\t\t\t<\/div>\n\t\t\t\t<\/div>\n\t\t<div class=\"elementor-element elementor-element-e834566 e-flex e-con-boxed e-con e-parent\" data-id=\"e834566\" data-element_type=\"container\" data-settings=\"{&quot;background_background&quot;:&quot;classic&quot;}\">\n\t\t\t\t\t<div class=\"e-con-inner\">\n\t\t<div class=\"elementor-element elementor-element-aa96e9a e-con-full e-flex e-con e-child\" data-id=\"aa96e9a\" data-element_type=\"container\">\n\t\t\t\t<div class=\"elementor-element elementor-element-7329e9e elementor-widget elementor-widget-heading\" data-id=\"7329e9e\" data-element_type=\"widget\" data-widget_type=\"heading.default\">\n\t\t\t\t<div class=\"elementor-widget-container\">\n\t\t\t\t\t<h2 class=\"elementor-heading-title elementor-size-default\">Koulutukset<\/h2>\t\t\t\t<\/div>\n\t\t\t\t<\/div>\n\t\t\t\t<\/div>\n\t\t<div class=\"elementor-element elementor-element-c19148d e-con-full e-flex e-con e-child\" data-id=\"c19148d\" data-element_type=\"container\">\n\t\t\t\t<div class=\"elementor-element elementor-element-4687426 elementor-widget elementor-widget-text-editor\" data-id=\"4687426\" data-element_type=\"widget\" data-widget_type=\"text-editor.default\">\n\t\t\t\t<div class=\"elementor-widget-container\">\n\t\t\t\t\t\t\t\t\t<p>Me koulutamme j\u00e4lleenmyyj\u00e4mme. Oletko uusi alalla vai jo kokeneempi kalvottaja? Tule oppimaan nopeammaksi kalvottajaksi tai harjoittelemaan maalipinnan suojaamista PPF kiveniskukalvoilla. J\u00e4rjest\u00e4mme r\u00e4\u00e4t\u00e4l\u00f6idyt kalvotuskoulutukset edullisesti. <a href=\"https:\/\/www.kalvottajat.fi\/suntek\/yhteystiedot\/\">Ota yhteytt\u00e4<\/a> ja kysy lis\u00e4\u00e4.\u00a0<\/p>\t\t\t\t\t\t\t\t<\/div>\n\t\t\t\t<\/div>\n\t\t\t\t<div class=\"elementor-element elementor-element-728e27b elementor-widget elementor-widget-button\" data-id=\"728e27b\" data-element_type=\"widget\" data-widget_type=\"button.default\">\n\t\t\t\t<div class=\"elementor-widget-container\">\n\t\t\t\t\t\t\t\t\t<div class=\"elementor-button-wrapper\">\n\t\t\t\t\t<a class=\"elementor-button elementor-button-link elementor-size-sm elementor-animation-grow\" href=\"https:\/\/www.kalvottajat.fi\/suntek\/koulutukset\/\">\n\t\t\t\t\t\t<span class=\"elementor-button-content-wrapper\">\n\t\t\t\t\t\t\t\t\t<span class=\"elementor-button-text\">Lue lis\u00e4\u00e4<\/span>\n\t\t\t\t\t<\/span>\n\t\t\t\t\t<\/a>\n\t\t\t\t<\/div>\n\t\t\t\t\t\t\t\t<\/div>\n\t\t\t\t<\/div>\n\t\t\t\t<\/div>\n\t\t\t\t\t<\/div>\n\t\t\t\t<\/div>\n\t\t<div class=\"elementor-element elementor-element-631eb92 e-flex e-con-boxed e-con e-parent\" data-id=\"631eb92\" data-element_type=\"container\">\n\t\t\t\t\t<div class=\"e-con-inner\">\n\t\t<div class=\"elementor-element elementor-element-d20100d e-con-full e-flex e-con e-child\" data-id=\"d20100d\" data-element_type=\"container\" data-settings=\"{&quot;background_background&quot;:&quot;classic&quot;}\">\n\t\t<div class=\"elementor-element elementor-element-0dd3882 e-flex e-con-boxed e-con e-child\" data-id=\"0dd3882\" data-element_type=\"container\">\n\t\t\t\t\t<div class=\"e-con-inner\">\n\t\t\t\t<div class=\"elementor-element elementor-element-41f546f elementor-align-center elementor-widget elementor-widget-button\" data-id=\"41f546f\" data-element_type=\"widget\" data-widget_type=\"button.default\">\n\t\t\t\t<div class=\"elementor-widget-container\">\n\t\t\t\t\t\t\t\t\t<div class=\"elementor-button-wrapper\">\n\t\t\t\t\t<a class=\"elementor-button elementor-button-link elementor-size-sm elementor-animation-grow\" href=\"https:\/\/www.kalvottajat.fi\/suntek\/yritysesittely\/\">\n\t\t\t\t\t\t<span class=\"elementor-button-content-wrapper\">\n\t\t\t\t\t\t\t\t\t<span class=\"elementor-button-text\">Yritysesittely<\/span>\n\t\t\t\t\t<\/span>\n\t\t\t\t\t<\/a>\n\t\t\t\t<\/div>\n\t\t\t\t\t\t\t\t<\/div>\n\t\t\t\t<\/div>\n\t\t\t\t\t<\/div>\n\t\t\t\t<\/div>\n\t\t<div class=\"elementor-element elementor-element-237e494 e-flex e-con-boxed e-con e-child\" data-id=\"237e494\" data-element_type=\"container\">\n\t\t\t\t\t<div class=\"e-con-inner\">\n\t\t\t\t\t<\/div>\n\t\t\t\t<\/div>\n\t\t\t\t<\/div>\n\t\t<div class=\"elementor-element elementor-element-2cb7d3d e-con-full e-flex e-con e-child\" data-id=\"2cb7d3d\" data-element_type=\"container\" data-settings=\"{&quot;background_background&quot;:&quot;classic&quot;}\">\n\t\t\t\t<div class=\"elementor-element elementor-element-a08594a elementor-widget elementor-widget-image\" data-id=\"a08594a\" data-element_type=\"widget\" data-widget_type=\"image.default\">\n\t\t\t\t<div class=\"elementor-widget-container\">\n\t\t\t\t\t\t\t\t\t\t\t\t\t\t\t<img decoding=\"async\" width=\"284\" height=\"376\" src=\"https:\/\/www.kalvottajat.fi\/suntek\/wp-content\/uploads\/2024\/01\/skin-cancer-foundation-recommended-logo-e1706192626417.jpg\" class=\"attachment-large size-large wp-image-489\" alt=\"skin-cancer-foundation-recommended-logo\" srcset=\"https:\/\/www.kalvottajat.fi\/suntek\/wp-content\/uploads\/2024\/01\/skin-cancer-foundation-recommended-logo-e1706192626417.jpg 284w, https:\/\/www.kalvottajat.fi\/suntek\/wp-content\/uploads\/2024\/01\/skin-cancer-foundation-recommended-logo-e1706192626417-227x300.jpg 227w\" sizes=\"(max-width: 284px) 100vw, 284px\" \/>\t\t\t\t\t\t\t\t\t\t\t\t\t\t\t<\/div>\n\t\t\t\t<\/div>\n\t\t\t\t<div class=\"elementor-element elementor-element-5ed3255 elementor-widget elementor-widget-text-editor\" data-id=\"5ed3255\" data-element_type=\"widget\" data-widget_type=\"text-editor.default\">\n\t\t\t\t<div class=\"elementor-widget-container\">\n\t\t\t\t\t\t\t\t\t<p style=\"font-weight: 400; text-align: center;\">The Skin Cancer Foundationin Suositus<\/p><p style=\"font-weight: 400; text-align: center;\">Tuotteemme, joilla on yli 99 % UV-suoja (300-380 nm), ovat saaneet The Skin Cancer Foundationin Suosituksen.<\/p>\t\t\t\t\t\t\t\t<\/div>\n\t\t\t\t<\/div>\n\t\t\t\t<\/div>\n\t\t\t\t\t<\/div>\n\t\t\t\t<\/div>\n\t\t<div class=\"elementor-element elementor-element-c5e08ab e-flex e-con-boxed e-con e-parent\" data-id=\"c5e08ab\" data-element_type=\"container\">\n\t\t\t\t\t<div class=\"e-con-inner\">\n\t\t<div class=\"elementor-element elementor-element-9f52339 e-con-full e-flex e-con e-child\" data-id=\"9f52339\" data-element_type=\"container\">\n\t\t\t\t<div class=\"elementor-element elementor-element-758a77d elementor-widget elementor-widget-text-editor\" data-id=\"758a77d\" data-element_type=\"widget\" data-widget_type=\"text-editor.default\">\n\t\t\t\t<div class=\"elementor-widget-container\">\n\t\t\t\t\t\t\t\t\t<p>Ota <span style=\"color: #243474;\">yhteytt\u00e4<\/span><\/p>\t\t\t\t\t\t\t\t<\/div>\n\t\t\t\t<\/div>\n\t\t\t\t<\/div>\n\t\t<div class=\"elementor-element elementor-element-ed4a7be e-con-full e-flex e-con e-child\" data-id=\"ed4a7be\" data-element_type=\"container\">\n\t\t\t\t<div class=\"elementor-element elementor-element-63b2d60 elementor-button-align-stretch elementor-widget elementor-widget-form\" data-id=\"63b2d60\" data-element_type=\"widget\" data-settings=\"{&quot;step_next_label&quot;:&quot;Next&quot;,&quot;step_previous_label&quot;:&quot;Previous&quot;,&quot;button_width&quot;:&quot;100&quot;,&quot;step_type&quot;:&quot;number_text&quot;,&quot;step_icon_shape&quot;:&quot;circle&quot;}\" data-widget_type=\"form.default\">\n\t\t\t\t<div class=\"elementor-widget-container\">\n\t\t\t\t\t\t\t<form class=\"elementor-form\" method=\"post\" name=\"Suntek yhteydenottolomake\">\n\t\t\t<input type=\"hidden\" name=\"post_id\" value=\"44\"\/>\n\t\t\t<input type=\"hidden\" name=\"form_id\" value=\"63b2d60\"\/>\n\t\t\t<input type=\"hidden\" name=\"referer_title\" value=\"\" \/>\n\n\t\t\t\n\t\t\t<div class=\"elementor-form-fields-wrapper elementor-labels-\">\n\t\t\t\t\t\t\t\t<div class=\"elementor-field-type-text elementor-field-group elementor-column elementor-field-group-name elementor-col-100 elementor-field-required\">\n\t\t\t\t\t\t\t\t\t\t\t\t<label for=\"form-field-name\" class=\"elementor-field-label elementor-screen-only\">\n\t\t\t\t\t\t\t\tNimi\t\t\t\t\t\t\t<\/label>\n\t\t\t\t\t\t\t\t\t\t\t\t\t\t<input size=\"1\" type=\"text\" name=\"form_fields[name]\" id=\"form-field-name\" class=\"elementor-field elementor-size-lg  elementor-field-textual\" placeholder=\"Nimi\" required=\"required\" aria-required=\"true\">\n\t\t\t\t\t\t\t\t\t\t\t<\/div>\n\t\t\t\t\t\t\t\t<div class=\"elementor-field-type-email elementor-field-group elementor-column elementor-field-group-email elementor-col-100 elementor-field-required\">\n\t\t\t\t\t\t\t\t\t\t\t\t<label for=\"form-field-email\" class=\"elementor-field-label elementor-screen-only\">\n\t\t\t\t\t\t\t\tS\u00e4hk\u00f6posti\t\t\t\t\t\t\t<\/label>\n\t\t\t\t\t\t\t\t\t\t\t\t\t\t<input size=\"1\" type=\"email\" name=\"form_fields[email]\" id=\"form-field-email\" class=\"elementor-field elementor-size-lg  elementor-field-textual\" placeholder=\"S\u00e4hk\u00f6posti\" required=\"required\" aria-required=\"true\">\n\t\t\t\t\t\t\t\t\t\t\t<\/div>\n\t\t\t\t\t\t\t\t<div class=\"elementor-field-type-tel elementor-field-group elementor-column elementor-field-group-field_38e1166 elementor-col-100 elementor-field-required\">\n\t\t\t\t\t\t\t\t\t\t\t\t<label for=\"form-field-field_38e1166\" class=\"elementor-field-label elementor-screen-only\">\n\t\t\t\t\t\t\t\tPuhelinnumero\t\t\t\t\t\t\t<\/label>\n\t\t\t\t\t\t\t\t<input size=\"1\" type=\"tel\" name=\"form_fields[field_38e1166]\" id=\"form-field-field_38e1166\" class=\"elementor-field elementor-size-lg  elementor-field-textual\" placeholder=\"Puhelinnumero\" required=\"required\" aria-required=\"true\" pattern=\"[0-9()#&amp;+*-=.]+\" title=\"Only numbers and phone characters (#, -, *, etc) are accepted.\">\n\n\t\t\t\t\t\t<\/div>\n\t\t\t\t\t\t\t\t<div class=\"elementor-field-type-textarea elementor-field-group elementor-column elementor-field-group-message elementor-col-100 elementor-field-required\">\n\t\t\t\t\t\t\t\t\t\t\t\t<label for=\"form-field-message\" class=\"elementor-field-label elementor-screen-only\">\n\t\t\t\t\t\t\t\tViesti\t\t\t\t\t\t\t<\/label>\n\t\t\t\t\t\t<textarea class=\"elementor-field-textual elementor-field  elementor-size-lg\" name=\"form_fields[message]\" id=\"form-field-message\" rows=\"4\" placeholder=\"Viesti\" required=\"required\" aria-required=\"true\"><\/textarea>\t\t\t\t<\/div>\n\t\t\t\t\t\t\t\t<div class=\"elementor-field-type-checkbox elementor-field-group elementor-column elementor-field-group-field_b28609a elementor-col-100\">\n\t\t\t\t\t\t\t\t\t\t\t\t<label for=\"form-field-field_b28609a\" class=\"elementor-field-label elementor-screen-only\">\n\t\t\t\t\t\t\t\tOlen kiinnostunut\t\t\t\t\t\t\t<\/label>\n\t\t\t\t\t\t<div class=\"elementor-field-subgroup  elementor-subgroup-inline\"><span class=\"elementor-field-option\"><input type=\"checkbox\" value=\"SunTek-kalvojen j\u00e4lleenmyynnist\u00e4\" id=\"form-field-field_b28609a-0\" name=\"form_fields[field_b28609a][]\"> <label for=\"form-field-field_b28609a-0\">SunTek-kalvojen j\u00e4lleenmyynnist\u00e4<\/label><\/span><span class=\"elementor-field-option\"><input type=\"checkbox\" value=\"Kalvokoulutuksesta\" id=\"form-field-field_b28609a-1\" name=\"form_fields[field_b28609a][]\"> <label for=\"form-field-field_b28609a-1\">Kalvokoulutuksesta<\/label><\/span><span class=\"elementor-field-option\"><input type=\"checkbox\" value=\"SunTek Core leikkausohjelmistosta\" id=\"form-field-field_b28609a-2\" name=\"form_fields[field_b28609a][]\"> <label for=\"form-field-field_b28609a-2\">SunTek Core leikkausohjelmistosta<\/label><\/span><span class=\"elementor-field-option\"><input type=\"checkbox\" value=\"Jostain muusta\" id=\"form-field-field_b28609a-3\" name=\"form_fields[field_b28609a][]\"> <label for=\"form-field-field_b28609a-3\">Jostain muusta<\/label><\/span><\/div>\t\t\t\t<\/div>\n\t\t\t\t\t\t\t\t<div class=\"elementor-field-type-recaptcha_v3 elementor-field-group elementor-column elementor-field-group-field_88d3646 elementor-col-100 recaptcha_v3-inline\">\n\t\t\t\t\t<div class=\"elementor-field\" id=\"form-field-field_88d3646\"><div class=\"elementor-g-recaptcha\" data-sitekey=\"6Lfo-WApAAAAAIHCCQ7N00GvyzDsXyLNOdL1zR6f\" data-type=\"v3\" data-action=\"Form\" data-badge=\"inline\" data-size=\"invisible\"><\/div><\/div>\t\t\t\t<\/div>\n\t\t\t\t\t\t\t\t<div class=\"elementor-field-group elementor-column elementor-field-type-submit elementor-col-100 e-form__buttons\">\n\t\t\t\t\t<button type=\"submit\" class=\"elementor-button elementor-size-lg\">\n\t\t\t\t\t\t<span >\n\t\t\t\t\t\t\t\t\t\t\t\t\t\t\t<span class=\" elementor-button-icon\">\n\t\t\t\t\t\t\t\t\t\t\t\t\t\t\t\t\t\t\t\t\t\t\t\t\t\t<\/span>\n\t\t\t\t\t\t\t\t\t\t\t\t\t\t\t\t\t\t\t\t\t\t<span class=\"elementor-button-text\">L\u00e4het\u00e4<\/span>\n\t\t\t\t\t\t\t\t\t\t\t\t\t<\/span>\n\t\t\t\t\t<\/button>\n\t\t\t\t<\/div>\n\t\t\t<\/div>\n\t\t<\/form>\n\t\t\t\t\t\t<\/div>\n\t\t\t\t<\/div>\n\t\t\t\t<\/div>\n\t\t\t\t\t<\/div>\n\t\t\t\t<\/div>\n\t\t\t\t<\/div>\n\t\t","protected":false},"excerpt":{"rendered":"<p>N\u00e4k\u00f6suojaa, energiatehokkuutta ja mukavuutta Suntek Kiinteist\u00f6kalvoilla Eastman Performance Films on valmistanut alan johtavia SunTek ajoneuvo- ja kiinteist\u00f6kalvoja jo yli 65 vuoden ajan. Eastman ty\u00f6llist\u00e4\u00e4 14500 ihmist\u00e4 ymp\u00e4ri maailman ja palvelee asiakkaitaan yli 100 eri maassa, mik\u00e4 tekee yrityksest\u00e4 yhden maailman suurimmista kalvovalmistajista. Lue tarkempi yritysesittely. Oy One-Pro Ab on SunTek:in virallinen maahantuoja Suomessa, ja tarjoaa [&hellip;]<\/p>\n","protected":false},"author":1,"featured_media":0,"parent":0,"menu_order":0,"comment_status":"closed","ping_status":"closed","template":"elementor_header_footer","meta":{"footnotes":""},"_links":{"self":[{"href":"https:\/\/www.kalvottajat.fi\/suntek\/wp-json\/wp\/v2\/pages\/44"}],"collection":[{"href":"https:\/\/www.kalvottajat.fi\/suntek\/wp-json\/wp\/v2\/pages"}],"about":[{"href":"https:\/\/www.kalvottajat.fi\/suntek\/wp-json\/wp\/v2\/types\/page"}],"author":[{"embeddable":true,"href":"https:\/\/www.kalvottajat.fi\/suntek\/wp-json\/wp\/v2\/users\/1"}],"replies":[{"embeddable":true,"href":"https:\/\/www.kalvottajat.fi\/suntek\/wp-json\/wp\/v2\/comments?post=44"}],"version-history":[{"count":31,"href":"https:\/\/www.kalvottajat.fi\/suntek\/wp-json\/wp\/v2\/pages\/44\/revisions"}],"predecessor-version":[{"id":1313,"href":"https:\/\/www.kalvottajat.fi\/suntek\/wp-json\/wp\/v2\/pages\/44\/revisions\/1313"}],"wp:attachment":[{"href":"https:\/\/www.kalvottajat.fi\/suntek\/wp-json\/wp\/v2\/media?parent=44"}],"curies":[{"name":"wp","href":"https:\/\/api.w.org\/{rel}","templated":true}]}}