{"id":32,"date":"2023-05-26T05:58:04","date_gmt":"2023-05-26T05:58:04","guid":{"rendered":"https:\/\/www.kalvottajat.fi\/suntek\/?page_id=32"},"modified":"2024-02-01T12:51:27","modified_gmt":"2024-02-01T12:51:27","slug":"tietosuojaseloste","status":"publish","type":"page","link":"https:\/\/www.kalvottajat.fi\/suntek\/tietosuojaseloste\/","title":{"rendered":"Tietosuojaseloste"},"content":{"rendered":"\t\t<div data-elementor-type=\"wp-page\" data-elementor-id=\"32\" class=\"elementor elementor-32\" data-elementor-post-type=\"page\">\n\t\t\t\t\t\t<section class=\"elementor-section elementor-top-section elementor-element elementor-element-a1d7968 elementor-section-full_width elementor-section-height-default elementor-section-height-default\" data-id=\"a1d7968\" data-element_type=\"section\">\n\t\t\t\t\t\t<div class=\"elementor-container elementor-column-gap-default\">\n\t\t\t\t\t<div class=\"elementor-column elementor-col-16 elementor-top-column elementor-element elementor-element-3d9b37d\" data-id=\"3d9b37d\" data-element_type=\"column\">\n\t\t\t<div class=\"elementor-widget-wrap\">\n\t\t\t\t\t\t\t<\/div>\n\t\t<\/div>\n\t\t\t\t<div class=\"elementor-column elementor-col-66 elementor-top-column elementor-element elementor-element-21a482d\" data-id=\"21a482d\" data-element_type=\"column\">\n\t\t\t<div class=\"elementor-widget-wrap elementor-element-populated\">\n\t\t\t\t\t\t<div class=\"elementor-element elementor-element-bcfbe4b elementor-widget elementor-widget-heading\" data-id=\"bcfbe4b\" data-element_type=\"widget\" data-widget_type=\"heading.default\">\n\t\t\t\t<div class=\"elementor-widget-container\">\n\t\t\t\t\t<h1 class=\"elementor-heading-title elementor-size-default\">OY ONE-PRO AB ASIAKASREKISTERI- JA TIETOSUOJASELOSTE<\/h1>\t\t\t\t<\/div>\n\t\t\t\t<\/div>\n\t\t\t\t<div class=\"elementor-element elementor-element-7f9ada5 elementor-widget elementor-widget-text-editor\" data-id=\"7f9ada5\" data-element_type=\"widget\" data-widget_type=\"text-editor.default\">\n\t\t\t\t<div class=\"elementor-widget-container\">\n\t\t\t\t\t\t\t\t\t<p>Yhti\u00f6mme on sitoutunut suojaamaan yksityisyytt\u00e4si ja haluamme aktiivisesti tiedottaa henkil\u00f6tietojen suojaamisessa noudattamistamme periaatteista.<\/p><p>Henkil\u00f6tietojen k\u00e4sittelyss\u00e4 noudatamme Suomen lakeja ja asetuksia yksityisyyden suojasta.<\/p><ol><li><p>Rekisterinpit\u00e4j\u00e4<\/p><p>Oy One-Pro Ab, Puutarhatie 20 A, 01300 Vantaa,\u00a0y-tunnus 1908169-9<br \/>Puh. <a href=\"tel:09 231 500 50\">09 231 500 50<\/a>\u00a0<\/p><p>Yhteyshenkil\u00f6 rekisteri\u00e4 koskevissa asioissa \u00a0on toimitusjohtaja Markku Koskinen<\/p><\/li><li><p>Keiden tietoja k\u00e4sittelemme?<\/p><p>Ker\u00e4\u00e4mme asiakkaiden ja potentiaalisten asiakkaiden sek\u00e4 yhteisty\u00f6kumppaneiden tietoja.<\/p><\/li><li><p>Mit\u00e4 tietoja ker\u00e4\u00e4mme?<\/p><p>Etunimi, sukunimi, s\u00e4hk\u00f6postiosoite, puhelinnumero, yrityksen nimi, yrityksen verkkosivujen osoite, ip-osoite.<\/p><\/li><li><p>Miksi ker\u00e4\u00e4mme tietoja?<\/p><p>Ker\u00e4tt\u00e4vi\u00e4 henkil\u00f6tietoja k\u00e4ytet\u00e4\u00e4n asiakassuhteiden yll\u00e4pitoon ja hoitoon sek\u00e4 palvelun edellytt\u00e4mien yhteydenottojen mahdollistamiseen. Lis\u00e4ksi henkil\u00f6tietoja voidaan k\u00e4ytt\u00e4\u00e4 suoramarkkinointiin.<\/p><p>Oy One-Pro Ab \u00a0ker\u00e4\u00e4 henkil\u00f6tietoja voidakseen tehd\u00e4 asiakaspalvelustaan paremmin sujuvaa ja yksil\u00f6idymp\u00e4\u00e4. Ker\u00e4\u00e4mme henkil\u00f6tietorekisteri\u00e4 my\u00f6s uutiskirjeen tilaajistamme.<\/p><\/li><li><p>Mist\u00e4 saamme tiedot?<\/p><p>Rekisteriin ker\u00e4t\u00e4\u00e4n tietoa henkil\u00f6lt\u00e4 itselt\u00e4\u00e4n sek\u00e4 viranomaisten tai yritysten pit\u00e4mist\u00e4 rekistereist\u00e4 lain sallimissa rajoissa.<\/p><\/li><li><p>Kuka muu k\u00e4sittelee tietojasi?<\/p><p>Tietojasi k\u00e4sittelee uutiskirjej\u00e4rjestelm\u00e4 ja Google Analytics. Tietoja luovutetaan yrityksen ulkopuolelle ainoastaan niilt\u00e4 osin, kun tilausten toimittaminen ja tekniset ratkaisut sit\u00e4 vaativat. Tietoja ei s\u00e4\u00e4nn\u00f6nmukaisesti siirret\u00e4 tai luovuteta EU:n tai Euroopan talousalueen ulkopuolelle.<\/p><\/li><li><p>Ev\u00e4steiden (cookies) k\u00e4ytt\u00f6<\/p><p><strong>K\u00e4yt\u00e4mme ev\u00e4steit\u00e4<\/strong><br \/>Sivustollamme k\u00e4ytet\u00e4\u00e4n ev\u00e4steit\u00e4. Ev\u00e4steit\u00e4 ja niiden avulla ker\u00e4tt\u00e4vi\u00e4 tietoja k\u00e4ytet\u00e4\u00e4n palveluiden tehokkuuden ja k\u00e4ytt\u00e4j\u00e4yst\u00e4v\u00e4llisyyden parantamiseksi. Ev\u00e4steiden avulla ker\u00e4t\u00e4\u00e4n tietoja siit\u00e4, kuinka k\u00e4vij\u00e4t liikkuvat ja k\u00e4ytt\u00e4ytyv\u00e4t verkkosivuilla. Ev\u00e4steiden avulla saatu tieto on luonteeltaan anonyymi\u00e4. Yksityisyydensuojaa koskevan lains\u00e4\u00e4d\u00e4nn\u00f6n puitteissa ev\u00e4steiden ja muiden tekniikoiden avulla saatua tietoa voidaan kuitenkin yhdist\u00e4\u00e4 k\u00e4ytt\u00e4j\u00e4lt\u00e4 mahdollisesti muussa yhteydess\u00e4 saatuihin tietoihin. Pyyd\u00e4mme luvan ev\u00e4steiden k\u00e4ytt\u00f6\u00f6n, kun vierailet sivustollamme. Sivustolla k\u00e4ytetyt ev\u00e4steet on luokiteltu eri kategorioihin. Voit muokata valintojasi milloin tahansa sivustomme ev\u00e4steasetuksissa tai muuttamalla selaimesi asetuksia. L\u00f6yd\u00e4t tarkat toimintaohjeet t\u00e4st\u00e4 selostuksesta.<\/p><p><strong>Mit\u00e4 ev\u00e4steet ovat?<br \/><\/strong>Ev\u00e4steet ovat pieni\u00e4 tekstitiedostoja, joita sivusto tallentaa k\u00e4ytt\u00e4j\u00e4n selaimelle sivustovierailun aikana. Ev\u00e4steet ker\u00e4\u00e4v\u00e4t ja tallentavat tietoa, jotka mahdollistavat kirjautumisen verkkosivustolle, verkkokaupan ostoskorin k\u00e4yt\u00f6n sek\u00e4 analysoi k\u00e4ytt\u00e4ytymist\u00e4si sivustolla, jotta sivuston toimintaa voidaan kehitt\u00e4\u00e4.<\/p><p><strong>Kolmansien osapuolten ev\u00e4steet<\/strong><br \/>K\u00e4yt\u00e4mme sivustolla kolmansien osapuolten ev\u00e4steit\u00e4. Oy One-Pro Ab k\u00e4ytt\u00e4\u00e4 kolmansien osapuolten tarjoamia alustoja muun muassa digitaaliseen viestint\u00e4\u00e4n, kuten Facebookia ja Google Adsia. N\u00e4m\u00e4 alustat k\u00e4ytt\u00e4v\u00e4t sek\u00e4 ensimm\u00e4isen osapuolen ett\u00e4 kolmansien osapuolten ev\u00e4steit\u00e4 sek\u00e4 samankaltaisia teknologioita mainostaakseen ja seuratakseen mainonnan tuloksia. K\u00e4yt\u00e4mme kolmansien osapuolten ev\u00e4steit\u00e4 ymm\u00e4rt\u00e4\u00e4ksemme ja seurataksemme, miten selaat eri verkkosivustoja. Saamme tietoja n\u00e4ist\u00e4 ev\u00e4steist\u00e4, mutta tietoja voidaan k\u00e4ytt\u00e4\u00e4 my\u00f6s muihin kolmansien osapuolten m\u00e4\u00e4ritt\u00e4miin tarkoituksiin.<br \/>Verkkosivustoltamme l\u00f6ytyviin kolmansien osapuolten ev\u00e4steisiin sovelletaan kyseisen kolmannen osapuolen tietosuojak\u00e4yt\u00e4nt\u00f6j\u00e4.<\/p><p><strong>Erilaiset ev\u00e4steet<\/strong><br \/>K\u00e4yt\u00e4mme sivustollamme ev\u00e4steit\u00e4 ker\u00e4t\u00e4ksemme ja analysoidaksemme sivuston suorituskyky\u00e4 ja k\u00e4ytt\u00f6\u00e4, tarjotaksemme sosiaalisen median ominaisuuksia sek\u00e4 parantaaksemme ja r\u00e4\u00e4t\u00e4l\u00f6id\u00e4ksemme sis\u00e4lt\u00f6\u00e4 sek\u00e4 mainoksia. Seuraavassa tarkennukset k\u00e4ytt\u00e4mist\u00e4mme ev\u00e4steist\u00e4.<\/p><p><strong>V\u00e4ltt\u00e4m\u00e4tt\u00f6m\u00e4t ev\u00e4steet<\/strong><br \/>N\u00e4m\u00e4 ev\u00e4steet ovat v\u00e4ltt\u00e4m\u00e4tt\u00f6mi\u00e4 verkkosivuston ydintoimintojen tarjoamiseksi. Verkkosivusto ei toimi kunnolla ilman n\u00e4it\u00e4 ev\u00e4steit\u00e4, jotka ovat oletuksena k\u00e4yt\u00f6ss\u00e4. N\u00e4iden ev\u00e4steiden asettamiseen emme tarvitse suostumustasi, mutta voit poistaa ne k\u00e4yt\u00f6st\u00e4 muuttamalla selaimesi asetuksia. Ev\u00e4steiden poistaminen vaikuttaa verkkosivun toimintaan, jolloin kaikki toiminnot eiv\u00e4t v\u00e4ltt\u00e4m\u00e4tt\u00e4 toimi.<\/p><p><strong>Toiminnalliset ev\u00e4steet<\/strong><br \/>Mieltymysev\u00e4steet tarjoavat verkkosivustolle mahdollisuuden tallentaa tietoa, jonka avulla voimme r\u00e4\u00e4t\u00e4l\u00f6id\u00e4 verkkosivun ulkoasua tai k\u00e4ytt\u00e4ytymist\u00e4 k\u00e4ytt\u00e4j\u00e4n mukaan. Ev\u00e4steiden hyv\u00e4ksyminen parantaa kokemustasi verkkosivuvierailusta.<\/p><p><strong>Analyyttiset ev\u00e4steet<br \/><\/strong>Analyyttisia ev\u00e4steit\u00e4 k\u00e4yt\u00e4mme verkkosivuston kehitt\u00e4miseen ker\u00e4\u00e4m\u00e4ll\u00e4 ja raportoimalla sivuston k\u00e4ytt\u00f6\u00e4 koskevaa tietoa. Ev\u00e4steiden avulla voimme kehitt\u00e4\u00e4 sivustoa entist\u00e4 paremmaksi ja k\u00e4ytt\u00e4j\u00e4yst\u00e4v\u00e4llisemm\u00e4ksi.<\/p><p><strong>Markkinointiev\u00e4steet<\/strong><br \/>Markkinointiev\u00e4steit\u00e4 k\u00e4yt\u00e4mme sivuston vierailijoiden seuraamiseen, jotta voimme kohdentaa markkinointia asiaankuuluvilla ja k\u00e4vij\u00e4\u00e4 kiinnostavilla mainoksilla.<\/p><p><strong>Ev\u00e4steiden hallinta<\/strong><br \/>Tallennamme ev\u00e4stevalintasi 12 kuukaudeksi, ellet peruuta suostumustasi. T\u00e4m\u00e4n j\u00e4lkeen pyyd\u00e4mme suostumustasi uudelleen. Jos teet muutoksia asetuksiin, tallennetaan tieto 14 vuorokaudeksi. Voit muokata valitsemiasi ev\u00e4steasetuksiasi milloin tahansa. Sivustomme vasemmasta alareunasta l\u00f6yd\u00e4t rattaan kuvan. Kun viet hiiren rattaan p\u00e4\u00e4lle, ilmestyy viereen teksti \u201dEV\u00c4STEASETUKSET\u201d. Klikkaamalla ratasta, p\u00e4\u00e4set muokkaamaan aiempia valintojasi. Mik\u00e4li p\u00e4ivit\u00e4t valintojasi, suosittelemme p\u00e4ivitt\u00e4m\u00e4\u00e4n selaimen, jotta uudet ev\u00e4steasetukset tulevat voimaan. Saatat joutua muuttamaan selaimesi asetuksia ja poistamaan ev\u00e4steet manuaalisesti tyhjent\u00e4\u00e4ksesi laitteesi aiemmin asetetuista ev\u00e4steist\u00e4.<\/p><p><strong>Ev\u00e4steiden hallinta selaimessa<\/strong><br \/>Voit hallita ev\u00e4steasetuksiasi verkkoselaimen ev\u00e4steiden hallinnan asetuksissa. Selainten omilta verkkosivuilta l\u00f6yd\u00e4t ohjeet, kuinka hallinnoit ev\u00e4steit\u00e4 selaimessasi. Jos est\u00e4t kaikki ev\u00e4steet selaimesi asetuksista, voi se vaikuttaa sivustomme toimivuuteen ja k\u00e4ytt\u00f6kokemukseesi. Ev\u00e4steiden est\u00e4minen voi aiheuttaa sen, ett\u00e4 verkkosivuston palvelut eiv\u00e4t toimi kunnolla, ja jotkin v\u00e4ltt\u00e4m\u00e4tt\u00f6m\u00e4t toiminnallisuudet eiv\u00e4t v\u00e4ltt\u00e4m\u00e4tt\u00e4 toimi lainkaan.<\/p><p><strong>Rekisterin suojaus<\/strong><br \/>Tiedot siirret\u00e4\u00e4n SSL-suojatun yhteyden ylitse sek\u00e4 tiedot suojataan k\u00e4ytt\u00e4j\u00e4tunnuksin ja salasanoin. Tietojen k\u00e4ytt\u00f6oikeus on vain niill\u00e4 rekisterinpit\u00e4j\u00e4n palveluksessa olevilla tai muilla m\u00e4\u00e4ritellyill\u00e4 henkil\u00f6ill\u00e4, jotka tarvitsevat tietoja teht\u00e4viss\u00e4\u00e4n. N\u00e4it\u00e4 henkil\u00f6it\u00e4 sitoo vaitiolovelvollisuus.<\/p><\/li><li><p>Rekisterin suojaus<\/p><p>Tiedot siirret\u00e4\u00e4n SSL-suojatun yhteyden ylitse sek\u00e4 tiedot suojataan k\u00e4ytt\u00e4j\u00e4tunnuksin ja salasanoin. Tietojen k\u00e4ytt\u00f6oikeus on vain niill\u00e4 rekisterinpit\u00e4j\u00e4n palveluksessa olevilla tai muilla m\u00e4\u00e4ritellyill\u00e4 henkil\u00f6ill\u00e4, jotka tarvitsevat tietoja teht\u00e4viss\u00e4\u00e4n. N\u00e4it\u00e4 henkil\u00f6it\u00e4 sitoo vaitiolovelvollisuus.<\/p><\/li><\/ol>\t\t\t\t\t\t\t\t<\/div>\n\t\t\t\t<\/div>\n\t\t\t\t\t<\/div>\n\t\t<\/div>\n\t\t\t\t<div class=\"elementor-column elementor-col-16 elementor-top-column elementor-element elementor-element-f5dcb28\" data-id=\"f5dcb28\" data-element_type=\"column\">\n\t\t\t<div class=\"elementor-widget-wrap\">\n\t\t\t\t\t\t\t<\/div>\n\t\t<\/div>\n\t\t\t\t\t<\/div>\n\t\t<\/section>\n\t\t\t\t<\/div>\n\t\t","protected":false},"excerpt":{"rendered":"<p>OY ONE-PRO AB ASIAKASREKISTERI- JA TIETOSUOJASELOSTE Yhti\u00f6mme on sitoutunut suojaamaan yksityisyytt\u00e4si ja haluamme aktiivisesti tiedottaa henkil\u00f6tietojen suojaamisessa noudattamistamme periaatteista. Henkil\u00f6tietojen k\u00e4sittelyss\u00e4 noudatamme Suomen lakeja ja asetuksia yksityisyyden suojasta. Rekisterinpit\u00e4j\u00e4 Oy One-Pro Ab, Puutarhatie 20 A, 01300 Vantaa,\u00a0y-tunnus 1908169-9Puh. 09 231 500 50\u00a0 Yhteyshenkil\u00f6 rekisteri\u00e4 koskevissa asioissa \u00a0on toimitusjohtaja Markku Koskinen Keiden tietoja k\u00e4sittelemme? Ker\u00e4\u00e4mme asiakkaiden [&hellip;]<\/p>\n","protected":false},"author":1,"featured_media":0,"parent":0,"menu_order":0,"comment_status":"closed","ping_status":"closed","template":"elementor_header_footer","meta":{"footnotes":""},"_links":{"self":[{"href":"https:\/\/www.kalvottajat.fi\/suntek\/wp-json\/wp\/v2\/pages\/32"}],"collection":[{"href":"https:\/\/www.kalvottajat.fi\/suntek\/wp-json\/wp\/v2\/pages"}],"about":[{"href":"https:\/\/www.kalvottajat.fi\/suntek\/wp-json\/wp\/v2\/types\/page"}],"author":[{"embeddable":true,"href":"https:\/\/www.kalvottajat.fi\/suntek\/wp-json\/wp\/v2\/users\/1"}],"replies":[{"embeddable":true,"href":"https:\/\/www.kalvottajat.fi\/suntek\/wp-json\/wp\/v2\/comments?post=32"}],"version-history":[{"count":13,"href":"https:\/\/www.kalvottajat.fi\/suntek\/wp-json\/wp\/v2\/pages\/32\/revisions"}],"predecessor-version":[{"id":1287,"href":"https:\/\/www.kalvottajat.fi\/suntek\/wp-json\/wp\/v2\/pages\/32\/revisions\/1287"}],"wp:attachment":[{"href":"https:\/\/www.kalvottajat.fi\/suntek\/wp-json\/wp\/v2\/media?parent=32"}],"curies":[{"name":"wp","href":"https:\/\/api.w.org\/{rel}","templated":true}]}}