{"id":203,"date":"2024-01-23T13:08:57","date_gmt":"2024-01-23T13:08:57","guid":{"rendered":"https:\/\/www.kalvottajat.fi\/suntek\/?page_id=203"},"modified":"2024-02-02T10:15:06","modified_gmt":"2024-02-02T10:15:06","slug":"yritysesittely","status":"publish","type":"page","link":"https:\/\/www.kalvottajat.fi\/suntek\/yritysesittely\/","title":{"rendered":"Yritysesittely"},"content":{"rendered":"\t\t<div data-elementor-type=\"wp-page\" data-elementor-id=\"203\" class=\"elementor elementor-203\" data-elementor-post-type=\"page\">\n\t\t\t\t<div class=\"elementor-element elementor-element-c4f1795 e-flex e-con-boxed e-con e-parent\" data-id=\"c4f1795\" data-element_type=\"container\" data-settings=\"{&quot;background_background&quot;:&quot;classic&quot;}\">\n\t\t\t\t\t<div class=\"e-con-inner\">\n\t\t<div class=\"elementor-element elementor-element-daa2005 e-con-full e-flex e-con e-child\" data-id=\"daa2005\" data-element_type=\"container\" data-settings=\"{&quot;background_background&quot;:&quot;classic&quot;}\">\n\t\t\t\t<div class=\"elementor-element elementor-element-cb855f6 elementor-widget elementor-widget-heading\" data-id=\"cb855f6\" data-element_type=\"widget\" data-widget_type=\"heading.default\">\n\t\t\t\t<div class=\"elementor-widget-container\">\n\t\t\t\t\t<h1 class=\"elementor-heading-title elementor-size-default\">Yritysesittely<\/h1>\t\t\t\t<\/div>\n\t\t\t\t<\/div>\n\t\t\t\t<\/div>\n\t\t<div class=\"elementor-element elementor-element-459218e e-con-full e-flex e-con e-child\" data-id=\"459218e\" data-element_type=\"container\">\n\t\t\t\t<\/div>\n\t\t\t\t\t<\/div>\n\t\t\t\t<\/div>\n\t\t<div class=\"elementor-element elementor-element-e697524 e-flex e-con-boxed e-con e-parent\" data-id=\"e697524\" data-element_type=\"container\">\n\t\t\t\t\t<div class=\"e-con-inner\">\n\t\t\t\t<div class=\"elementor-element elementor-element-bc5764f elementor-widget elementor-widget-image\" data-id=\"bc5764f\" data-element_type=\"widget\" data-widget_type=\"image.default\">\n\t\t\t\t<div class=\"elementor-widget-container\">\n\t\t\t\t\t\t\t\t\t\t\t\t\t\t\t\t<a href=\"https:\/\/suntekfilms.com\/emea\/en\/\" target=\"_blank\" rel=\"noopener\">\n\t\t\t\t\t\t\t<img fetchpriority=\"high\" decoding=\"async\" width=\"800\" height=\"169\" src=\"https:\/\/www.kalvottajat.fi\/suntek\/wp-content\/uploads\/2023\/05\/SunTek-Logo.png\" class=\"attachment-large size-large wp-image-59\" alt=\"SunTek Logo One-Pro\" srcset=\"https:\/\/www.kalvottajat.fi\/suntek\/wp-content\/uploads\/2023\/05\/SunTek-Logo.png 800w, https:\/\/www.kalvottajat.fi\/suntek\/wp-content\/uploads\/2023\/05\/SunTek-Logo-300x63.png 300w, https:\/\/www.kalvottajat.fi\/suntek\/wp-content\/uploads\/2023\/05\/SunTek-Logo-768x162.png 768w\" sizes=\"(max-width: 800px) 100vw, 800px\" \/>\t\t\t\t\t\t\t\t<\/a>\n\t\t\t\t\t\t\t\t\t\t\t\t\t\t\t<\/div>\n\t\t\t\t<\/div>\n\t\t\t\t\t<\/div>\n\t\t\t\t<\/div>\n\t\t<div class=\"elementor-element elementor-element-36241c6 e-flex e-con-boxed e-con e-parent\" data-id=\"36241c6\" data-element_type=\"container\">\n\t\t\t\t\t<div class=\"e-con-inner\">\n\t\t<div class=\"elementor-element elementor-element-0a102d1 e-con-full e-flex e-con e-child\" data-id=\"0a102d1\" data-element_type=\"container\">\n\t\t\t\t<div class=\"elementor-element elementor-element-1c89aa9 elementor-widget elementor-widget-text-editor\" data-id=\"1c89aa9\" data-element_type=\"widget\" data-widget_type=\"text-editor.default\">\n\t\t\t\t<div class=\"elementor-widget-container\">\n\t\t\t\t\t\t\t\t\t<p style=\"font-weight: 400;\">Perustamisvuodestaan 1920 l\u00e4htien Eastman Chemical Company on vakiinnuttanut asemansa maailmanlaajuisena erikoismateriaalien edell\u00e4k\u00e4vij\u00e4n\u00e4, tarjoten monipuolisen valikoiman tuotteita, jotka ovat osa ihmisten p\u00e4ivitt\u00e4ist\u00e4 arkea. Yritys panostaa aktiivisesti materiaalisten innovaatioiden kehitt\u00e4miseen yhteisty\u00f6ss\u00e4 asiakkaidensa kanssa, ja samalla se korostaa vahvaa sitoutumistaan turvallisuuteen ja kest\u00e4v\u00e4\u00e4n kehitykseen.<\/p><p style=\"font-weight: 400;\">Innovaatiovetoinen kasvumalli ohjaa Eastmania hy\u00f6dynt\u00e4m\u00e4\u00e4n huipputeknologisia alustoja, syv\u00e4\u00e4 asiakasymm\u00e4rryst\u00e4 ja monipuolista sovelluskehityst\u00e4, mik\u00e4 vahvistaa sen asemaa johtavilla markkinoilla, kuten liikenteess\u00e4, rakentamisessa ja kulutushy\u00f6dykkeiss\u00e4. Maailmanlaajuisesti vaikuttava ja monimuotoinen yritys, Eastman, ty\u00f6llist\u00e4\u00e4 noin 14 500 asiantuntijaa eri puolilta maailmaa ja palvelee asiakkaitaan yli 100 maassa.<\/p><p style=\"font-weight: 400;\">Yli 65 vuoden kokemuksella Eastman Performance Films on saavuttanut vankan maineen korkean suorituskyvyn ikkunatummennus- ja maalinsuojakalvojen valmistajana, toimien aktiivisesti autoalalla sek\u00e4 asuin- ja liikekiinteist\u00f6kohteissa. Yritys tunnetaan maailmanlaajuisesti alan johtajana ja innovatiivisena energiaratkaisujen tarjoajana, valmistajana ammattitason ikkunakalvoista, maalipinnansuojakalvoista, teollisuuspinnoitteista, liimoista ja laminaateista. SunTek-ikkunakalvot on asennettu useisiin eri kohteisiin maailmanlaajuisesti, tuoden mukanaan energians\u00e4\u00e4st\u00f6\u00e4 sek\u00e4 lis\u00e4\u00e4m\u00e4ll\u00e4 mukavuutta, yksityisyytt\u00e4 ja turvallisuutta.<\/p><p style=\"font-weight: 400;\">Eastman Performance Films sitoutuu jatkuvasti tarjoamaan markkinoiden huipputuotteita yhdistettyn\u00e4 ensiluokkaiseen asiakaspalveluun kaikille SunTekin asiakkaille. SunTekin omistautunut tiimi on aina valmiina tukemaan asiakkaita tuotteiden valinnassa, asennustavoissa ja teknisiss\u00e4 kysymyksiss\u00e4.<\/p>\t\t\t\t\t\t\t\t<\/div>\n\t\t\t\t<\/div>\n\t\t\t\t<\/div>\n\t\t\t\t\t<\/div>\n\t\t\t\t<\/div>\n\t\t<div class=\"elementor-element elementor-element-397347c e-flex e-con-boxed e-con e-parent\" data-id=\"397347c\" data-element_type=\"container\">\n\t\t\t\t\t<div class=\"e-con-inner\">\n\t\t\t\t<div class=\"elementor-element elementor-element-917c92b elementor-widget elementor-widget-image\" data-id=\"917c92b\" data-element_type=\"widget\" data-widget_type=\"image.default\">\n\t\t\t\t<div class=\"elementor-widget-container\">\n\t\t\t\t\t\t\t\t\t\t\t\t\t\t\t\t<a href=\"https:\/\/one-pro.fi\" target=\"_blank\" rel=\"noopener\">\n\t\t\t\t\t\t\t<img decoding=\"async\" width=\"800\" height=\"195\" src=\"https:\/\/www.kalvottajat.fi\/suntek\/wp-content\/uploads\/2023\/05\/ONE-PRO-logo-SunTek-1024x250.png\" class=\"attachment-large size-large wp-image-53\" alt=\"ONE-PRO logo SunTek\" srcset=\"https:\/\/www.kalvottajat.fi\/suntek\/wp-content\/uploads\/2023\/05\/ONE-PRO-logo-SunTek-1024x250.png 1024w, https:\/\/www.kalvottajat.fi\/suntek\/wp-content\/uploads\/2023\/05\/ONE-PRO-logo-SunTek-300x73.png 300w, https:\/\/www.kalvottajat.fi\/suntek\/wp-content\/uploads\/2023\/05\/ONE-PRO-logo-SunTek-768x187.png 768w, https:\/\/www.kalvottajat.fi\/suntek\/wp-content\/uploads\/2023\/05\/ONE-PRO-logo-SunTek-1536x374.png 1536w, https:\/\/www.kalvottajat.fi\/suntek\/wp-content\/uploads\/2023\/05\/ONE-PRO-logo-SunTek-2048x499.png 2048w, https:\/\/www.kalvottajat.fi\/suntek\/wp-content\/uploads\/2023\/05\/ONE-PRO-logo-SunTek-e1705493916454.png 1200w\" sizes=\"(max-width: 800px) 100vw, 800px\" \/>\t\t\t\t\t\t\t\t<\/a>\n\t\t\t\t\t\t\t\t\t\t\t\t\t\t\t<\/div>\n\t\t\t\t<\/div>\n\t\t\t\t\t<\/div>\n\t\t\t\t<\/div>\n\t\t<div class=\"elementor-element elementor-element-eb3a351 e-flex e-con-boxed e-con e-parent\" data-id=\"eb3a351\" data-element_type=\"container\">\n\t\t\t\t\t<div class=\"e-con-inner\">\n\t\t<div class=\"elementor-element elementor-element-7d545fe e-con-full e-flex e-con e-child\" data-id=\"7d545fe\" data-element_type=\"container\">\n\t\t\t\t<div class=\"elementor-element elementor-element-4569e05 elementor-widget elementor-widget-text-editor\" data-id=\"4569e05\" data-element_type=\"widget\" data-widget_type=\"text-editor.default\">\n\t\t\t\t<div class=\"elementor-widget-container\">\n\t\t\t\t\t\t\t\t\t<div><p>Suomalaisomisteinen Oy ONE-PRO Ab on erikoistunut tuomaan maahan laadukkaita elektronisia laitteita ja tarjoamaan niihin liittyvi\u00e4 palveluita. Yrityksess\u00e4mme ty\u00f6skentelee osaava henkil\u00f6kunta, joilla on vankka 25-35 vuoden alan kokemus ja pitk\u00e4aikainen yhteisty\u00f6 turvallisuusalan yritysten, keskusliikkeiden, kauppaketjujen, automaahantuojien sek\u00e4 muiden erikoisliikkeiden kanssa.<\/p><\/div><div><p>ONE-PRO edustaa ja maahantuo maailmalla tunnettuja ja arvostettuja huippumerkkej\u00e4, ja se perustettiin vuonna 2004 vastaamaan johtavien turvallisuus-, ajoneuvo- ja kotielektroniikkavalmistajien tarpeisiin.<\/p><\/div><div><p>Yhti\u00f6mme ei ainoastaan maahantuo laadukkaita tuotteita, vaan jokainen ty\u00f6ryhm\u00e4mme kehitt\u00e4\u00e4 omaa tuotealuettaan vastaamaan paremmin suomalaisten asiakkaiden tarpeita. Tavoitteenamme on tarjota j\u00e4lleenmyyjillemme ja loppuasiakkaillemme huipputuotteet ja niihin r\u00e4\u00e4t\u00e4l\u00f6idyt palvelut alan parhaalla j\u00e4lkimarkkinointipalvelulla.<\/p><\/div><div><p>J\u00e4rjest\u00e4mme my\u00f6s laadukkaita koulutus- ja esittelymateriaaleja, selkeit\u00e4 asennus- ja k\u00e4ytt\u00f6ohjeita sek\u00e4 muita tukitoimia. Koulutamme asiakkaamme k\u00e4dest\u00e4 k\u00e4teen perjaatteella, jonka ansiosta katamme l\u00e4hes koko Suomen ihmisill\u00e4, jotka ymm\u00e4rt\u00e4v\u00e4t edustamiemme tuotteiden p\u00e4\u00e4lle.<\/p><\/div><div><p>ONE-PRO:n tuotteiden j\u00e4lleenmyyntiverkosto on monipuolinen ja ammattitaitoinen, kattaen l\u00e4hes koko maan. Asiakkaitamme ovat lukuisat turvallisuusalan yritykset, tukkuliikkeet, kauppaketjujen keskusliikkeet, auto- ja moottoripy\u00f6r\u00e4 alalla toimivat yritykset, hifi- ja audioalan liikkeet\u00a0sek\u00e4\u00a0liikelahjaliikkeet. Teemme my\u00f6s tiivist\u00e4 yhteisty\u00f6t\u00e4 vakuutusyhti\u00f6iden, leasing- ja rahoitusyhti\u00f6iden sek\u00e4 suuryritysten kanssa.<\/p><\/div>\t\t\t\t\t\t\t\t<\/div>\n\t\t\t\t<\/div>\n\t\t\t\t<\/div>\n\t\t\t\t\t<\/div>\n\t\t\t\t<\/div>\n\t\t<div class=\"elementor-element elementor-element-5c8ed40 e-flex e-con-boxed e-con e-parent\" data-id=\"5c8ed40\" data-element_type=\"container\">\n\t\t\t\t\t<div class=\"e-con-inner\">\n\t\t<div class=\"elementor-element elementor-element-1c1ecb6 e-con-full e-flex e-con e-child\" data-id=\"1c1ecb6\" data-element_type=\"container\">\n\t\t\t\t<div class=\"elementor-element elementor-element-ef63984 elementor-widget elementor-widget-text-editor\" data-id=\"ef63984\" data-element_type=\"widget\" data-widget_type=\"text-editor.default\">\n\t\t\t\t<div class=\"elementor-widget-container\">\n\t\t\t\t\t\t\t\t\t<p>Ota <span style=\"color: #243474;\">yhteytt\u00e4<\/span><\/p>\t\t\t\t\t\t\t\t<\/div>\n\t\t\t\t<\/div>\n\t\t\t\t<\/div>\n\t\t<div class=\"elementor-element elementor-element-1350b7a e-con-full e-flex e-con e-child\" data-id=\"1350b7a\" data-element_type=\"container\">\n\t\t\t\t<div class=\"elementor-element elementor-element-f06ed11 elementor-button-align-stretch elementor-widget elementor-widget-form\" data-id=\"f06ed11\" data-element_type=\"widget\" data-settings=\"{&quot;step_next_label&quot;:&quot;Next&quot;,&quot;step_previous_label&quot;:&quot;Previous&quot;,&quot;button_width&quot;:&quot;100&quot;,&quot;step_type&quot;:&quot;number_text&quot;,&quot;step_icon_shape&quot;:&quot;circle&quot;}\" data-widget_type=\"form.default\">\n\t\t\t\t<div class=\"elementor-widget-container\">\n\t\t\t\t\t\t\t<form class=\"elementor-form\" method=\"post\" name=\"Suntek yhteydenottolomake\">\n\t\t\t<input type=\"hidden\" name=\"post_id\" value=\"203\"\/>\n\t\t\t<input type=\"hidden\" name=\"form_id\" value=\"f06ed11\"\/>\n\t\t\t<input type=\"hidden\" name=\"referer_title\" value=\"\" \/>\n\n\t\t\t\n\t\t\t<div class=\"elementor-form-fields-wrapper elementor-labels-\">\n\t\t\t\t\t\t\t\t<div class=\"elementor-field-type-text elementor-field-group elementor-column elementor-field-group-name elementor-col-100 elementor-field-required\">\n\t\t\t\t\t\t\t\t\t\t\t\t<label for=\"form-field-name\" class=\"elementor-field-label elementor-screen-only\">\n\t\t\t\t\t\t\t\tNimi\t\t\t\t\t\t\t<\/label>\n\t\t\t\t\t\t\t\t\t\t\t\t\t\t<input size=\"1\" type=\"text\" name=\"form_fields[name]\" id=\"form-field-name\" class=\"elementor-field elementor-size-lg  elementor-field-textual\" placeholder=\"Nimi\" required=\"required\" aria-required=\"true\">\n\t\t\t\t\t\t\t\t\t\t\t<\/div>\n\t\t\t\t\t\t\t\t<div class=\"elementor-field-type-email elementor-field-group elementor-column elementor-field-group-email elementor-col-100 elementor-field-required\">\n\t\t\t\t\t\t\t\t\t\t\t\t<label for=\"form-field-email\" class=\"elementor-field-label elementor-screen-only\">\n\t\t\t\t\t\t\t\tS\u00e4hk\u00f6posti\t\t\t\t\t\t\t<\/label>\n\t\t\t\t\t\t\t\t\t\t\t\t\t\t<input size=\"1\" type=\"email\" name=\"form_fields[email]\" id=\"form-field-email\" class=\"elementor-field elementor-size-lg  elementor-field-textual\" placeholder=\"S\u00e4hk\u00f6posti\" required=\"required\" aria-required=\"true\">\n\t\t\t\t\t\t\t\t\t\t\t<\/div>\n\t\t\t\t\t\t\t\t<div class=\"elementor-field-type-tel elementor-field-group elementor-column elementor-field-group-field_38e1166 elementor-col-100 elementor-field-required\">\n\t\t\t\t\t\t\t\t\t\t\t\t<label for=\"form-field-field_38e1166\" class=\"elementor-field-label elementor-screen-only\">\n\t\t\t\t\t\t\t\tPuhelinnumero\t\t\t\t\t\t\t<\/label>\n\t\t\t\t\t\t\t\t<input size=\"1\" type=\"tel\" name=\"form_fields[field_38e1166]\" id=\"form-field-field_38e1166\" class=\"elementor-field elementor-size-lg  elementor-field-textual\" placeholder=\"Puhelinnumero\" required=\"required\" aria-required=\"true\" pattern=\"[0-9()#&amp;+*-=.]+\" title=\"Only numbers and phone characters (#, -, *, etc) are accepted.\">\n\n\t\t\t\t\t\t<\/div>\n\t\t\t\t\t\t\t\t<div class=\"elementor-field-type-textarea elementor-field-group elementor-column elementor-field-group-message elementor-col-100 elementor-field-required\">\n\t\t\t\t\t\t\t\t\t\t\t\t<label for=\"form-field-message\" class=\"elementor-field-label elementor-screen-only\">\n\t\t\t\t\t\t\t\tViesti\t\t\t\t\t\t\t<\/label>\n\t\t\t\t\t\t<textarea class=\"elementor-field-textual elementor-field  elementor-size-lg\" name=\"form_fields[message]\" id=\"form-field-message\" rows=\"4\" placeholder=\"Viesti\" required=\"required\" aria-required=\"true\"><\/textarea>\t\t\t\t<\/div>\n\t\t\t\t\t\t\t\t<div class=\"elementor-field-type-checkbox elementor-field-group elementor-column elementor-field-group-field_b28609a elementor-col-100\">\n\t\t\t\t\t\t\t\t\t\t\t\t<label for=\"form-field-field_b28609a\" class=\"elementor-field-label elementor-screen-only\">\n\t\t\t\t\t\t\t\tOlen kiinnostunut\t\t\t\t\t\t\t<\/label>\n\t\t\t\t\t\t<div class=\"elementor-field-subgroup  elementor-subgroup-inline\"><span class=\"elementor-field-option\"><input type=\"checkbox\" value=\"SunTek-kalvojen j\u00e4lleenmyynnist\u00e4\" id=\"form-field-field_b28609a-0\" name=\"form_fields[field_b28609a][]\"> <label for=\"form-field-field_b28609a-0\">SunTek-kalvojen j\u00e4lleenmyynnist\u00e4<\/label><\/span><span class=\"elementor-field-option\"><input type=\"checkbox\" value=\"Kalvokoulutuksesta\" id=\"form-field-field_b28609a-1\" name=\"form_fields[field_b28609a][]\"> <label for=\"form-field-field_b28609a-1\">Kalvokoulutuksesta<\/label><\/span><span class=\"elementor-field-option\"><input type=\"checkbox\" value=\"SunTek Core leikkausohjelmistosta\" id=\"form-field-field_b28609a-2\" name=\"form_fields[field_b28609a][]\"> <label for=\"form-field-field_b28609a-2\">SunTek Core leikkausohjelmistosta<\/label><\/span><span class=\"elementor-field-option\"><input type=\"checkbox\" value=\"Jostain muusta\" id=\"form-field-field_b28609a-3\" name=\"form_fields[field_b28609a][]\"> <label for=\"form-field-field_b28609a-3\">Jostain muusta<\/label><\/span><\/div>\t\t\t\t<\/div>\n\t\t\t\t\t\t\t\t<div class=\"elementor-field-type-recaptcha_v3 elementor-field-group elementor-column elementor-field-group-field_88d3646 elementor-col-100 recaptcha_v3-inline\">\n\t\t\t\t\t<div class=\"elementor-field\" id=\"form-field-field_88d3646\"><div class=\"elementor-g-recaptcha\" data-sitekey=\"6Lfo-WApAAAAAIHCCQ7N00GvyzDsXyLNOdL1zR6f\" data-type=\"v3\" data-action=\"Form\" data-badge=\"inline\" data-size=\"invisible\"><\/div><\/div>\t\t\t\t<\/div>\n\t\t\t\t\t\t\t\t<div class=\"elementor-field-group elementor-column elementor-field-type-submit elementor-col-100 e-form__buttons\">\n\t\t\t\t\t<button type=\"submit\" class=\"elementor-button elementor-size-lg\">\n\t\t\t\t\t\t<span >\n\t\t\t\t\t\t\t\t\t\t\t\t\t\t\t<span class=\" elementor-button-icon\">\n\t\t\t\t\t\t\t\t\t\t\t\t\t\t\t\t\t\t\t\t\t\t\t\t\t\t<\/span>\n\t\t\t\t\t\t\t\t\t\t\t\t\t\t\t\t\t\t\t\t\t\t<span class=\"elementor-button-text\">L\u00e4het\u00e4<\/span>\n\t\t\t\t\t\t\t\t\t\t\t\t\t<\/span>\n\t\t\t\t\t<\/button>\n\t\t\t\t<\/div>\n\t\t\t<\/div>\n\t\t<\/form>\n\t\t\t\t\t\t<\/div>\n\t\t\t\t<\/div>\n\t\t\t\t<\/div>\n\t\t\t\t\t<\/div>\n\t\t\t\t<\/div>\n\t\t\t\t<\/div>\n\t\t","protected":false},"excerpt":{"rendered":"<p>Yritysesittely Perustamisvuodestaan 1920 l\u00e4htien Eastman Chemical Company on vakiinnuttanut asemansa maailmanlaajuisena erikoismateriaalien edell\u00e4k\u00e4vij\u00e4n\u00e4, tarjoten monipuolisen valikoiman tuotteita, jotka ovat osa ihmisten p\u00e4ivitt\u00e4ist\u00e4 arkea. Yritys panostaa aktiivisesti materiaalisten innovaatioiden kehitt\u00e4miseen yhteisty\u00f6ss\u00e4 asiakkaidensa kanssa, ja samalla se korostaa vahvaa sitoutumistaan turvallisuuteen ja kest\u00e4v\u00e4\u00e4n kehitykseen. Innovaatiovetoinen kasvumalli ohjaa Eastmania hy\u00f6dynt\u00e4m\u00e4\u00e4n huipputeknologisia alustoja, syv\u00e4\u00e4 asiakasymm\u00e4rryst\u00e4 ja monipuolista sovelluskehityst\u00e4, mik\u00e4 [&hellip;]<\/p>\n","protected":false},"author":1,"featured_media":0,"parent":0,"menu_order":0,"comment_status":"closed","ping_status":"closed","template":"elementor_header_footer","meta":{"footnotes":""},"_links":{"self":[{"href":"https:\/\/www.kalvottajat.fi\/suntek\/wp-json\/wp\/v2\/pages\/203"}],"collection":[{"href":"https:\/\/www.kalvottajat.fi\/suntek\/wp-json\/wp\/v2\/pages"}],"about":[{"href":"https:\/\/www.kalvottajat.fi\/suntek\/wp-json\/wp\/v2\/types\/page"}],"author":[{"embeddable":true,"href":"https:\/\/www.kalvottajat.fi\/suntek\/wp-json\/wp\/v2\/users\/1"}],"replies":[{"embeddable":true,"href":"https:\/\/www.kalvottajat.fi\/suntek\/wp-json\/wp\/v2\/comments?post=203"}],"version-history":[{"count":13,"href":"https:\/\/www.kalvottajat.fi\/suntek\/wp-json\/wp\/v2\/pages\/203\/revisions"}],"predecessor-version":[{"id":1304,"href":"https:\/\/www.kalvottajat.fi\/suntek\/wp-json\/wp\/v2\/pages\/203\/revisions\/1304"}],"wp:attachment":[{"href":"https:\/\/www.kalvottajat.fi\/suntek\/wp-json\/wp\/v2\/media?parent=203"}],"curies":[{"name":"wp","href":"https:\/\/api.w.org\/{rel}","templated":true}]}}