{"id":198,"date":"2024-01-23T13:05:40","date_gmt":"2024-01-23T13:05:40","guid":{"rendered":"https:\/\/www.kalvottajat.fi\/suntek\/?page_id=198"},"modified":"2024-03-11T09:27:48","modified_gmt":"2024-03-11T09:27:48","slug":"koulutukset","status":"publish","type":"page","link":"https:\/\/www.kalvottajat.fi\/suntek\/koulutukset\/","title":{"rendered":"Koulutukset"},"content":{"rendered":"\t\t<div data-elementor-type=\"wp-page\" data-elementor-id=\"198\" class=\"elementor elementor-198\" data-elementor-post-type=\"page\">\n\t\t\t\t<div class=\"elementor-element elementor-element-a8af72d e-flex e-con-boxed e-con e-parent\" data-id=\"a8af72d\" data-element_type=\"container\" data-settings=\"{&quot;background_background&quot;:&quot;classic&quot;}\">\n\t\t\t\t\t<div class=\"e-con-inner\">\n\t\t<div class=\"elementor-element elementor-element-e522844 e-con-full e-flex e-con e-child\" data-id=\"e522844\" data-element_type=\"container\" data-settings=\"{&quot;background_background&quot;:&quot;classic&quot;}\">\n\t\t\t\t<div class=\"elementor-element elementor-element-9000a61 elementor-widget elementor-widget-heading\" data-id=\"9000a61\" data-element_type=\"widget\" data-widget_type=\"heading.default\">\n\t\t\t\t<div class=\"elementor-widget-container\">\n\t\t\t\t\t<h1 class=\"elementor-heading-title elementor-size-default\">Koulutukset<\/h1>\t\t\t\t<\/div>\n\t\t\t\t<\/div>\n\t\t\t\t<\/div>\n\t\t<div class=\"elementor-element elementor-element-8aaca98 e-con-full e-flex e-con e-child\" data-id=\"8aaca98\" data-element_type=\"container\">\n\t\t\t\t<\/div>\n\t\t\t\t\t<\/div>\n\t\t\t\t<\/div>\n\t\t<div class=\"elementor-element elementor-element-620d71e e-flex e-con-boxed e-con e-parent\" data-id=\"620d71e\" data-element_type=\"container\">\n\t\t\t\t\t<div class=\"e-con-inner\">\n\t\t<div class=\"elementor-element elementor-element-c75e4b8 e-con-full e-flex e-con e-child\" data-id=\"c75e4b8\" data-element_type=\"container\">\n\t\t\t\t<div class=\"elementor-element elementor-element-f6d7fae elementor-widget elementor-widget-text-editor\" data-id=\"f6d7fae\" data-element_type=\"widget\" data-widget_type=\"text-editor.default\">\n\t\t\t\t<div class=\"elementor-widget-container\">\n\t\t\t\t\t\t\t\t\t<h5 style=\"font-weight: 400;\"><strong>Oy One-Pro Ab kouluttaa valtuutettuja SunTek asentajia!<\/strong><\/h5><p style=\"font-weight: 400;\">Haluatko oppia taidon <a href=\"https:\/\/www.kalvottajat.fi\/suntek\/autokalvot\/tummennuskalvot\/\">auton tummennuskalvojen<\/a> ja <a href=\"https:\/\/www.kalvottajat.fi\/suntek\/autokalvot\/ppf-maalipinnansuojakalvot\/\">maalipinnansuojakalvojen<\/a> asennuksessa? Etsitk\u00f6 koulutusta, joka sopii sek\u00e4 aloittelijoille ett\u00e4 kokeneemmille asentajille? Hyv\u00e4 uutinen \u2013 meill\u00e4 on ratkaisu sinulle! Oy ONE-PRO Ab tarjoaa kattavia koulutuksia, jotka viev\u00e4t kalvoasennustaitosi uudelle tasolle.<\/p><h5><strong>R\u00e4\u00e4t\u00e4l\u00f6idyt koulutukset<\/strong><\/h5><p style=\"font-weight: 400;\">Koulutuksemme ovat suunniteltu antamaan osallistujille kattava ymm\u00e4rrys auton tummennuskalvojen ja maalipinnansuojakalvojen asentamisesta. Koulutuksemme sis\u00e4lt\u00e4v\u00e4t niin perusteet aloittelijoille kuin syvent\u00e4v\u00e4t taidot kokeneemmille alan ammattilaisille. Olitpa sitten vasta-alkaja tai jo alalla kokenut, l\u00f6yd\u00e4t varmasti juuri sinulle sopivan koulutuksen.<\/p><h5><strong>Leikkausohjelmisto<\/strong><\/h5><p style=\"font-weight: 400;\">Yksi koulutuksiemme keskeisist\u00e4 elementeist\u00e4 on <a href=\"https:\/\/www.kalvottajat.fi\/suntek\/autokalvot\/leikkausohjelmisto\/\">CORE &#8211; Leikkausohjelmisto<\/a>. T\u00e4m\u00e4 ohjelmisto mahdollistaa valmiiksi leikattujen palojen k\u00e4yt\u00f6n maalipinnansuojakalvojen asennuksessa. Valmiiksi leikatut palat eiv\u00e4t ainoastaan paranna asennuksen tarkkuutta, mutta tuovat my\u00f6s merkitt\u00e4vi\u00e4 s\u00e4\u00e4st\u00f6j\u00e4 kalvon kulutuksessa. T\u00e4m\u00e4 tarkoittaa rahallisia etuja sek\u00e4 aikas\u00e4\u00e4st\u00f6\u00e4 asentajille.<\/p><p style=\"font-weight: 400;\">Koulutuksessamme k\u00e4yd\u00e4\u00e4n l\u00e4pi my\u00f6s erilaisia asennustyylej\u00e4, jotka soveltuvat eri automalleille. Haluamme varmistaa, ett\u00e4 osaat soveltaa oppimiasi taitoja k\u00e4yt\u00e4nn\u00f6ss\u00e4 erilaisiin tilanteisiin. Voit osallistua koulutukseen omilla ty\u00f6kaluillasi tai k\u00e4ytt\u00e4\u00e4 huippulaadukkaita SunTek &#8211; asennusty\u00f6kalujamme, jotka ovat saatavilla koulutuksen aikana.<\/p><p style=\"font-weight: 400;\">Miksi valita Oy ONE-PRO Ab:n kalvokoulutukset? Koska tarjoamme laadukasta koulutusta, joka on suunniteltu vastaamaan niin aloittelijoiden kuin kokeneidenkin tarpeisiin. Lis\u00e4ksi hy\u00f6dyt CORE &#8211; Leikkausohjelmiston k\u00e4yt\u00f6st\u00e4 ja saat arvokasta tietoa erilaisista asennustavoista. Uskomme, ett\u00e4 taidot, jotka opit koulutuksessamme, ovat avain menestyksekk\u00e4\u00e4seen kalvoasennukseen.<\/p><h5><strong>Koulutukset Vantaalla<\/strong><\/h5><p>Koulutukset toteutetaan yhteisty\u00f6ss\u00e4 JH Tint Oy:n kanssa. <a href=\"https:\/\/jhtint.fi\" target=\"_blank\" rel=\"noopener\">JH Tint Oy<\/a> ja Janne Helenius on Eastman Performance Films:in valtuuttama Suntek kalvottaja ja kouluttaja.<\/p><p style=\"font-weight: 400;\">Her\u00e4sik\u00f6 kiinnostuksesi? Ota yhteytt\u00e4!<\/p>\t\t\t\t\t\t\t\t<\/div>\n\t\t\t\t<\/div>\n\t\t\t\t<\/div>\n\t\t\t\t\t<\/div>\n\t\t\t\t<\/div>\n\t\t<div class=\"elementor-element elementor-element-329bd6e e-flex e-con-boxed e-con e-parent\" data-id=\"329bd6e\" data-element_type=\"container\">\n\t\t\t\t\t<div class=\"e-con-inner\">\n\t\t<div class=\"elementor-element elementor-element-3fb3850 e-con-full e-flex e-con e-child\" data-id=\"3fb3850\" data-element_type=\"container\">\n\t\t\t\t<div class=\"elementor-element elementor-element-e65e785 elementor-widget elementor-widget-text-editor\" data-id=\"e65e785\" data-element_type=\"widget\" data-widget_type=\"text-editor.default\">\n\t\t\t\t<div class=\"elementor-widget-container\">\n\t\t\t\t\t\t\t\t\t<p>Ota <span style=\"color: #243474;\">yhteytt\u00e4<\/span><\/p>\t\t\t\t\t\t\t\t<\/div>\n\t\t\t\t<\/div>\n\t\t\t\t<\/div>\n\t\t<div class=\"elementor-element elementor-element-23f25ad e-con-full e-flex e-con e-child\" data-id=\"23f25ad\" data-element_type=\"container\">\n\t\t\t\t<div class=\"elementor-element elementor-element-8180f6d elementor-button-align-stretch elementor-widget elementor-widget-form\" data-id=\"8180f6d\" data-element_type=\"widget\" data-settings=\"{&quot;step_next_label&quot;:&quot;Next&quot;,&quot;step_previous_label&quot;:&quot;Previous&quot;,&quot;button_width&quot;:&quot;100&quot;,&quot;step_type&quot;:&quot;number_text&quot;,&quot;step_icon_shape&quot;:&quot;circle&quot;}\" data-widget_type=\"form.default\">\n\t\t\t\t<div class=\"elementor-widget-container\">\n\t\t\t\t\t\t\t<form class=\"elementor-form\" method=\"post\" name=\"Suntek yhteydenottolomake\">\n\t\t\t<input type=\"hidden\" name=\"post_id\" value=\"198\"\/>\n\t\t\t<input type=\"hidden\" name=\"form_id\" value=\"8180f6d\"\/>\n\t\t\t<input type=\"hidden\" name=\"referer_title\" value=\"\" \/>\n\n\t\t\t\n\t\t\t<div class=\"elementor-form-fields-wrapper elementor-labels-\">\n\t\t\t\t\t\t\t\t<div class=\"elementor-field-type-text elementor-field-group elementor-column elementor-field-group-name elementor-col-100 elementor-field-required\">\n\t\t\t\t\t\t\t\t\t\t\t\t<label for=\"form-field-name\" class=\"elementor-field-label elementor-screen-only\">\n\t\t\t\t\t\t\t\tNimi\t\t\t\t\t\t\t<\/label>\n\t\t\t\t\t\t\t\t\t\t\t\t\t\t<input size=\"1\" type=\"text\" name=\"form_fields[name]\" id=\"form-field-name\" class=\"elementor-field elementor-size-lg  elementor-field-textual\" placeholder=\"Nimi\" required=\"required\" aria-required=\"true\">\n\t\t\t\t\t\t\t\t\t\t\t<\/div>\n\t\t\t\t\t\t\t\t<div class=\"elementor-field-type-email elementor-field-group elementor-column elementor-field-group-email elementor-col-100 elementor-field-required\">\n\t\t\t\t\t\t\t\t\t\t\t\t<label for=\"form-field-email\" class=\"elementor-field-label elementor-screen-only\">\n\t\t\t\t\t\t\t\tS\u00e4hk\u00f6posti\t\t\t\t\t\t\t<\/label>\n\t\t\t\t\t\t\t\t\t\t\t\t\t\t<input size=\"1\" type=\"email\" name=\"form_fields[email]\" id=\"form-field-email\" class=\"elementor-field elementor-size-lg  elementor-field-textual\" placeholder=\"S\u00e4hk\u00f6posti\" required=\"required\" aria-required=\"true\">\n\t\t\t\t\t\t\t\t\t\t\t<\/div>\n\t\t\t\t\t\t\t\t<div class=\"elementor-field-type-tel elementor-field-group elementor-column elementor-field-group-field_38e1166 elementor-col-100 elementor-field-required\">\n\t\t\t\t\t\t\t\t\t\t\t\t<label for=\"form-field-field_38e1166\" class=\"elementor-field-label elementor-screen-only\">\n\t\t\t\t\t\t\t\tPuhelinnumero\t\t\t\t\t\t\t<\/label>\n\t\t\t\t\t\t\t\t<input size=\"1\" type=\"tel\" name=\"form_fields[field_38e1166]\" id=\"form-field-field_38e1166\" class=\"elementor-field elementor-size-lg  elementor-field-textual\" placeholder=\"Puhelinnumero\" required=\"required\" aria-required=\"true\" pattern=\"[0-9()#&amp;+*-=.]+\" title=\"Only numbers and phone characters (#, -, *, etc) are accepted.\">\n\n\t\t\t\t\t\t<\/div>\n\t\t\t\t\t\t\t\t<div class=\"elementor-field-type-textarea elementor-field-group elementor-column elementor-field-group-message elementor-col-100 elementor-field-required\">\n\t\t\t\t\t\t\t\t\t\t\t\t<label for=\"form-field-message\" class=\"elementor-field-label elementor-screen-only\">\n\t\t\t\t\t\t\t\tViesti\t\t\t\t\t\t\t<\/label>\n\t\t\t\t\t\t<textarea class=\"elementor-field-textual elementor-field  elementor-size-lg\" name=\"form_fields[message]\" id=\"form-field-message\" rows=\"4\" placeholder=\"Viesti\" required=\"required\" aria-required=\"true\"><\/textarea>\t\t\t\t<\/div>\n\t\t\t\t\t\t\t\t<div class=\"elementor-field-type-checkbox elementor-field-group elementor-column elementor-field-group-field_b28609a elementor-col-100\">\n\t\t\t\t\t\t\t\t\t\t\t\t<label for=\"form-field-field_b28609a\" class=\"elementor-field-label elementor-screen-only\">\n\t\t\t\t\t\t\t\tOlen kiinnostunut\t\t\t\t\t\t\t<\/label>\n\t\t\t\t\t\t<div class=\"elementor-field-subgroup  elementor-subgroup-inline\"><span class=\"elementor-field-option\"><input type=\"checkbox\" value=\"SunTek-kalvojen j\u00e4lleenmyynnist\u00e4\" id=\"form-field-field_b28609a-0\" name=\"form_fields[field_b28609a][]\"> <label for=\"form-field-field_b28609a-0\">SunTek-kalvojen j\u00e4lleenmyynnist\u00e4<\/label><\/span><span class=\"elementor-field-option\"><input type=\"checkbox\" value=\"Kalvokoulutuksesta\" id=\"form-field-field_b28609a-1\" name=\"form_fields[field_b28609a][]\"> <label for=\"form-field-field_b28609a-1\">Kalvokoulutuksesta<\/label><\/span><span class=\"elementor-field-option\"><input type=\"checkbox\" value=\"SunTek Core leikkausohjelmistosta\" id=\"form-field-field_b28609a-2\" name=\"form_fields[field_b28609a][]\"> <label for=\"form-field-field_b28609a-2\">SunTek Core leikkausohjelmistosta<\/label><\/span><span class=\"elementor-field-option\"><input type=\"checkbox\" value=\"Jostain muusta\" id=\"form-field-field_b28609a-3\" name=\"form_fields[field_b28609a][]\"> <label for=\"form-field-field_b28609a-3\">Jostain muusta<\/label><\/span><\/div>\t\t\t\t<\/div>\n\t\t\t\t\t\t\t\t<div class=\"elementor-field-type-recaptcha_v3 elementor-field-group elementor-column elementor-field-group-field_88d3646 elementor-col-100 recaptcha_v3-inline\">\n\t\t\t\t\t<div class=\"elementor-field\" id=\"form-field-field_88d3646\"><div class=\"elementor-g-recaptcha\" data-sitekey=\"6Lfo-WApAAAAAIHCCQ7N00GvyzDsXyLNOdL1zR6f\" data-type=\"v3\" data-action=\"Form\" data-badge=\"inline\" data-size=\"invisible\"><\/div><\/div>\t\t\t\t<\/div>\n\t\t\t\t\t\t\t\t<div class=\"elementor-field-group elementor-column elementor-field-type-submit elementor-col-100 e-form__buttons\">\n\t\t\t\t\t<button type=\"submit\" class=\"elementor-button elementor-size-lg\">\n\t\t\t\t\t\t<span >\n\t\t\t\t\t\t\t\t\t\t\t\t\t\t\t<span class=\" elementor-button-icon\">\n\t\t\t\t\t\t\t\t\t\t\t\t\t\t\t\t\t\t\t\t\t\t\t\t\t\t<\/span>\n\t\t\t\t\t\t\t\t\t\t\t\t\t\t\t\t\t\t\t\t\t\t<span class=\"elementor-button-text\">L\u00e4het\u00e4<\/span>\n\t\t\t\t\t\t\t\t\t\t\t\t\t<\/span>\n\t\t\t\t\t<\/button>\n\t\t\t\t<\/div>\n\t\t\t<\/div>\n\t\t<\/form>\n\t\t\t\t\t\t<\/div>\n\t\t\t\t<\/div>\n\t\t\t\t<\/div>\n\t\t\t\t\t<\/div>\n\t\t\t\t<\/div>\n\t\t\t\t<\/div>\n\t\t","protected":false},"excerpt":{"rendered":"<p>Koulutukset Oy One-Pro Ab kouluttaa valtuutettuja SunTek asentajia! Haluatko oppia taidon auton tummennuskalvojen ja maalipinnansuojakalvojen asennuksessa? Etsitk\u00f6 koulutusta, joka sopii sek\u00e4 aloittelijoille ett\u00e4 kokeneemmille asentajille? Hyv\u00e4 uutinen \u2013 meill\u00e4 on ratkaisu sinulle! Oy ONE-PRO Ab tarjoaa kattavia koulutuksia, jotka viev\u00e4t kalvoasennustaitosi uudelle tasolle. R\u00e4\u00e4t\u00e4l\u00f6idyt koulutukset Koulutuksemme ovat suunniteltu antamaan osallistujille kattava ymm\u00e4rrys auton tummennuskalvojen ja [&hellip;]<\/p>\n","protected":false},"author":1,"featured_media":0,"parent":0,"menu_order":0,"comment_status":"closed","ping_status":"closed","template":"elementor_header_footer","meta":{"footnotes":""},"_links":{"self":[{"href":"https:\/\/www.kalvottajat.fi\/suntek\/wp-json\/wp\/v2\/pages\/198"}],"collection":[{"href":"https:\/\/www.kalvottajat.fi\/suntek\/wp-json\/wp\/v2\/pages"}],"about":[{"href":"https:\/\/www.kalvottajat.fi\/suntek\/wp-json\/wp\/v2\/types\/page"}],"author":[{"embeddable":true,"href":"https:\/\/www.kalvottajat.fi\/suntek\/wp-json\/wp\/v2\/users\/1"}],"replies":[{"embeddable":true,"href":"https:\/\/www.kalvottajat.fi\/suntek\/wp-json\/wp\/v2\/comments?post=198"}],"version-history":[{"count":25,"href":"https:\/\/www.kalvottajat.fi\/suntek\/wp-json\/wp\/v2\/pages\/198\/revisions"}],"predecessor-version":[{"id":1356,"href":"https:\/\/www.kalvottajat.fi\/suntek\/wp-json\/wp\/v2\/pages\/198\/revisions\/1356"}],"wp:attachment":[{"href":"https:\/\/www.kalvottajat.fi\/suntek\/wp-json\/wp\/v2\/media?parent=198"}],"curies":[{"name":"wp","href":"https:\/\/api.w.org\/{rel}","templated":true}]}}