{"id":193,"date":"2024-01-23T13:04:50","date_gmt":"2024-01-23T13:04:50","guid":{"rendered":"https:\/\/www.kalvottajat.fi\/suntek\/?page_id=193"},"modified":"2024-02-02T11:00:15","modified_gmt":"2024-02-02T11:00:15","slug":"autojen-murtosuojakalvot","status":"publish","type":"page","link":"https:\/\/www.kalvottajat.fi\/suntek\/autokalvot\/autojen-murtosuojakalvot\/","title":{"rendered":"Autojen murtosuojakalvot"},"content":{"rendered":"\t\t<div data-elementor-type=\"wp-page\" data-elementor-id=\"193\" class=\"elementor elementor-193\" data-elementor-post-type=\"page\">\n\t\t\t\t<div class=\"elementor-element elementor-element-bb588ca e-flex e-con-boxed e-con e-parent\" data-id=\"bb588ca\" data-element_type=\"container\" data-settings=\"{&quot;background_background&quot;:&quot;classic&quot;}\">\n\t\t\t\t\t<div class=\"e-con-inner\">\n\t\t<div class=\"elementor-element elementor-element-e3bc255 e-con-full e-flex e-con e-child\" data-id=\"e3bc255\" data-element_type=\"container\" data-settings=\"{&quot;background_background&quot;:&quot;classic&quot;}\">\n\t\t\t\t<div class=\"elementor-element elementor-element-02991ef elementor-widget elementor-widget-heading\" data-id=\"02991ef\" data-element_type=\"widget\" data-widget_type=\"heading.default\">\n\t\t\t\t<div class=\"elementor-widget-container\">\n\t\t\t\t\t<h1 class=\"elementor-heading-title elementor-size-default\">Murtosuojakalvot autoihin<\/h1>\t\t\t\t<\/div>\n\t\t\t\t<\/div>\n\t\t\t\t<\/div>\n\t\t<div class=\"elementor-element elementor-element-cbe7577 e-con-full e-flex e-con e-child\" data-id=\"cbe7577\" data-element_type=\"container\">\n\t\t\t\t<\/div>\n\t\t\t\t\t<\/div>\n\t\t\t\t<\/div>\n\t\t<div class=\"elementor-element elementor-element-1c7b0c6 e-flex e-con-boxed e-con e-parent\" data-id=\"1c7b0c6\" data-element_type=\"container\">\n\t\t\t\t\t<div class=\"e-con-inner\">\n\t\t<div class=\"elementor-element elementor-element-9b0b400 e-con-full e-flex e-con e-child\" data-id=\"9b0b400\" data-element_type=\"container\">\n\t\t\t\t<div class=\"elementor-element elementor-element-e5323ca elementor-widget elementor-widget-text-editor\" data-id=\"e5323ca\" data-element_type=\"widget\" data-widget_type=\"text-editor.default\">\n\t\t\t\t<div class=\"elementor-widget-container\">\n\t\t\t\t\t\t\t\t\t<h5 style=\"font-weight: 400;\"><strong>Suojaa autosi murtoja vastaan murtosuojakalvolla <\/strong><\/h5><p style=\"font-weight: 400;\">Murtosuojakalvo on tavallista kalvoa paksumpi kalvo, joka asennetaan lasin sis\u00e4pinnalle. Sen tarkoituksena on lis\u00e4t\u00e4 lasin kest\u00e4vyytt\u00e4 ja vaikeuttaa lasin rikkoutumista esimerkiksi murtautumisyrityksiss\u00e4. Murtosuojakalvo koostuu useista kerroksista, jotka yhdess\u00e4 muodostavat vahvan ja kest\u00e4v\u00e4n suojan lasille. Murtosuojakalvoja on saatavilla l\u00e4pin\u00e4kyv\u00e4n\u00e4 ja valmiiksi tummennettuna 20 % tummuuteen. 20 % tummennettu kalvo p\u00e4\u00e4st\u00e4\u00e4 vain 20 % valosta l\u00e4pi auton sis\u00e4lle est\u00e4en sis\u00e4ll\u00e4 olevien tavaroiden n\u00e4kymist\u00e4 ulos ja samalla v\u00e4hent\u00e4en varkauden houkutusta.<\/p><h5 style=\"font-weight: 400;\"><strong>Kuinka murtosuojakalvo toimii?<\/strong><\/h5><p style=\"font-weight: 400;\">Murtosuojakalvojen toimintaperiaate perustuu kalvon sitoutumiseen lasin palasiin, kun lasi rikkoutuu. T\u00e4m\u00e4 est\u00e4\u00e4 sirpaleiden levi\u00e4misen ja tekee lasista vaikeasti murrettavan. Lasin murtaminen vaatii useita kovia iskuja ja vaikka lasi rikkoutuisi, murtosuojakalvo pit\u00e4\u00e4 sen kasassa, mik\u00e4 voi hidastaa tai jopa est\u00e4\u00e4 murtautumisen.<\/p><ol><li><h5><strong>Kirkkaat murtosuojakalvot: <br \/><\/strong><\/h5><p>Kirkkaat murtosuojakalvot ovat huomaamattomia turvallisuusratkaisuja, jotka suojaavat autoasi. Ne tarjoavat optisesti kirkkaan n\u00e4kym\u00e4n ikkunoista samalla est\u00e4en haitallisia UV-s\u00e4teit\u00e4 ja sis\u00e4tilojen haalistumista auringonvalosta. N\u00e4iden kalvojen ohut, l\u00e4hes n\u00e4kym\u00e4t\u00f6n rakenne tarjoaa turvaa monilta vaaroilta, kuten murroilta ja vahingoilta. Saatavilla eri paksuisina, joista voit valita tarpeisiisi sopivan suojan tason.\u00a0<\/p><\/li><li><h5><strong>Tummennetut murtosuojakalvot<\/strong><\/h5><\/li><\/ol><p>Tummennetuissa murtosuojakalvoissa on samat ominaisuudet kuin kirkkkaissa kavloissa, mutta tummilla ikkunakalvoilla est\u00e4t n\u00e4kym\u00e4n auton sis\u00e4\u00e4n. Tummennetut murtosuojakalvot ovat hyv\u00e4 valinta esimerkiksi pakettiautojen takatilan suojaamiseen.<\/p>\t\t\t\t\t\t\t\t<\/div>\n\t\t\t\t<\/div>\n\t\t\t\t<\/div>\n\t\t\t\t\t<\/div>\n\t\t\t\t<\/div>\n\t\t<div class=\"elementor-element elementor-element-7dc20b1 e-flex e-con-boxed e-con e-parent\" data-id=\"7dc20b1\" data-element_type=\"container\" data-settings=\"{&quot;background_background&quot;:&quot;classic&quot;}\">\n\t\t\t\t\t<div class=\"e-con-inner\">\n\t\t<div class=\"elementor-element elementor-element-5e38631 e-con-full e-flex e-con e-child\" data-id=\"5e38631\" data-element_type=\"container\">\n\t\t\t\t<div class=\"elementor-element elementor-element-17b1fd0 elementor-widget elementor-widget-heading\" data-id=\"17b1fd0\" data-element_type=\"widget\" data-widget_type=\"heading.default\">\n\t\t\t\t<div class=\"elementor-widget-container\">\n\t\t\t\t\t<h3 class=\"elementor-heading-title elementor-size-default\">Vertaile kalvoja<\/h3>\t\t\t\t<\/div>\n\t\t\t\t<\/div>\n\t\t\t\t<div class=\"elementor-element elementor-element-14972ce elementor-widget elementor-widget-image\" data-id=\"14972ce\" data-element_type=\"widget\" data-widget_type=\"image.default\">\n\t\t\t\t<div class=\"elementor-widget-container\">\n\t\t\t\t\t\t\t\t\t\t\t\t\t\t\t<img fetchpriority=\"high\" decoding=\"async\" width=\"800\" height=\"169\" src=\"https:\/\/www.kalvottajat.fi\/suntek\/wp-content\/uploads\/2023\/05\/SunTek-Logo.png\" class=\"attachment-large size-large wp-image-59\" alt=\"SunTek Logo One-Pro\" srcset=\"https:\/\/www.kalvottajat.fi\/suntek\/wp-content\/uploads\/2023\/05\/SunTek-Logo.png 800w, https:\/\/www.kalvottajat.fi\/suntek\/wp-content\/uploads\/2023\/05\/SunTek-Logo-300x63.png 300w, https:\/\/www.kalvottajat.fi\/suntek\/wp-content\/uploads\/2023\/05\/SunTek-Logo-768x162.png 768w\" sizes=\"(max-width: 800px) 100vw, 800px\" \/>\t\t\t\t\t\t\t\t\t\t\t\t\t\t\t<\/div>\n\t\t\t\t<\/div>\n\t\t\t\t<div class=\"elementor-element elementor-element-2795ecf elementor-align-center elementor-icon-list--layout-traditional elementor-list-item-link-full_width elementor-invisible elementor-widget elementor-widget-icon-list\" data-id=\"2795ecf\" data-element_type=\"widget\" data-settings=\"{&quot;_animation&quot;:&quot;bounceIn&quot;}\" data-widget_type=\"icon-list.default\">\n\t\t\t\t<div class=\"elementor-widget-container\">\n\t\t\t\t\t\t\t<ul class=\"elementor-icon-list-items\">\n\t\t\t\t\t\t\t<li class=\"elementor-icon-list-item\">\n\t\t\t\t\t\t\t\t\t\t\t<a href=\"https:\/\/www.kalvottajat.fi\/suntek\/wp-content\/uploads\/2024\/01\/Suntek-murtosuojakalvot-vertailu.pdf\" target=\"_blank\">\n\n\t\t\t\t\t\t\t\t\t\t\t\t<span class=\"elementor-icon-list-icon\">\n\t\t\t\t\t\t\t<i aria-hidden=\"true\" class=\"far fa-arrow-alt-circle-down\"><\/i>\t\t\t\t\t\t<\/span>\n\t\t\t\t\t\t\t\t\t\t<span class=\"elementor-icon-list-text\">Lataa SunTek tuotetiedot t\u00e4\u00e4lt\u00e4<\/span>\n\t\t\t\t\t\t\t\t\t\t\t<\/a>\n\t\t\t\t\t\t\t\t\t<\/li>\n\t\t\t\t\t\t<\/ul>\n\t\t\t\t\t\t<\/div>\n\t\t\t\t<\/div>\n\t\t\t\t<div class=\"elementor-element elementor-element-2483e18 elementor-align-center elementor-invisible elementor-widget elementor-widget-button\" data-id=\"2483e18\" data-element_type=\"widget\" data-settings=\"{&quot;_animation&quot;:&quot;bounceIn&quot;}\" data-widget_type=\"button.default\">\n\t\t\t\t<div class=\"elementor-widget-container\">\n\t\t\t\t\t\t\t\t\t<div class=\"elementor-button-wrapper\">\n\t\t\t\t\t<a class=\"elementor-button elementor-button-link elementor-size-sm elementor-animation-grow\" href=\"https:\/\/www.kalvottajat.fi\/suntek\/wp-content\/uploads\/2024\/01\/Suntek-murtosuojakalvot-vertailu.pdf\">\n\t\t\t\t\t\t<span class=\"elementor-button-content-wrapper\">\n\t\t\t\t\t\t<span class=\"elementor-button-icon\">\n\t\t\t\t<i aria-hidden=\"true\" class=\"far fa-arrow-alt-circle-down\"><\/i>\t\t\t<\/span>\n\t\t\t\t\t\t\t\t\t<span class=\"elementor-button-text\">Lataa esite<\/span>\n\t\t\t\t\t<\/span>\n\t\t\t\t\t<\/a>\n\t\t\t\t<\/div>\n\t\t\t\t\t\t\t\t<\/div>\n\t\t\t\t<\/div>\n\t\t\t\t<\/div>\n\t\t<div class=\"elementor-element elementor-element-646febf e-con-full e-flex e-con e-child\" data-id=\"646febf\" data-element_type=\"container\">\n\t\t\t\t<div class=\"elementor-element elementor-element-bfdcb0e elementor-widget elementor-widget-image\" data-id=\"bfdcb0e\" data-element_type=\"widget\" data-widget_type=\"image.default\">\n\t\t\t\t<div class=\"elementor-widget-container\">\n\t\t\t\t\t\t\t\t\t\t\t\t\t\t\t<img decoding=\"async\" width=\"284\" height=\"376\" src=\"https:\/\/www.kalvottajat.fi\/suntek\/wp-content\/uploads\/2024\/01\/skin-cancer-foundation-recommended-logo-e1706192626417.jpg\" class=\"attachment-large size-large wp-image-489\" alt=\"skin-cancer-foundation-recommended-logo\" srcset=\"https:\/\/www.kalvottajat.fi\/suntek\/wp-content\/uploads\/2024\/01\/skin-cancer-foundation-recommended-logo-e1706192626417.jpg 284w, https:\/\/www.kalvottajat.fi\/suntek\/wp-content\/uploads\/2024\/01\/skin-cancer-foundation-recommended-logo-e1706192626417-227x300.jpg 227w\" sizes=\"(max-width: 284px) 100vw, 284px\" \/>\t\t\t\t\t\t\t\t\t\t\t\t\t\t\t<\/div>\n\t\t\t\t<\/div>\n\t\t\t\t<div class=\"elementor-element elementor-element-0723706 elementor-widget elementor-widget-text-editor\" data-id=\"0723706\" data-element_type=\"widget\" data-widget_type=\"text-editor.default\">\n\t\t\t\t<div class=\"elementor-widget-container\">\n\t\t\t\t\t\t\t\t\t<p style=\"font-weight: 400;\">The Skin Cancer Foundationin Suositus<\/p><p style=\"font-weight: 400;\">Tuotteemme, joilla on yli 99 % UV-suoja (300-380 nm), ovat saaneet The Skin Cancer Foundationin Suosituksen.<\/p>\t\t\t\t\t\t\t\t<\/div>\n\t\t\t\t<\/div>\n\t\t\t\t<\/div>\n\t\t\t\t\t<\/div>\n\t\t\t\t<\/div>\n\t\t\t\t<\/div>\n\t\t","protected":false},"excerpt":{"rendered":"<p>Murtosuojakalvot autoihin Suojaa autosi murtoja vastaan murtosuojakalvolla Murtosuojakalvo on tavallista kalvoa paksumpi kalvo, joka asennetaan lasin sis\u00e4pinnalle. Sen tarkoituksena on lis\u00e4t\u00e4 lasin kest\u00e4vyytt\u00e4 ja vaikeuttaa lasin rikkoutumista esimerkiksi murtautumisyrityksiss\u00e4. Murtosuojakalvo koostuu useista kerroksista, jotka yhdess\u00e4 muodostavat vahvan ja kest\u00e4v\u00e4n suojan lasille. Murtosuojakalvoja on saatavilla l\u00e4pin\u00e4kyv\u00e4n\u00e4 ja valmiiksi tummennettuna 20 % tummuuteen. 20 % tummennettu kalvo [&hellip;]<\/p>\n","protected":false},"author":1,"featured_media":0,"parent":41,"menu_order":0,"comment_status":"closed","ping_status":"closed","template":"elementor_header_footer","meta":{"footnotes":""},"_links":{"self":[{"href":"https:\/\/www.kalvottajat.fi\/suntek\/wp-json\/wp\/v2\/pages\/193"}],"collection":[{"href":"https:\/\/www.kalvottajat.fi\/suntek\/wp-json\/wp\/v2\/pages"}],"about":[{"href":"https:\/\/www.kalvottajat.fi\/suntek\/wp-json\/wp\/v2\/types\/page"}],"author":[{"embeddable":true,"href":"https:\/\/www.kalvottajat.fi\/suntek\/wp-json\/wp\/v2\/users\/1"}],"replies":[{"embeddable":true,"href":"https:\/\/www.kalvottajat.fi\/suntek\/wp-json\/wp\/v2\/comments?post=193"}],"version-history":[{"count":32,"href":"https:\/\/www.kalvottajat.fi\/suntek\/wp-json\/wp\/v2\/pages\/193\/revisions"}],"predecessor-version":[{"id":1319,"href":"https:\/\/www.kalvottajat.fi\/suntek\/wp-json\/wp\/v2\/pages\/193\/revisions\/1319"}],"up":[{"embeddable":true,"href":"https:\/\/www.kalvottajat.fi\/suntek\/wp-json\/wp\/v2\/pages\/41"}],"wp:attachment":[{"href":"https:\/\/www.kalvottajat.fi\/suntek\/wp-json\/wp\/v2\/media?parent=193"}],"curies":[{"name":"wp","href":"https:\/\/api.w.org\/{rel}","templated":true}]}}