{"id":188,"date":"2024-01-23T12:58:21","date_gmt":"2024-01-23T12:58:21","guid":{"rendered":"https:\/\/www.kalvottajat.fi\/suntek\/?page_id=188"},"modified":"2024-02-02T10:59:18","modified_gmt":"2024-02-02T10:59:18","slug":"tummennuskalvot","status":"publish","type":"page","link":"https:\/\/www.kalvottajat.fi\/suntek\/autokalvot\/tummennuskalvot\/","title":{"rendered":"Tummennuskalvot"},"content":{"rendered":"\t\t<div data-elementor-type=\"wp-page\" data-elementor-id=\"188\" class=\"elementor elementor-188\" data-elementor-post-type=\"page\">\n\t\t\t\t<div class=\"elementor-element elementor-element-5f40f8f e-flex e-con-boxed e-con e-parent\" data-id=\"5f40f8f\" data-element_type=\"container\" data-settings=\"{&quot;background_background&quot;:&quot;classic&quot;}\">\n\t\t\t\t\t<div class=\"e-con-inner\">\n\t\t<div class=\"elementor-element elementor-element-6713030 e-con-full e-flex e-con e-child\" data-id=\"6713030\" data-element_type=\"container\" data-settings=\"{&quot;background_background&quot;:&quot;classic&quot;}\">\n\t\t\t\t<div class=\"elementor-element elementor-element-8ae4f65 elementor-widget elementor-widget-heading\" data-id=\"8ae4f65\" data-element_type=\"widget\" data-widget_type=\"heading.default\">\n\t\t\t\t<div class=\"elementor-widget-container\">\n\t\t\t\t\t<h1 class=\"elementor-heading-title elementor-size-default\">Tummennuskalvot<\/h1>\t\t\t\t<\/div>\n\t\t\t\t<\/div>\n\t\t\t\t<\/div>\n\t\t<div class=\"elementor-element elementor-element-540ab99 e-con-full e-flex e-con e-child\" data-id=\"540ab99\" data-element_type=\"container\">\n\t\t\t\t<\/div>\n\t\t\t\t\t<\/div>\n\t\t\t\t<\/div>\n\t\t<div class=\"elementor-element elementor-element-516d080 e-flex e-con-boxed e-con e-parent\" data-id=\"516d080\" data-element_type=\"container\">\n\t\t\t\t\t<div class=\"e-con-inner\">\n\t\t<div class=\"elementor-element elementor-element-54177cd e-con-full e-flex e-con e-child\" data-id=\"54177cd\" data-element_type=\"container\">\n\t\t\t\t<div class=\"elementor-element elementor-element-5b6b45b elementor-widget elementor-widget-text-editor\" data-id=\"5b6b45b\" data-element_type=\"widget\" data-widget_type=\"text-editor.default\">\n\t\t\t\t<div class=\"elementor-widget-container\">\n\t\t\t\t\t\t\t\t\t<h5><strong>Laadukkaat tummennuskalvot<\/strong><\/h5><p style=\"font-weight: 400;\">SunTek on tunnettu pitk\u00e4kestoisesta laadustaan ja helppok\u00e4ytt\u00f6isyydest\u00e4\u00e4n asennuksessa. Kalvot eiv\u00e4t ainoastaan suojaa auton sis\u00e4tiloja kuumuudelta, vaan ne my\u00f6s lis\u00e4\u00e4v\u00e4t yksityisyytt\u00e4si ja antavat autollesi yksil\u00f6llisen ja tyylikk\u00e4\u00e4n ulkon\u00e4\u00f6n.<\/p><p style=\"font-weight: 400;\">Innovatiivisen teknologiansa ansiosta SunTek tummennuskalvot tarjoavat erinomaisen suojan auringon l\u00e4mm\u00f6lt\u00e4 ja haitallisilta UV-s\u00e4teilt\u00e4 ilman, ett\u00e4 n\u00e4kyvyys heikkenee.<\/p><p style=\"font-weight: 400;\">Valmistajan rajoitetulla takuulla varustettu kattava kalvovalikoima sis\u00e4lt\u00e4\u00e4 eri tummuuss\u00e4vy\u00e4 5% &#8211; 70% v\u00e4lill\u00e4, josta l\u00f6ytyy varmasti juuri sinulle sopiva kalvo. \u00a0<\/p><p style=\"font-weight: 400;\">SunTek- kalvojen parhaimpiin piirteisiin kuuluu:<\/p><ul><li><strong>Korkea suorituskyky<\/strong>: SunTek kalvot tarjoavat erinomaisen suojan auringon l\u00e4mp\u00f6\u00e4 ja UV-s\u00e4teit\u00e4 vastaan. V\u00e4hent\u00e4\u00e4 tarvetta ilmastoinnille, auttaen parantamaan polttoainetehokkuutta tai s\u00e4hk\u00f6auton toimintas\u00e4dett\u00e4.<\/li><li><strong>Innovatiivinen teknologia<\/strong>: SunTek k\u00e4ytt\u00e4\u00e4 edistyksellisi\u00e4 teknologioita, kuten keramiikkaa ja nanopartikkeleita, tarjotakseen korkealaatuisia kalvoja samalla s\u00e4ilytt\u00e4en selke\u00e4n n\u00e4kyvyyden.<\/li><li><strong>Turvallisuus<\/strong>: Kalvot voivat auttaa pit\u00e4m\u00e4\u00e4n sirpaleet koossa onnettomuustilanteissa, mik\u00e4 lis\u00e4\u00e4 lasin kest\u00e4vyytt\u00e4 ja v\u00e4hent\u00e4\u00e4 sirpaleiden lent\u00e4misen riski\u00e4. T\u00e4m\u00e4 voi my\u00f6s suojata matkustajia lasinsiruilta.<\/li><li><strong>Pitk\u00e4kestoinen laatu<\/strong>: SunTek:in kalvot ovat tunnettuja pitk\u00e4kestoisesta laadustaan, tehden niist\u00e4 luotettavan valinnan autosi suojaamiseksi.<\/li><li><strong>Takuu<\/strong>: SunTek kalvot tulevat valmistajan antaman takuun kanssa, mik\u00e4 antaa sinulle turvaa ja varmuutta tuotteen laadusta.<\/li><\/ul><p style=\"font-weight: 400;\">Mik\u00e4 olisi paras tummennuskalvo sinun autollesi?<\/p>\t\t\t\t\t\t\t\t<\/div>\n\t\t\t\t<\/div>\n\t\t\t\t<\/div>\n\t\t\t\t\t<\/div>\n\t\t\t\t<\/div>\n\t\t<div class=\"elementor-element elementor-element-0e19f71 e-flex e-con-boxed e-con e-parent\" data-id=\"0e19f71\" data-element_type=\"container\">\n\t\t\t\t\t<div class=\"e-con-inner\">\n\t\t<div class=\"elementor-element elementor-element-ad056c3 e-con-full e-flex e-con e-child\" data-id=\"ad056c3\" data-element_type=\"container\" data-settings=\"{&quot;background_background&quot;:&quot;classic&quot;}\">\n\t\t\t\t<\/div>\n\t\t<div class=\"elementor-element elementor-element-ab365d8 e-con-full e-flex e-con e-child\" data-id=\"ab365d8\" data-element_type=\"container\" data-settings=\"{&quot;background_background&quot;:&quot;classic&quot;}\">\n\t\t\t\t<div class=\"elementor-element elementor-element-63eedbe elementor-widget elementor-widget-heading\" data-id=\"63eedbe\" data-element_type=\"widget\" data-widget_type=\"heading.default\">\n\t\t\t\t<div class=\"elementor-widget-container\">\n\t\t\t\t\t<h2 class=\"elementor-heading-title elementor-size-default\">Evolve-sarja<\/h2>\t\t\t\t<\/div>\n\t\t\t\t<\/div>\n\t\t\t\t<div class=\"elementor-element elementor-element-bfe66d7 elementor-widget elementor-widget-text-editor\" data-id=\"bfe66d7\" data-element_type=\"widget\" data-widget_type=\"text-editor.default\">\n\t\t\t\t<div class=\"elementor-widget-container\">\n\t\t\t\t\t\t\t\t\t<p style=\"font-weight: 400;\">SunTek Evolve-tummennuskalvot tuovat seuraavan tason suorituskyky\u00e4 ja tyylikkyytt\u00e4 autosi lasien suojaukseen. Valitse Evolve, kun haluat parasta mahdollista suorituskyky\u00e4 ja tyylik\u00e4st\u00e4 ilmett\u00e4 autollesi. Niiden ainutlaatuinen HeatResist-teknologia k\u00e4ytt\u00e4\u00e4 keraamisia nanopartikkeleita, jotka torjuvat jopa 94 % infrapunal\u00e4mm\u00f6st\u00e4, auttaen pit\u00e4m\u00e4\u00e4n auton sis\u00e4tilat miellytt\u00e4v\u00e4n viilein\u00e4.<\/p><ul><li>Patentoitu keraaminen HeatResist nanopartikkelirakenne<b><br \/><\/b><\/li><li>Jopa 94 % IR-Suoja tarjoaa parhaan l\u00e4mm\u00f6ntorjunnan erinomaisella h\u00e4ik\u00e4isynv\u00e4hennyksell\u00e4<\/li><li>Yli 99 % UV-Suoja suojaa sis\u00e4tilojen haalistumisen ja auttaa s\u00e4ilytt\u00e4m\u00e4\u00e4n ne uuden n\u00e4k\u00f6isen\u00e4<\/li><li>V\u00e4hent\u00e4\u00e4 tarvetta ilmastoinnille, auttaen parantamaan polttoainetehokkuutta tai s\u00e4hk\u00f6auton toimintas\u00e4dett\u00e4<\/li><li>Evolve sarjaa tukee valmistajan elinik\u00e4inen rajoitettu takuu v\u00e4rimuutoksia, kuorintaa, halkeilua, liimapinnan vikaantumista ja irtoamista vastaan<\/li><\/ul>\t\t\t\t\t\t\t\t<\/div>\n\t\t\t\t<\/div>\n\t\t\t\t<\/div>\n\t\t\t\t\t<\/div>\n\t\t\t\t<\/div>\n\t\t<div class=\"elementor-element elementor-element-bdc09a3 e-flex e-con-boxed e-con e-parent\" data-id=\"bdc09a3\" data-element_type=\"container\">\n\t\t\t\t\t<div class=\"e-con-inner\">\n\t\t<div class=\"elementor-element elementor-element-15ed5ff e-con-full e-flex e-con e-child\" data-id=\"15ed5ff\" data-element_type=\"container\">\n\t\t\t\t<div class=\"elementor-element elementor-element-9d7ee3c elementor-widget elementor-widget-heading\" data-id=\"9d7ee3c\" data-element_type=\"widget\" data-widget_type=\"heading.default\">\n\t\t\t\t<div class=\"elementor-widget-container\">\n\t\t\t\t\t<h2 class=\"elementor-heading-title elementor-size-default\">Carbon-sarja<\/h2>\t\t\t\t<\/div>\n\t\t\t\t<\/div>\n\t\t\t\t<div class=\"elementor-element elementor-element-faf2a89 elementor-widget elementor-widget-text-editor\" data-id=\"faf2a89\" data-element_type=\"widget\" data-widget_type=\"text-editor.default\">\n\t\t\t\t<div class=\"elementor-widget-container\">\n\t\t\t\t\t\t\t\t\t<p style=\"font-weight: 400;\">SunTek Carbon sarjan tummennuskalvot ovat SunTek:in suositun ja myydyin sarja vaativiinkin tummennuksiin. Carbon tummennuskalvot ovat valmistettu edistyksellisell\u00e4 hiilipohjaisella teknologialla, tarjoten hienostuneen, ei-heijastavan ulkon\u00e4\u00f6n samalla mahdollistaen haluamasi asteen aurinkosuojan.<\/p><ul><li>Innovatiivinen hiiliteknologia<\/li><li>Tehokas suoja<\/li><li>Vaikuttava ei-heijastuva ulkon\u00e4k\u00f6<\/li><li>Signaaliyst\u00e4v\u00e4llinen -&gt; mahdollistaa selke\u00e4n yhteydenpidon<\/li><li>Elinik\u00e4inen rajoitettu takuu<\/li><\/ul>\t\t\t\t\t\t\t\t<\/div>\n\t\t\t\t<\/div>\n\t\t\t\t<\/div>\n\t\t<div class=\"elementor-element elementor-element-6d76fe9 e-con-full e-flex e-con e-child\" data-id=\"6d76fe9\" data-element_type=\"container\" data-settings=\"{&quot;background_background&quot;:&quot;classic&quot;}\">\n\t\t\t\t<\/div>\n\t\t\t\t\t<\/div>\n\t\t\t\t<\/div>\n\t\t<div class=\"elementor-element elementor-element-8cef2bd e-flex e-con-boxed e-con e-parent\" data-id=\"8cef2bd\" data-element_type=\"container\">\n\t\t\t\t\t<div class=\"e-con-inner\">\n\t\t<div class=\"elementor-element elementor-element-ffc6a4b e-con-full e-flex e-con e-child\" data-id=\"ffc6a4b\" data-element_type=\"container\" data-settings=\"{&quot;background_background&quot;:&quot;classic&quot;}\">\n\t\t\t\t<\/div>\n\t\t<div class=\"elementor-element elementor-element-e3746cc e-con-full e-flex e-con e-child\" data-id=\"e3746cc\" data-element_type=\"container\" data-settings=\"{&quot;background_background&quot;:&quot;classic&quot;}\">\n\t\t\t\t<div class=\"elementor-element elementor-element-aeea475 elementor-widget elementor-widget-heading\" data-id=\"aeea475\" data-element_type=\"widget\" data-widget_type=\"heading.default\">\n\t\t\t\t<div class=\"elementor-widget-container\">\n\t\t\t\t\t<h2 class=\"elementor-heading-title elementor-size-default\">HP-sarja<\/h2>\t\t\t\t<\/div>\n\t\t\t\t<\/div>\n\t\t\t\t<div class=\"elementor-element elementor-element-69f7630 elementor-widget elementor-widget-text-editor\" data-id=\"69f7630\" data-element_type=\"widget\" data-widget_type=\"text-editor.default\">\n\t\t\t\t<div class=\"elementor-widget-container\">\n\t\t\t\t\t\t\t\t\t<p style=\"font-weight: 400;\">SunTek High Performance -tummennuskalvot ovat ehdottomasti nimens\u00e4 arvoiset. N\u00e4iss\u00e4 kalvoissa yhdistyy metalloidun teknologian luotettavuus ja v\u00e4rj\u00e4ttyjen kalvojen tyylikkyys. Valittavana on hieman heijastavia s\u00e4vyj\u00e4, kuten hiili, pronssi ja sininen, jotka eiv\u00e4t vain n\u00e4yt\u00e4 upeilta, vaan tarjoavat my\u00f6s loistavan suorituskyvyn.<\/p><ul><li>Todistettu teknologia v\u00e4rj\u00e4tyn ja metalloidun kalvon hybridirakenteelle<\/li><li>Erinomainen l\u00e4mp\u00f6 ja UV-suoja sek\u00e4 loistava h\u00e4ik\u00e4isyn v\u00e4hennys<\/li><li>Valitse oma tyylisi -&gt; saatavilla s\u00e4vyiss\u00e4 hiili, pronssi ja sininen<\/li><li>Kirkas ja selke\u00e4 n\u00e4kyvyys tielle<\/li><li>Elinik\u00e4inen rajoitettu takuu<\/li><\/ul>\t\t\t\t\t\t\t\t<\/div>\n\t\t\t\t<\/div>\n\t\t\t\t<\/div>\n\t\t\t\t\t<\/div>\n\t\t\t\t<\/div>\n\t\t<div class=\"elementor-element elementor-element-db0db40 e-flex e-con-boxed e-con e-parent\" data-id=\"db0db40\" data-element_type=\"container\" data-settings=\"{&quot;background_background&quot;:&quot;classic&quot;}\">\n\t\t\t\t\t<div class=\"e-con-inner\">\n\t\t<div class=\"elementor-element elementor-element-82e0eea e-con-full e-flex e-con e-child\" data-id=\"82e0eea\" data-element_type=\"container\">\n\t\t\t\t<div class=\"elementor-element elementor-element-3cbc845 elementor-widget elementor-widget-heading\" data-id=\"3cbc845\" data-element_type=\"widget\" data-widget_type=\"heading.default\">\n\t\t\t\t<div class=\"elementor-widget-container\">\n\t\t\t\t\t<h3 class=\"elementor-heading-title elementor-size-default\">Vertaile kalvoja<\/h3>\t\t\t\t<\/div>\n\t\t\t\t<\/div>\n\t\t\t\t<div class=\"elementor-element elementor-element-cf9cef9 elementor-widget elementor-widget-image\" data-id=\"cf9cef9\" data-element_type=\"widget\" data-widget_type=\"image.default\">\n\t\t\t\t<div class=\"elementor-widget-container\">\n\t\t\t\t\t\t\t\t\t\t\t\t\t\t\t<img fetchpriority=\"high\" decoding=\"async\" width=\"800\" height=\"169\" src=\"https:\/\/www.kalvottajat.fi\/suntek\/wp-content\/uploads\/2023\/05\/SunTek-Logo.png\" class=\"attachment-large size-large wp-image-59\" alt=\"SunTek Logo One-Pro\" srcset=\"https:\/\/www.kalvottajat.fi\/suntek\/wp-content\/uploads\/2023\/05\/SunTek-Logo.png 800w, https:\/\/www.kalvottajat.fi\/suntek\/wp-content\/uploads\/2023\/05\/SunTek-Logo-300x63.png 300w, https:\/\/www.kalvottajat.fi\/suntek\/wp-content\/uploads\/2023\/05\/SunTek-Logo-768x162.png 768w\" sizes=\"(max-width: 800px) 100vw, 800px\" \/>\t\t\t\t\t\t\t\t\t\t\t\t\t\t\t<\/div>\n\t\t\t\t<\/div>\n\t\t\t\t<div class=\"elementor-element elementor-element-f6c708d elementor-align-center elementor-invisible elementor-widget elementor-widget-button\" data-id=\"f6c708d\" data-element_type=\"widget\" data-settings=\"{&quot;_animation&quot;:&quot;bounceIn&quot;}\" data-widget_type=\"button.default\">\n\t\t\t\t<div class=\"elementor-widget-container\">\n\t\t\t\t\t\t\t\t\t<div class=\"elementor-button-wrapper\">\n\t\t\t\t\t<a class=\"elementor-button elementor-button-link elementor-size-sm elementor-animation-grow\" href=\"https:\/\/www.kalvottajat.fi\/suntek\/wp-content\/uploads\/2024\/01\/Suntek-Spec-sheet.pdf\">\n\t\t\t\t\t\t<span class=\"elementor-button-content-wrapper\">\n\t\t\t\t\t\t<span class=\"elementor-button-icon\">\n\t\t\t\t<i aria-hidden=\"true\" class=\"far fa-arrow-alt-circle-down\"><\/i>\t\t\t<\/span>\n\t\t\t\t\t\t\t\t\t<span class=\"elementor-button-text\">Lataa esite<\/span>\n\t\t\t\t\t<\/span>\n\t\t\t\t\t<\/a>\n\t\t\t\t<\/div>\n\t\t\t\t\t\t\t\t<\/div>\n\t\t\t\t<\/div>\n\t\t\t\t<\/div>\n\t\t<div class=\"elementor-element elementor-element-14a8b54 e-con-full e-flex e-con e-child\" data-id=\"14a8b54\" data-element_type=\"container\">\n\t\t\t\t<div class=\"elementor-element elementor-element-0ad3f45 elementor-widget elementor-widget-image\" data-id=\"0ad3f45\" data-element_type=\"widget\" data-widget_type=\"image.default\">\n\t\t\t\t<div class=\"elementor-widget-container\">\n\t\t\t\t\t\t\t\t\t\t\t\t\t\t\t<img decoding=\"async\" width=\"284\" height=\"376\" src=\"https:\/\/www.kalvottajat.fi\/suntek\/wp-content\/uploads\/2024\/01\/skin-cancer-foundation-recommended-logo-e1706192626417.jpg\" class=\"attachment-large size-large wp-image-489\" alt=\"skin-cancer-foundation-recommended-logo\" srcset=\"https:\/\/www.kalvottajat.fi\/suntek\/wp-content\/uploads\/2024\/01\/skin-cancer-foundation-recommended-logo-e1706192626417.jpg 284w, https:\/\/www.kalvottajat.fi\/suntek\/wp-content\/uploads\/2024\/01\/skin-cancer-foundation-recommended-logo-e1706192626417-227x300.jpg 227w\" sizes=\"(max-width: 284px) 100vw, 284px\" \/>\t\t\t\t\t\t\t\t\t\t\t\t\t\t\t<\/div>\n\t\t\t\t<\/div>\n\t\t\t\t<div class=\"elementor-element elementor-element-d1235b6 elementor-widget elementor-widget-text-editor\" data-id=\"d1235b6\" data-element_type=\"widget\" data-widget_type=\"text-editor.default\">\n\t\t\t\t<div class=\"elementor-widget-container\">\n\t\t\t\t\t\t\t\t\t<p style=\"font-weight: 400;\">The Skin Cancer Foundationin Suositus<\/p><p style=\"font-weight: 400;\">Tuotteemme, joilla on yli 99 % UV-suoja (300-380 nm), ovat saaneet The Skin Cancer Foundationin Suosituksen.<\/p>\t\t\t\t\t\t\t\t<\/div>\n\t\t\t\t<\/div>\n\t\t\t\t<\/div>\n\t\t\t\t\t<\/div>\n\t\t\t\t<\/div>\n\t\t\t\t<\/div>\n\t\t","protected":false},"excerpt":{"rendered":"<p>Tummennuskalvot Laadukkaat tummennuskalvot SunTek on tunnettu pitk\u00e4kestoisesta laadustaan ja helppok\u00e4ytt\u00f6isyydest\u00e4\u00e4n asennuksessa. Kalvot eiv\u00e4t ainoastaan suojaa auton sis\u00e4tiloja kuumuudelta, vaan ne my\u00f6s lis\u00e4\u00e4v\u00e4t yksityisyytt\u00e4si ja antavat autollesi yksil\u00f6llisen ja tyylikk\u00e4\u00e4n ulkon\u00e4\u00f6n. Innovatiivisen teknologiansa ansiosta SunTek tummennuskalvot tarjoavat erinomaisen suojan auringon l\u00e4mm\u00f6lt\u00e4 ja haitallisilta UV-s\u00e4teilt\u00e4 ilman, ett\u00e4 n\u00e4kyvyys heikkenee. Valmistajan rajoitetulla takuulla varustettu kattava kalvovalikoima sis\u00e4lt\u00e4\u00e4 eri [&hellip;]<\/p>\n","protected":false},"author":1,"featured_media":0,"parent":41,"menu_order":0,"comment_status":"closed","ping_status":"closed","template":"elementor_header_footer","meta":{"footnotes":""},"_links":{"self":[{"href":"https:\/\/www.kalvottajat.fi\/suntek\/wp-json\/wp\/v2\/pages\/188"}],"collection":[{"href":"https:\/\/www.kalvottajat.fi\/suntek\/wp-json\/wp\/v2\/pages"}],"about":[{"href":"https:\/\/www.kalvottajat.fi\/suntek\/wp-json\/wp\/v2\/types\/page"}],"author":[{"embeddable":true,"href":"https:\/\/www.kalvottajat.fi\/suntek\/wp-json\/wp\/v2\/users\/1"}],"replies":[{"embeddable":true,"href":"https:\/\/www.kalvottajat.fi\/suntek\/wp-json\/wp\/v2\/comments?post=188"}],"version-history":[{"count":16,"href":"https:\/\/www.kalvottajat.fi\/suntek\/wp-json\/wp\/v2\/pages\/188\/revisions"}],"predecessor-version":[{"id":1316,"href":"https:\/\/www.kalvottajat.fi\/suntek\/wp-json\/wp\/v2\/pages\/188\/revisions\/1316"}],"up":[{"embeddable":true,"href":"https:\/\/www.kalvottajat.fi\/suntek\/wp-json\/wp\/v2\/pages\/41"}],"wp:attachment":[{"href":"https:\/\/www.kalvottajat.fi\/suntek\/wp-json\/wp\/v2\/media?parent=188"}],"curies":[{"name":"wp","href":"https:\/\/api.w.org\/{rel}","templated":true}]}}