{"id":150,"date":"2024-01-22T15:10:59","date_gmt":"2024-01-22T15:10:59","guid":{"rendered":"https:\/\/www.kalvottajat.fi\/suntek\/?page_id=150"},"modified":"2024-02-02T10:17:48","modified_gmt":"2024-02-02T10:17:48","slug":"kalvot-veneisiin","status":"publish","type":"page","link":"https:\/\/www.kalvottajat.fi\/suntek\/kalvot-veneisiin\/","title":{"rendered":"Kalvot veneisiin"},"content":{"rendered":"\t\t<div data-elementor-type=\"wp-page\" data-elementor-id=\"150\" class=\"elementor elementor-150\" data-elementor-post-type=\"page\">\n\t\t\t\t<div class=\"elementor-element elementor-element-4f6441f e-flex e-con-boxed e-con e-parent\" data-id=\"4f6441f\" data-element_type=\"container\" data-settings=\"{&quot;background_background&quot;:&quot;classic&quot;}\">\n\t\t\t\t\t<div class=\"e-con-inner\">\n\t\t<div class=\"elementor-element elementor-element-e518f6e e-con-full e-flex e-con e-child\" data-id=\"e518f6e\" data-element_type=\"container\" data-settings=\"{&quot;background_background&quot;:&quot;classic&quot;}\">\n\t\t\t\t<div class=\"elementor-element elementor-element-959fc7c elementor-widget elementor-widget-heading\" data-id=\"959fc7c\" data-element_type=\"widget\" data-widget_type=\"heading.default\">\n\t\t\t\t<div class=\"elementor-widget-container\">\n\t\t\t\t\t<h1 class=\"elementor-heading-title elementor-size-default\">SUojaa UV-s\u00e4teily\u00e4 ja kovia olosuhteita vastaan Suntek venekalvoilla<\/h1>\t\t\t\t<\/div>\n\t\t\t\t<\/div>\n\t\t\t\t<\/div>\n\t\t<div class=\"elementor-element elementor-element-f99c7d4 e-con-full e-flex e-con e-child\" data-id=\"f99c7d4\" data-element_type=\"container\">\n\t\t\t\t<\/div>\n\t\t\t\t\t<\/div>\n\t\t\t\t<\/div>\n\t\t<div class=\"elementor-element elementor-element-6662b44 e-flex e-con-boxed e-con e-parent\" data-id=\"6662b44\" data-element_type=\"container\">\n\t\t\t\t\t<div class=\"e-con-inner\">\n\t\t<div class=\"elementor-element elementor-element-9943ed6 e-con-full e-flex e-con e-child\" data-id=\"9943ed6\" data-element_type=\"container\">\n\t\t\t\t<div class=\"elementor-element elementor-element-bb32dbb elementor-widget elementor-widget-image\" data-id=\"bb32dbb\" data-element_type=\"widget\" data-widget_type=\"image.default\">\n\t\t\t\t<div class=\"elementor-widget-container\">\n\t\t\t\t\t\t\t\t\t\t\t\t\t\t\t<img fetchpriority=\"high\" decoding=\"async\" width=\"800\" height=\"169\" src=\"https:\/\/www.kalvottajat.fi\/suntek\/wp-content\/uploads\/2023\/05\/SunTek-Logo.png\" class=\"attachment-large size-large wp-image-59\" alt=\"SunTek Logo One-Pro\" srcset=\"https:\/\/www.kalvottajat.fi\/suntek\/wp-content\/uploads\/2023\/05\/SunTek-Logo.png 800w, https:\/\/www.kalvottajat.fi\/suntek\/wp-content\/uploads\/2023\/05\/SunTek-Logo-300x63.png 300w, https:\/\/www.kalvottajat.fi\/suntek\/wp-content\/uploads\/2023\/05\/SunTek-Logo-768x162.png 768w\" sizes=\"(max-width: 800px) 100vw, 800px\" \/>\t\t\t\t\t\t\t\t\t\t\t\t\t\t\t<\/div>\n\t\t\t\t<\/div>\n\t\t\t\t<div class=\"elementor-element elementor-element-59a1def elementor-widget elementor-widget-text-editor\" data-id=\"59a1def\" data-element_type=\"widget\" data-widget_type=\"text-editor.default\">\n\t\t\t\t<div class=\"elementor-widget-container\">\n\t\t\t\t\t\t\t\t\t<p style=\"font-weight: 400;\">Anna veneellesi parasta suojaa ja tyyli\u00e4 SunTek tummennus- ja PPF-suojakalvoilla. Tummennuskalvot eiv\u00e4t ainoastaan est\u00e4 auringon l\u00e4mp\u00f6\u00e4 ja UV-s\u00e4teily\u00e4, vaan ne my\u00f6s lis\u00e4\u00e4v\u00e4t yksityisyytt\u00e4si. PPF-kalvo puolestaan suojaa veneesi pintoja kovilta olosuhteilta, hiertymilt\u00e4, naarmuilta ja UV-s\u00e4teilylt\u00e4.<\/p>\t\t\t\t\t\t\t\t<\/div>\n\t\t\t\t<\/div>\n\t\t\t\t<\/div>\n\t\t<div class=\"elementor-element elementor-element-b85472f e-con-full e-flex e-con e-child\" data-id=\"b85472f\" data-element_type=\"container\">\n\t\t\t\t<div class=\"elementor-element elementor-element-482ac3f elementor-widget elementor-widget-text-editor\" data-id=\"482ac3f\" data-element_type=\"widget\" data-widget_type=\"text-editor.default\">\n\t\t\t\t<div class=\"elementor-widget-container\">\n\t\t\t\t\t\t\t\t\t<p>Eastman Performance Films on valmistanut alan johtavia SunTek ajoneuvo- ja kiinteist\u00f6kalvoja jo yli 65 vuoden ajan. Eastman ty\u00f6llist\u00e4\u00e4 14500 ihmist\u00e4 ymp\u00e4ri maailman ja palvelee asiakkaitaan yli 100 eri maassa, mik\u00e4 tekee yrityksest\u00e4 yhden maailman suurimmista kalvovalmistajista. Lue tarkempi <a href=\"https:\/\/www.kalvottajat.fi\/suntek\/yritysesittely\/\">yritysesittely<\/a>.<\/p><p>Oy One-Pro Ab on SunTek:in virallinen maahantuoja Suomessa, ja tarjoaa markkinoille koko SunTek:in kalvovalikoiman veneisiin, autoihin ja \u00a0kiinteist\u00f6ihin. Varastoimme tuotteet Suomessa, jotta voimme taata nopeimman mahdollisen palvelun kaikille SunTek j\u00e4lleenmyyjille ymp\u00e4ri Suomen.<\/p>\t\t\t\t\t\t\t\t<\/div>\n\t\t\t\t<\/div>\n\t\t\t\t<\/div>\n\t\t\t\t\t<\/div>\n\t\t\t\t<\/div>\n\t\t<div class=\"elementor-element elementor-element-2b5212f e-flex e-con-boxed e-con e-parent\" data-id=\"2b5212f\" data-element_type=\"container\">\n\t\t\t\t\t<div class=\"e-con-inner\">\n\t\t<div class=\"elementor-element elementor-element-ab01e1c e-con-full e-flex e-con e-child\" data-id=\"ab01e1c\" data-element_type=\"container\">\n\t\t\t\t<div class=\"elementor-element elementor-element-d1bc53a elementor-cta--layout-image-above elementor-cta--skin-classic elementor-animated-content elementor-widget elementor-widget-call-to-action\" data-id=\"d1bc53a\" data-element_type=\"widget\" data-widget_type=\"call-to-action.default\">\n\t\t\t\t<div class=\"elementor-widget-container\">\n\t\t\t\t\t\t\t<a class=\"elementor-cta\" href=\"https:\/\/www.kalvottajat.fi\/suntek\/kalvot-veneisiin\/tummennuskalvot-veneisiin\/\">\n\t\t\t\t\t<div class=\"elementor-cta__bg-wrapper\">\n\t\t\t\t<div class=\"elementor-cta__bg elementor-bg\" style=\"background-image: url(https:\/\/www.kalvottajat.fi\/suntek\/wp-content\/uploads\/2024\/01\/One-Pro-Suntek-tummennuskalvot-veneisiin-1024x804.jpg);\" role=\"img\" aria-label=\"One-Pro Suntek tummennuskalvot veneisiin\"><\/div>\n\t\t\t\t<div class=\"elementor-cta__bg-overlay\"><\/div>\n\t\t\t<\/div>\n\t\t\t\t\t\t\t<div class=\"elementor-cta__content\">\n\t\t\t\t\n\t\t\t\t\t\t\t\t\t<h2 class=\"elementor-cta__title elementor-cta__content-item elementor-content-item\">\n\t\t\t\t\t\tTummennuskalvot\t\t\t\t\t<\/h2>\n\t\t\t\t\n\t\t\t\t\n\t\t\t\t\t\t\t<\/div>\n\t\t\t\t\t\t<\/a>\n\t\t\t\t\t\t<\/div>\n\t\t\t\t<\/div>\n\t\t\t\t<\/div>\n\t\t<div class=\"elementor-element elementor-element-c210ca6 e-con-full e-flex e-con e-child\" data-id=\"c210ca6\" data-element_type=\"container\">\n\t\t\t\t<div class=\"elementor-element elementor-element-3f999e6 elementor-cta--layout-image-above elementor-cta--skin-classic elementor-animated-content elementor-widget elementor-widget-call-to-action\" data-id=\"3f999e6\" data-element_type=\"widget\" data-widget_type=\"call-to-action.default\">\n\t\t\t\t<div class=\"elementor-widget-container\">\n\t\t\t\t\t\t\t<a class=\"elementor-cta\" href=\"https:\/\/www.kalvottajat.fi\/suntek\/kalvot-veneisiin\/ppf-suojakalvot-veneisiin\/\">\n\t\t\t\t\t<div class=\"elementor-cta__bg-wrapper\">\n\t\t\t\t<div class=\"elementor-cta__bg elementor-bg\" style=\"background-image: url(https:\/\/www.kalvottajat.fi\/suntek\/wp-content\/uploads\/2024\/01\/One-Pro-Suntek-ppf-suojakalvot-veneisiin-1024x768.jpg);\" role=\"img\" aria-label=\"One-Pro Suntek ppf suojakalvot veneisiin\"><\/div>\n\t\t\t\t<div class=\"elementor-cta__bg-overlay\"><\/div>\n\t\t\t<\/div>\n\t\t\t\t\t\t\t<div class=\"elementor-cta__content\">\n\t\t\t\t\n\t\t\t\t\t\t\t\t\t<h2 class=\"elementor-cta__title elementor-cta__content-item elementor-content-item\">\n\t\t\t\t\t\tPPF suojakalvot\t\t\t\t\t<\/h2>\n\t\t\t\t\n\t\t\t\t\n\t\t\t\t\t\t\t<\/div>\n\t\t\t\t\t\t<\/a>\n\t\t\t\t\t\t<\/div>\n\t\t\t\t<\/div>\n\t\t\t\t<\/div>\n\t\t<div class=\"elementor-element elementor-element-8c9c867 e-con-full e-flex e-con e-child\" data-id=\"8c9c867\" data-element_type=\"container\">\n\t\t\t\t<div class=\"elementor-element elementor-element-1b90e79 elementor-cta--layout-image-above elementor-cta--skin-classic elementor-animated-content elementor-widget elementor-widget-call-to-action\" data-id=\"1b90e79\" data-element_type=\"widget\" data-widget_type=\"call-to-action.default\">\n\t\t\t\t<div class=\"elementor-widget-container\">\n\t\t\t\t\t\t\t<a class=\"elementor-cta\" href=\"https:\/\/www.kalvottajat.fi\/suntek\/kalvot-veneisiin\/murtosuojakalvot-veneisiin\/\">\n\t\t\t\t\t<div class=\"elementor-cta__bg-wrapper\">\n\t\t\t\t<div class=\"elementor-cta__bg elementor-bg\" style=\"background-image: url(https:\/\/www.kalvottajat.fi\/suntek\/wp-content\/uploads\/2024\/01\/One-Pro-Suntek-murtosuojakalvot-veneisiin-1024x680.jpg);\" role=\"img\" aria-label=\"One-Pro Suntek murtosuojakalvot veneisiin\"><\/div>\n\t\t\t\t<div class=\"elementor-cta__bg-overlay\"><\/div>\n\t\t\t<\/div>\n\t\t\t\t\t\t\t<div class=\"elementor-cta__content\">\n\t\t\t\t\n\t\t\t\t\t\t\t\t\t<h2 class=\"elementor-cta__title elementor-cta__content-item elementor-content-item\">\n\t\t\t\t\t\tMurtosuojakalvot\t\t\t\t\t<\/h2>\n\t\t\t\t\n\t\t\t\t\n\t\t\t\t\t\t\t<\/div>\n\t\t\t\t\t\t<\/a>\n\t\t\t\t\t\t<\/div>\n\t\t\t\t<\/div>\n\t\t\t\t<\/div>\n\t\t\t\t\t<\/div>\n\t\t\t\t<\/div>\n\t\t<div class=\"elementor-element elementor-element-0f8f69c e-flex e-con-boxed e-con e-parent\" data-id=\"0f8f69c\" data-element_type=\"container\" data-settings=\"{&quot;background_background&quot;:&quot;classic&quot;}\">\n\t\t\t\t\t<div class=\"e-con-inner\">\n\t\t<div class=\"elementor-element elementor-element-5efaf5b e-con-full e-flex e-con e-child\" data-id=\"5efaf5b\" data-element_type=\"container\">\n\t\t\t\t<div class=\"elementor-element elementor-element-30b20ea elementor-widget elementor-widget-heading\" data-id=\"30b20ea\" data-element_type=\"widget\" data-widget_type=\"heading.default\">\n\t\t\t\t<div class=\"elementor-widget-container\">\n\t\t\t\t\t<h2 class=\"elementor-heading-title elementor-size-default\">Koulutukset<\/h2>\t\t\t\t<\/div>\n\t\t\t\t<\/div>\n\t\t\t\t<\/div>\n\t\t<div class=\"elementor-element elementor-element-32a752a e-con-full e-flex e-con e-child\" data-id=\"32a752a\" data-element_type=\"container\">\n\t\t\t\t<div class=\"elementor-element elementor-element-937dffe elementor-widget elementor-widget-text-editor\" data-id=\"937dffe\" data-element_type=\"widget\" data-widget_type=\"text-editor.default\">\n\t\t\t\t<div class=\"elementor-widget-container\">\n\t\t\t\t\t\t\t\t\t<p>Me koulutamme j\u00e4lleenmyyj\u00e4mme. Oletko uusi alalla vai jo kokeneempi kalvottaja? Tule oppimaan nopeammaksi kalvottajaksi tai harjoittelemaan pintojen suojaamista PPF suojakalvoilla. J\u00e4rjest\u00e4mme r\u00e4\u00e4t\u00e4l\u00f6idyt kalvotuskoulutukset edullisesti. <a href=\"https:\/\/www.kalvottajat.fi\/suntek\/yhteystiedot\/\">Ota yhteytt\u00e4<\/a> ja kysy lis\u00e4\u00e4.\u00a0<\/p>\t\t\t\t\t\t\t\t<\/div>\n\t\t\t\t<\/div>\n\t\t\t\t<div class=\"elementor-element elementor-element-b2d6107 elementor-widget elementor-widget-button\" data-id=\"b2d6107\" data-element_type=\"widget\" data-widget_type=\"button.default\">\n\t\t\t\t<div class=\"elementor-widget-container\">\n\t\t\t\t\t\t\t\t\t<div class=\"elementor-button-wrapper\">\n\t\t\t\t\t<a class=\"elementor-button elementor-button-link elementor-size-sm elementor-animation-grow\" href=\"https:\/\/www.kalvottajat.fi\/suntek\/koulutukset\/\">\n\t\t\t\t\t\t<span class=\"elementor-button-content-wrapper\">\n\t\t\t\t\t\t\t\t\t<span class=\"elementor-button-text\">Lue lis\u00e4\u00e4<\/span>\n\t\t\t\t\t<\/span>\n\t\t\t\t\t<\/a>\n\t\t\t\t<\/div>\n\t\t\t\t\t\t\t\t<\/div>\n\t\t\t\t<\/div>\n\t\t\t\t<\/div>\n\t\t\t\t\t<\/div>\n\t\t\t\t<\/div>\n\t\t<div class=\"elementor-element elementor-element-88eddcf e-flex e-con-boxed e-con e-parent\" data-id=\"88eddcf\" data-element_type=\"container\">\n\t\t\t\t\t<div class=\"e-con-inner\">\n\t\t<div class=\"elementor-element elementor-element-4482b62 e-con-full e-flex e-con e-child\" data-id=\"4482b62\" data-element_type=\"container\" data-settings=\"{&quot;background_background&quot;:&quot;classic&quot;}\">\n\t\t<div class=\"elementor-element elementor-element-29eec3c e-flex e-con-boxed e-con e-child\" data-id=\"29eec3c\" data-element_type=\"container\">\n\t\t\t\t\t<div class=\"e-con-inner\">\n\t\t\t\t<div class=\"elementor-element elementor-element-7984ee2 elementor-align-center elementor-widget elementor-widget-button\" data-id=\"7984ee2\" data-element_type=\"widget\" data-widget_type=\"button.default\">\n\t\t\t\t<div class=\"elementor-widget-container\">\n\t\t\t\t\t\t\t\t\t<div class=\"elementor-button-wrapper\">\n\t\t\t\t\t<a class=\"elementor-button elementor-button-link elementor-size-sm elementor-animation-grow\" href=\"https:\/\/www.kalvottajat.fi\/suntek\/yritysesittely\/\">\n\t\t\t\t\t\t<span class=\"elementor-button-content-wrapper\">\n\t\t\t\t\t\t\t\t\t<span class=\"elementor-button-text\">Yritysesittely<\/span>\n\t\t\t\t\t<\/span>\n\t\t\t\t\t<\/a>\n\t\t\t\t<\/div>\n\t\t\t\t\t\t\t\t<\/div>\n\t\t\t\t<\/div>\n\t\t\t\t\t<\/div>\n\t\t\t\t<\/div>\n\t\t<div class=\"elementor-element elementor-element-89d47c7 e-flex e-con-boxed e-con e-child\" data-id=\"89d47c7\" data-element_type=\"container\">\n\t\t\t\t\t<div class=\"e-con-inner\">\n\t\t\t\t\t<\/div>\n\t\t\t\t<\/div>\n\t\t\t\t<\/div>\n\t\t<div class=\"elementor-element elementor-element-0321b3c e-con-full e-flex e-con e-child\" data-id=\"0321b3c\" data-element_type=\"container\" data-settings=\"{&quot;background_background&quot;:&quot;classic&quot;}\">\n\t\t\t\t<div class=\"elementor-element elementor-element-dfd1884 elementor-widget elementor-widget-image\" data-id=\"dfd1884\" data-element_type=\"widget\" data-widget_type=\"image.default\">\n\t\t\t\t<div class=\"elementor-widget-container\">\n\t\t\t\t\t\t\t\t\t\t\t\t\t\t\t<img decoding=\"async\" width=\"284\" height=\"376\" src=\"https:\/\/www.kalvottajat.fi\/suntek\/wp-content\/uploads\/2024\/01\/skin-cancer-foundation-recommended-logo-e1706192626417.jpg\" class=\"attachment-large size-large wp-image-489\" alt=\"skin-cancer-foundation-recommended-logo\" srcset=\"https:\/\/www.kalvottajat.fi\/suntek\/wp-content\/uploads\/2024\/01\/skin-cancer-foundation-recommended-logo-e1706192626417.jpg 284w, https:\/\/www.kalvottajat.fi\/suntek\/wp-content\/uploads\/2024\/01\/skin-cancer-foundation-recommended-logo-e1706192626417-227x300.jpg 227w\" sizes=\"(max-width: 284px) 100vw, 284px\" \/>\t\t\t\t\t\t\t\t\t\t\t\t\t\t\t<\/div>\n\t\t\t\t<\/div>\n\t\t\t\t<div class=\"elementor-element elementor-element-6239157 elementor-widget elementor-widget-text-editor\" data-id=\"6239157\" data-element_type=\"widget\" data-widget_type=\"text-editor.default\">\n\t\t\t\t<div class=\"elementor-widget-container\">\n\t\t\t\t\t\t\t\t\t<p style=\"font-weight: 400; text-align: center;\">The Skin Cancer Foundationin Suositus<\/p><p style=\"font-weight: 400; text-align: center;\">Tuotteemme, joilla on yli 99 % UV-suoja (300-380 nm), ovat saaneet The Skin Cancer Foundationin Suosituksen.<\/p>\t\t\t\t\t\t\t\t<\/div>\n\t\t\t\t<\/div>\n\t\t\t\t<\/div>\n\t\t\t\t\t<\/div>\n\t\t\t\t<\/div>\n\t\t<div class=\"elementor-element elementor-element-adf97fe e-flex e-con-boxed e-con e-parent\" data-id=\"adf97fe\" data-element_type=\"container\">\n\t\t\t\t\t<div class=\"e-con-inner\">\n\t\t<div class=\"elementor-element elementor-element-4c3c3cf e-con-full e-flex e-con e-child\" data-id=\"4c3c3cf\" data-element_type=\"container\">\n\t\t\t\t<div class=\"elementor-element elementor-element-a263891 elementor-widget elementor-widget-text-editor\" data-id=\"a263891\" data-element_type=\"widget\" data-widget_type=\"text-editor.default\">\n\t\t\t\t<div class=\"elementor-widget-container\">\n\t\t\t\t\t\t\t\t\t<p>Ota <span style=\"color: #243474;\">yhteytt\u00e4<\/span><\/p>\t\t\t\t\t\t\t\t<\/div>\n\t\t\t\t<\/div>\n\t\t\t\t<\/div>\n\t\t<div class=\"elementor-element elementor-element-fea8802 e-con-full e-flex e-con e-child\" data-id=\"fea8802\" data-element_type=\"container\">\n\t\t\t\t<div class=\"elementor-element elementor-element-e4ed956 elementor-button-align-stretch elementor-widget elementor-widget-form\" data-id=\"e4ed956\" data-element_type=\"widget\" data-settings=\"{&quot;step_next_label&quot;:&quot;Next&quot;,&quot;step_previous_label&quot;:&quot;Previous&quot;,&quot;button_width&quot;:&quot;100&quot;,&quot;step_type&quot;:&quot;number_text&quot;,&quot;step_icon_shape&quot;:&quot;circle&quot;}\" data-widget_type=\"form.default\">\n\t\t\t\t<div class=\"elementor-widget-container\">\n\t\t\t\t\t\t\t<form class=\"elementor-form\" method=\"post\" name=\"Suntek yhteydenottolomake\">\n\t\t\t<input type=\"hidden\" name=\"post_id\" value=\"150\"\/>\n\t\t\t<input type=\"hidden\" name=\"form_id\" value=\"e4ed956\"\/>\n\t\t\t<input type=\"hidden\" name=\"referer_title\" value=\"\" \/>\n\n\t\t\t\n\t\t\t<div class=\"elementor-form-fields-wrapper elementor-labels-\">\n\t\t\t\t\t\t\t\t<div class=\"elementor-field-type-text elementor-field-group elementor-column elementor-field-group-name elementor-col-100 elementor-field-required\">\n\t\t\t\t\t\t\t\t\t\t\t\t<label for=\"form-field-name\" class=\"elementor-field-label elementor-screen-only\">\n\t\t\t\t\t\t\t\tNimi\t\t\t\t\t\t\t<\/label>\n\t\t\t\t\t\t\t\t\t\t\t\t\t\t<input size=\"1\" type=\"text\" name=\"form_fields[name]\" id=\"form-field-name\" class=\"elementor-field elementor-size-lg  elementor-field-textual\" placeholder=\"Nimi\" required=\"required\" aria-required=\"true\">\n\t\t\t\t\t\t\t\t\t\t\t<\/div>\n\t\t\t\t\t\t\t\t<div class=\"elementor-field-type-email elementor-field-group elementor-column elementor-field-group-email elementor-col-100 elementor-field-required\">\n\t\t\t\t\t\t\t\t\t\t\t\t<label for=\"form-field-email\" class=\"elementor-field-label elementor-screen-only\">\n\t\t\t\t\t\t\t\tS\u00e4hk\u00f6posti\t\t\t\t\t\t\t<\/label>\n\t\t\t\t\t\t\t\t\t\t\t\t\t\t<input size=\"1\" type=\"email\" name=\"form_fields[email]\" id=\"form-field-email\" class=\"elementor-field elementor-size-lg  elementor-field-textual\" placeholder=\"S\u00e4hk\u00f6posti\" required=\"required\" aria-required=\"true\">\n\t\t\t\t\t\t\t\t\t\t\t<\/div>\n\t\t\t\t\t\t\t\t<div class=\"elementor-field-type-tel elementor-field-group elementor-column elementor-field-group-field_38e1166 elementor-col-100 elementor-field-required\">\n\t\t\t\t\t\t\t\t\t\t\t\t<label for=\"form-field-field_38e1166\" class=\"elementor-field-label elementor-screen-only\">\n\t\t\t\t\t\t\t\tPuhelinnumero\t\t\t\t\t\t\t<\/label>\n\t\t\t\t\t\t\t\t<input size=\"1\" type=\"tel\" name=\"form_fields[field_38e1166]\" id=\"form-field-field_38e1166\" class=\"elementor-field elementor-size-lg  elementor-field-textual\" placeholder=\"Puhelinnumero\" required=\"required\" aria-required=\"true\" pattern=\"[0-9()#&amp;+*-=.]+\" title=\"Only numbers and phone characters (#, -, *, etc) are accepted.\">\n\n\t\t\t\t\t\t<\/div>\n\t\t\t\t\t\t\t\t<div class=\"elementor-field-type-textarea elementor-field-group elementor-column elementor-field-group-message elementor-col-100 elementor-field-required\">\n\t\t\t\t\t\t\t\t\t\t\t\t<label for=\"form-field-message\" class=\"elementor-field-label elementor-screen-only\">\n\t\t\t\t\t\t\t\tViesti\t\t\t\t\t\t\t<\/label>\n\t\t\t\t\t\t<textarea class=\"elementor-field-textual elementor-field  elementor-size-lg\" name=\"form_fields[message]\" id=\"form-field-message\" rows=\"4\" placeholder=\"Viesti\" required=\"required\" aria-required=\"true\"><\/textarea>\t\t\t\t<\/div>\n\t\t\t\t\t\t\t\t<div class=\"elementor-field-type-checkbox elementor-field-group elementor-column elementor-field-group-field_b28609a elementor-col-100\">\n\t\t\t\t\t\t\t\t\t\t\t\t<label for=\"form-field-field_b28609a\" class=\"elementor-field-label elementor-screen-only\">\n\t\t\t\t\t\t\t\tOlen kiinnostunut\t\t\t\t\t\t\t<\/label>\n\t\t\t\t\t\t<div class=\"elementor-field-subgroup  elementor-subgroup-inline\"><span class=\"elementor-field-option\"><input type=\"checkbox\" value=\"SunTek-kalvojen j\u00e4lleenmyynnist\u00e4\" id=\"form-field-field_b28609a-0\" name=\"form_fields[field_b28609a][]\"> <label for=\"form-field-field_b28609a-0\">SunTek-kalvojen j\u00e4lleenmyynnist\u00e4<\/label><\/span><span class=\"elementor-field-option\"><input type=\"checkbox\" value=\"Kalvokoulutuksesta\" id=\"form-field-field_b28609a-1\" name=\"form_fields[field_b28609a][]\"> <label for=\"form-field-field_b28609a-1\">Kalvokoulutuksesta<\/label><\/span><span class=\"elementor-field-option\"><input type=\"checkbox\" value=\"SunTek Core leikkausohjelmistosta\" id=\"form-field-field_b28609a-2\" name=\"form_fields[field_b28609a][]\"> <label for=\"form-field-field_b28609a-2\">SunTek Core leikkausohjelmistosta<\/label><\/span><span class=\"elementor-field-option\"><input type=\"checkbox\" value=\"Jostain muusta\" id=\"form-field-field_b28609a-3\" name=\"form_fields[field_b28609a][]\"> <label for=\"form-field-field_b28609a-3\">Jostain muusta<\/label><\/span><\/div>\t\t\t\t<\/div>\n\t\t\t\t\t\t\t\t<div class=\"elementor-field-type-recaptcha_v3 elementor-field-group elementor-column elementor-field-group-field_88d3646 elementor-col-100 recaptcha_v3-inline\">\n\t\t\t\t\t<div class=\"elementor-field\" id=\"form-field-field_88d3646\"><div class=\"elementor-g-recaptcha\" data-sitekey=\"6Lfo-WApAAAAAIHCCQ7N00GvyzDsXyLNOdL1zR6f\" data-type=\"v3\" data-action=\"Form\" data-badge=\"inline\" data-size=\"invisible\"><\/div><\/div>\t\t\t\t<\/div>\n\t\t\t\t\t\t\t\t<div class=\"elementor-field-group elementor-column elementor-field-type-submit elementor-col-100 e-form__buttons\">\n\t\t\t\t\t<button type=\"submit\" class=\"elementor-button elementor-size-lg\">\n\t\t\t\t\t\t<span >\n\t\t\t\t\t\t\t\t\t\t\t\t\t\t\t<span class=\" elementor-button-icon\">\n\t\t\t\t\t\t\t\t\t\t\t\t\t\t\t\t\t\t\t\t\t\t\t\t\t\t<\/span>\n\t\t\t\t\t\t\t\t\t\t\t\t\t\t\t\t\t\t\t\t\t\t<span class=\"elementor-button-text\">L\u00e4het\u00e4<\/span>\n\t\t\t\t\t\t\t\t\t\t\t\t\t<\/span>\n\t\t\t\t\t<\/button>\n\t\t\t\t<\/div>\n\t\t\t<\/div>\n\t\t<\/form>\n\t\t\t\t\t\t<\/div>\n\t\t\t\t<\/div>\n\t\t\t\t<\/div>\n\t\t\t\t\t<\/div>\n\t\t\t\t<\/div>\n\t\t\t\t<\/div>\n\t\t","protected":false},"excerpt":{"rendered":"<p>SUojaa UV-s\u00e4teily\u00e4 ja kovia olosuhteita vastaan Suntek venekalvoilla Anna veneellesi parasta suojaa ja tyyli\u00e4 SunTek tummennus- ja PPF-suojakalvoilla. Tummennuskalvot eiv\u00e4t ainoastaan est\u00e4 auringon l\u00e4mp\u00f6\u00e4 ja UV-s\u00e4teily\u00e4, vaan ne my\u00f6s lis\u00e4\u00e4v\u00e4t yksityisyytt\u00e4si. PPF-kalvo puolestaan suojaa veneesi pintoja kovilta olosuhteilta, hiertymilt\u00e4, naarmuilta ja UV-s\u00e4teilylt\u00e4. Eastman Performance Films on valmistanut alan johtavia SunTek ajoneuvo- ja kiinteist\u00f6kalvoja jo yli [&hellip;]<\/p>\n","protected":false},"author":1,"featured_media":0,"parent":0,"menu_order":0,"comment_status":"closed","ping_status":"closed","template":"elementor_header_footer","meta":{"footnotes":""},"_links":{"self":[{"href":"https:\/\/www.kalvottajat.fi\/suntek\/wp-json\/wp\/v2\/pages\/150"}],"collection":[{"href":"https:\/\/www.kalvottajat.fi\/suntek\/wp-json\/wp\/v2\/pages"}],"about":[{"href":"https:\/\/www.kalvottajat.fi\/suntek\/wp-json\/wp\/v2\/types\/page"}],"author":[{"embeddable":true,"href":"https:\/\/www.kalvottajat.fi\/suntek\/wp-json\/wp\/v2\/users\/1"}],"replies":[{"embeddable":true,"href":"https:\/\/www.kalvottajat.fi\/suntek\/wp-json\/wp\/v2\/comments?post=150"}],"version-history":[{"count":25,"href":"https:\/\/www.kalvottajat.fi\/suntek\/wp-json\/wp\/v2\/pages\/150\/revisions"}],"predecessor-version":[{"id":1307,"href":"https:\/\/www.kalvottajat.fi\/suntek\/wp-json\/wp\/v2\/pages\/150\/revisions\/1307"}],"wp:attachment":[{"href":"https:\/\/www.kalvottajat.fi\/suntek\/wp-json\/wp\/v2\/media?parent=150"}],"curies":[{"name":"wp","href":"https:\/\/api.w.org\/{rel}","templated":true}]}}