{"id":13,"date":"2023-05-25T06:47:22","date_gmt":"2023-05-25T06:47:22","guid":{"rendered":"https:\/\/www.kalvottajat.fi\/suntek\/?page_id=13"},"modified":"2024-02-02T10:18:20","modified_gmt":"2024-02-02T10:18:20","slug":"etusivu","status":"publish","type":"page","link":"https:\/\/www.kalvottajat.fi\/suntek\/","title":{"rendered":"Etusivu"},"content":{"rendered":"\t\t<div data-elementor-type=\"wp-page\" data-elementor-id=\"13\" class=\"elementor elementor-13\" data-elementor-post-type=\"page\">\n\t\t\t\t<div class=\"elementor-element elementor-element-a78faaf e-flex e-con-boxed e-con e-parent\" data-id=\"a78faaf\" data-element_type=\"container\" data-settings=\"{&quot;background_background&quot;:&quot;classic&quot;}\">\n\t\t\t\t\t<div class=\"e-con-inner\">\n\t\t<div class=\"elementor-element elementor-element-39e6b2e e-con-full e-flex e-con e-child\" data-id=\"39e6b2e\" data-element_type=\"container\" data-settings=\"{&quot;background_background&quot;:&quot;classic&quot;}\">\n\t\t\t\t<div class=\"elementor-element elementor-element-31c7701 elementor-widget elementor-widget-heading\" data-id=\"31c7701\" data-element_type=\"widget\" data-widget_type=\"heading.default\">\n\t\t\t\t<div class=\"elementor-widget-container\">\n\t\t\t\t\t<h1 class=\"elementor-heading-title elementor-size-default\">Tyyli\u00e4, suojaa ja mukavuutta<br> SunTek autokalvoilla<\/h1>\t\t\t\t<\/div>\n\t\t\t\t<\/div>\n\t\t\t\t<div class=\"elementor-element elementor-element-c9b5b8e elementor-widget elementor-widget-button\" data-id=\"c9b5b8e\" data-element_type=\"widget\" data-widget_type=\"button.default\">\n\t\t\t\t<div class=\"elementor-widget-container\">\n\t\t\t\t\t\t\t\t\t<div class=\"elementor-button-wrapper\">\n\t\t\t\t\t<a class=\"elementor-button elementor-button-link elementor-size-sm elementor-animation-grow\" href=\"https:\/\/www.kalvottajat.fi\/suntek\/autokalvot\/\">\n\t\t\t\t\t\t<span class=\"elementor-button-content-wrapper\">\n\t\t\t\t\t\t\t\t\t<span class=\"elementor-button-text\">Tutustu autokalvoihin<\/span>\n\t\t\t\t\t<\/span>\n\t\t\t\t\t<\/a>\n\t\t\t\t<\/div>\n\t\t\t\t\t\t\t\t<\/div>\n\t\t\t\t<\/div>\n\t\t\t\t<\/div>\n\t\t<div class=\"elementor-element elementor-element-629ea80 e-con-full e-flex e-con e-child\" data-id=\"629ea80\" data-element_type=\"container\">\n\t\t\t\t<\/div>\n\t\t\t\t\t<\/div>\n\t\t\t\t<\/div>\n\t\t<div class=\"elementor-element elementor-element-8c407de e-flex e-con-boxed e-con e-parent\" data-id=\"8c407de\" data-element_type=\"container\" data-settings=\"{&quot;background_background&quot;:&quot;classic&quot;}\">\n\t\t\t\t\t<div class=\"e-con-inner\">\n\t\t<div class=\"elementor-element elementor-element-34b60de e-con-full e-flex e-con e-child\" data-id=\"34b60de\" data-element_type=\"container\">\n\t\t\t\t<\/div>\n\t\t<div class=\"elementor-element elementor-element-aa78450 e-con-full e-flex e-con e-child\" data-id=\"aa78450\" data-element_type=\"container\" data-settings=\"{&quot;background_background&quot;:&quot;classic&quot;}\">\n\t\t\t\t<div class=\"elementor-element elementor-element-33370b9 elementor-widget elementor-widget-heading\" data-id=\"33370b9\" data-element_type=\"widget\" data-widget_type=\"heading.default\">\n\t\t\t\t<div class=\"elementor-widget-container\">\n\t\t\t\t\t<h1 class=\"elementor-heading-title elementor-size-default\">SUojaa UV-s\u00e4teily\u00e4 ja kovia olosuhteita vastaan<\/h1>\t\t\t\t<\/div>\n\t\t\t\t<\/div>\n\t\t\t\t<div class=\"elementor-element elementor-element-20f263b elementor-widget elementor-widget-button\" data-id=\"20f263b\" data-element_type=\"widget\" data-widget_type=\"button.default\">\n\t\t\t\t<div class=\"elementor-widget-container\">\n\t\t\t\t\t\t\t\t\t<div class=\"elementor-button-wrapper\">\n\t\t\t\t\t<a class=\"elementor-button elementor-button-link elementor-size-sm elementor-animation-grow\" href=\"https:\/\/www.kalvottajat.fi\/suntek\/kalvot-veneisiin\/\">\n\t\t\t\t\t\t<span class=\"elementor-button-content-wrapper\">\n\t\t\t\t\t\t\t\t\t<span class=\"elementor-button-text\">Tutustu venekalvoihin<\/span>\n\t\t\t\t\t<\/span>\n\t\t\t\t\t<\/a>\n\t\t\t\t<\/div>\n\t\t\t\t\t\t\t\t<\/div>\n\t\t\t\t<\/div>\n\t\t\t\t<\/div>\n\t\t\t\t\t<\/div>\n\t\t\t\t<\/div>\n\t\t<div class=\"elementor-element elementor-element-31ad275 e-flex e-con-boxed e-con e-parent\" data-id=\"31ad275\" data-element_type=\"container\" data-settings=\"{&quot;background_background&quot;:&quot;classic&quot;}\">\n\t\t\t\t\t<div class=\"e-con-inner\">\n\t\t<div class=\"elementor-element elementor-element-6f1b82d e-con-full e-flex e-con e-child\" data-id=\"6f1b82d\" data-element_type=\"container\" data-settings=\"{&quot;background_background&quot;:&quot;classic&quot;}\">\n\t\t\t\t<div class=\"elementor-element elementor-element-f1c2494 elementor-widget elementor-widget-heading\" data-id=\"f1c2494\" data-element_type=\"widget\" data-widget_type=\"heading.default\">\n\t\t\t\t<div class=\"elementor-widget-container\">\n\t\t\t\t\t<h1 class=\"elementor-heading-title elementor-size-default\">N\u00e4k\u00f6suojaa, energiatehokkuutta ja mukavuutta. <\/h1>\t\t\t\t<\/div>\n\t\t\t\t<\/div>\n\t\t\t\t<div class=\"elementor-element elementor-element-f6b335b elementor-widget elementor-widget-button\" data-id=\"f6b335b\" data-element_type=\"widget\" data-widget_type=\"button.default\">\n\t\t\t\t<div class=\"elementor-widget-container\">\n\t\t\t\t\t\t\t\t\t<div class=\"elementor-button-wrapper\">\n\t\t\t\t\t<a class=\"elementor-button elementor-button-link elementor-size-sm elementor-animation-grow\" href=\"https:\/\/www.kalvottajat.fi\/suntek\/kiinteistokalvot\/\">\n\t\t\t\t\t\t<span class=\"elementor-button-content-wrapper\">\n\t\t\t\t\t\t\t\t\t<span class=\"elementor-button-text\">Tutustu kiinteist\u00f6kalvoihin<\/span>\n\t\t\t\t\t<\/span>\n\t\t\t\t\t<\/a>\n\t\t\t\t<\/div>\n\t\t\t\t\t\t\t\t<\/div>\n\t\t\t\t<\/div>\n\t\t\t\t<\/div>\n\t\t<div class=\"elementor-element elementor-element-d96a5c6 e-con-full e-flex e-con e-child\" data-id=\"d96a5c6\" data-element_type=\"container\">\n\t\t\t\t<\/div>\n\t\t\t\t\t<\/div>\n\t\t\t\t<\/div>\n\t\t<div class=\"elementor-element elementor-element-8294e3d e-flex e-con-boxed e-con e-parent\" data-id=\"8294e3d\" data-element_type=\"container\">\n\t\t\t\t\t<div class=\"e-con-inner\">\n\t\t<div class=\"elementor-element elementor-element-e886524 e-con-full e-flex e-con e-child\" data-id=\"e886524\" data-element_type=\"container\">\n\t\t\t\t<div class=\"elementor-element elementor-element-9848953 elementor-widget elementor-widget-image\" data-id=\"9848953\" data-element_type=\"widget\" data-widget_type=\"image.default\">\n\t\t\t\t<div class=\"elementor-widget-container\">\n\t\t\t\t\t\t\t\t\t\t\t\t\t\t\t<img fetchpriority=\"high\" decoding=\"async\" width=\"800\" height=\"169\" src=\"https:\/\/www.kalvottajat.fi\/suntek\/wp-content\/uploads\/2023\/05\/SunTek-Logo.png\" class=\"attachment-large size-large wp-image-59\" alt=\"SunTek Logo One-Pro\" srcset=\"https:\/\/www.kalvottajat.fi\/suntek\/wp-content\/uploads\/2023\/05\/SunTek-Logo.png 800w, https:\/\/www.kalvottajat.fi\/suntek\/wp-content\/uploads\/2023\/05\/SunTek-Logo-300x63.png 300w, https:\/\/www.kalvottajat.fi\/suntek\/wp-content\/uploads\/2023\/05\/SunTek-Logo-768x162.png 768w\" sizes=\"(max-width: 800px) 100vw, 800px\" \/>\t\t\t\t\t\t\t\t\t\t\t\t\t\t\t<\/div>\n\t\t\t\t<\/div>\n\t\t\t\t<div class=\"elementor-element elementor-element-dafd44f elementor-widget elementor-widget-text-editor\" data-id=\"dafd44f\" data-element_type=\"widget\" data-widget_type=\"text-editor.default\">\n\t\t\t\t<div class=\"elementor-widget-container\">\n\t\t\t\t\t\t\t\t\t<p style=\"font-weight: 400;\">SunTek tummennuskalvot, PPF maalipinnansuojakalvot ja auringonsuojakalvot ovat varma valinta, autollesi, veneellesi ja kiinteist\u00f6llesi. SunTek ikkunakalvoja on valmistettu jo yli 65 vuoden ajan ja niit\u00e4 myyd\u00e4\u00e4n yli 100 eri maassa. Me One-Pro:lla olemme todenneet SunTekin kalvot markkinoiden parhaiksi ja siksi olemme myyneet niit\u00e4 jo l\u00e4hes 20 vuotta.<\/p>\t\t\t\t\t\t\t\t<\/div>\n\t\t\t\t<\/div>\n\t\t\t\t<\/div>\n\t\t<div class=\"elementor-element elementor-element-6092d6a e-con-full e-flex e-con e-child\" data-id=\"6092d6a\" data-element_type=\"container\">\n\t\t\t\t<div class=\"elementor-element elementor-element-092ea1a elementor-widget elementor-widget-text-editor\" data-id=\"092ea1a\" data-element_type=\"widget\" data-widget_type=\"text-editor.default\">\n\t\t\t\t<div class=\"elementor-widget-container\">\n\t\t\t\t\t\t\t\t\t<h5><strong>Elinik\u00e4inen takuu<\/strong><\/h5><p>SunTek on sitoutunut valmistamaan huippulaadukkaita \u00a0ikkunakalvoja, jotka kest\u00e4v\u00e4t kovatkin olosuhteet. Osoituksena t\u00e4st\u00e4, valmistaja my\u00f6nt\u00e4\u00e4 tuotteilleen v\u00e4hint\u00e4\u00e4n viiden vuoden takuun ja tietyille kalvosarjoille elinik\u00e4isen rajoitetun takuun materiaalivirheit\u00e4 vastaan.<\/p><h5><strong>Kalvoja moneen tarkoitukseen<\/strong><\/h5><p>SunTek tummennuskalvoilla est\u00e4t h\u00e4ik\u00e4isy\u00e4, poistat haitalliset UV-s\u00e4teet ja saat tyyli\u00e4 autollesi tai veneellesi. PPF maalpinnan suojakalvot suojaavat maalipinnan kiveniskemilt\u00e4 ja naarmuuntumiselta. Veneiss\u00e4 suojakalvoa k\u00e4ytet\u00e4\u00e4n suojaamaan pintoja hiertymilt\u00e4 ja ankarilta s\u00e4\u00e4olosuhteilta. Murtosuojakalvoilla suojaat omaisuutesi murroilta ja sirpaleilta.\u00a0<\/p><p>Tervetuloa tutustumaan koko SunTekin kalvovalikoimaan!<\/p>\t\t\t\t\t\t\t\t<\/div>\n\t\t\t\t<\/div>\n\t\t\t\t<\/div>\n\t\t\t\t\t<\/div>\n\t\t\t\t<\/div>\n\t\t\t\t<\/div>\n\t\t","protected":false},"excerpt":{"rendered":"<p>Tyyli\u00e4, suojaa ja mukavuutta SunTek autokalvoilla Tutustu autokalvoihin SUojaa UV-s\u00e4teily\u00e4 ja kovia olosuhteita vastaan Tutustu venekalvoihin N\u00e4k\u00f6suojaa, energiatehokkuutta ja mukavuutta. Tutustu kiinteist\u00f6kalvoihin SunTek tummennuskalvot, PPF maalipinnansuojakalvot ja auringonsuojakalvot ovat varma valinta, autollesi, veneellesi ja kiinteist\u00f6llesi. SunTek ikkunakalvoja on valmistettu jo yli 65 vuoden ajan ja niit\u00e4 myyd\u00e4\u00e4n yli 100 eri maassa. Me One-Pro:lla olemme todenneet [&hellip;]<\/p>\n","protected":false},"author":1,"featured_media":0,"parent":0,"menu_order":0,"comment_status":"closed","ping_status":"closed","template":"elementor_header_footer","meta":{"footnotes":""},"_links":{"self":[{"href":"https:\/\/www.kalvottajat.fi\/suntek\/wp-json\/wp\/v2\/pages\/13"}],"collection":[{"href":"https:\/\/www.kalvottajat.fi\/suntek\/wp-json\/wp\/v2\/pages"}],"about":[{"href":"https:\/\/www.kalvottajat.fi\/suntek\/wp-json\/wp\/v2\/types\/page"}],"author":[{"embeddable":true,"href":"https:\/\/www.kalvottajat.fi\/suntek\/wp-json\/wp\/v2\/users\/1"}],"replies":[{"embeddable":true,"href":"https:\/\/www.kalvottajat.fi\/suntek\/wp-json\/wp\/v2\/comments?post=13"}],"version-history":[{"count":16,"href":"https:\/\/www.kalvottajat.fi\/suntek\/wp-json\/wp\/v2\/pages\/13\/revisions"}],"predecessor-version":[{"id":1310,"href":"https:\/\/www.kalvottajat.fi\/suntek\/wp-json\/wp\/v2\/pages\/13\/revisions\/1310"}],"wp:attachment":[{"href":"https:\/\/www.kalvottajat.fi\/suntek\/wp-json\/wp\/v2\/media?parent=13"}],"curies":[{"name":"wp","href":"https:\/\/api.w.org\/{rel}","templated":true}]}}